{"id":22172,"date":"2026-03-24T12:33:18","date_gmt":"2026-03-24T12:33:18","guid":{"rendered":"https:\/\/some-store.projetsweb.net\/?post_type=product&#038;p=22172"},"modified":"2026-03-24T12:33:18","modified_gmt":"2026-03-24T12:33:18","slug":"sacs-cadeaux-pokeball-x12","status":"publish","type":"product","link":"https:\/\/some-store.projetsweb.net\/en\/shop\/themes-occasions\/anniversaires\/par-personnage\/pokemon\/sacs-cadeaux-pokeball-x12\/","title":{"rendered":"Sacs cadeaux Pokeball x12"},"content":{"rendered":"","protected":false},"excerpt":{"rendered":"<div class=\"flex flex-col text-sm pb-25\">\n<section class=\"text-token-text-primary w-full focus:outline-none [--shadow-height:45px] has-data-writing-block:pointer-events-none has-data-writing-block:-mt-(--shadow-height) has-data-writing-block:pt-(--shadow-height) [&amp;:has([data-writing-block])&gt;*]:pointer-events-auto scroll-mt-[calc(var(--header-height)+min(200px,max(70px,20svh)))]\" dir=\"auto\" data-turn-id=\"request-WEB:c2cf196d-90cf-4d0b-9270-f16f44c49ca1-23\" data-testid=\"conversation-turn-14\" data-scroll-anchor=\"true\" data-turn=\"assistant\">\n<div class=\"text-base my-auto mx-auto pb-10 [--thread-content-margin:var(--thread-content-margin-xs,calc(var(--spacing)*4))] @w-sm\/main:[--thread-content-margin:var(--thread-content-margin-sm,calc(var(--spacing)*6))] @w-lg\/main:[--thread-content-margin:var(--thread-content-margin-lg,calc(var(--spacing)*16))] px-(--thread-content-margin)\">\n<div class=\"[--thread-content-max-width:40rem] @w-lg\/main:[--thread-content-max-width:48rem] mx-auto max-w-(--thread-content-max-width) flex-1 group\/turn-messages focus-visible:outline-hidden relative flex w-full min-w-0 flex-col agent-turn\">\n<div class=\"flex max-w-full flex-col gap-4 grow\">\n<div class=\"min-h-8 text-message relative flex w-full flex-col items-end gap-2 text-start break-words whitespace-normal outline-none keyboard-focused:focus-ring [.text-message+&amp;]:mt-1\" dir=\"auto\" tabindex=\"0\" data-message-author-role=\"assistant\" data-message-id=\"f412d7c2-f3f0-4f67-bdc7-3babcdb3aecd\" data-message-model-slug=\"gpt-5-3\" data-turn-start-message=\"true\">\n<div class=\"flex w-full flex-col gap-1 empty:hidden\">\n<div class=\"markdown prose dark:prose-invert w-full wrap-break-word light markdown-new-styling\">\n<p data-start=\"0\" data-end=\"108\">Offrez un cadeau encore plus fun avec ce sac cadeau Pok\u00e9mon, parfait pour emballer vos surprises avec style.<\/p>\n<ul data-start=\"110\" data-end=\"377\" data-is-last-node=\"\" data-is-only-node=\"\">\n<li data-section-id=\"1bas1rw\" data-start=\"110\" data-end=\"149\">Sac cadeau th\u00e8me Pok\u00e9mon (Pok\u00e9ball)<\/li>\n<li data-section-id=\"1ok2ley\" data-start=\"150\" data-end=\"178\">Lot de 12 sacs<\/li>\n<li data-section-id=\"1d7dqnc\" data-start=\"179\" data-end=\"226\">Id\u00e9al pour anniversaires et f\u00eates d\u2019enfants<\/li>\n<li data-section-id=\"j62rv1\" data-start=\"227\" data-end=\"280\">Parfait pour cadeaux de retour ou petits pr\u00e9sents<\/li>\n<li data-section-id=\"vwawb7\" data-start=\"327\" data-end=\"377\" data-is-last-node=\"\">Dimensions : 21 x 15 x 8 cm<\/li>\n<\/ul>\n<\/div>\n<\/div>\n<\/div>\n<\/div>\n<div class=\"z-0 flex min-h-[46px] justify-start\"><\/div>\n<div class=\"mt-3 w-full empty:hidden\">\n<div class=\"text-center\"><\/div>\n<\/div>\n<\/div>\n<\/div>\n<\/section>\n<\/div>\n<div class=\"pointer-events-none h-px w-px absolute bottom-0\" aria-hidden=\"true\" data-edge=\"true\"><\/div>\n","protected":false},"featured_media":22173,"comment_status":"open","ping_status":"closed","template":"","meta":[],"product_brand":[],"product_cat":[302,265],"product_tag":[],"class_list":{"0":"post-22172","1":"product","2":"type-product","3":"status-publish","4":"has-post-thumbnail","6":"product_cat-pokemon","7":"product_cat-sacs-cadeaux","9":"first","10":"instock","11":"virtual","12":"purchasable","13":"product-type-simple"},"_links":{"self":[{"href":"https:\/\/some-store.projetsweb.net\/en\/wp-json\/wp\/v2\/product\/22172","targetHints":{"allow":["GET"]}}],"collection":[{"href":"https:\/\/some-store.projetsweb.net\/en\/wp-json\/wp\/v2\/product"}],"about":[{"href":"https:\/\/some-store.projetsweb.net\/en\/wp-json\/wp\/v2\/types\/product"}],"replies":[{"embeddable":true,"href":"https:\/\/some-store.projetsweb.net\/en\/wp-json\/wp\/v2\/comments?post=22172"}],"wp:featuredmedia":[{"embeddable":true,"href":"https:\/\/some-store.projetsweb.net\/en\/wp-json\/wp\/v2\/media\/22173"}],"wp:attachment":[{"href":"https:\/\/some-store.projetsweb.net\/en\/wp-json\/wp\/v2\/media?parent=22172"}],"wp:term":[{"taxonomy":"product_brand","embeddable":true,"href":"https:\/\/some-store.projetsweb.net\/en\/wp-json\/wp\/v2\/product_brand?post=22172"},{"taxonomy":"product_cat","embeddable":true,"href":"https:\/\/some-store.projetsweb.net\/en\/wp-json\/wp\/v2\/product_cat?post=22172"},{"taxonomy":"product_tag","embeddable":true,"href":"https:\/\/some-store.projetsweb.net\/en\/wp-json\/wp\/v2\/product_tag?post=22172"}],"curies":[{"name":"wp","href":"https:\/\/api.w.org\/{rel}","templated":true}]}}