{"id":22164,"date":"2026-03-24T12:23:00","date_gmt":"2026-03-24T12:23:00","guid":{"rendered":"https:\/\/some-store.projetsweb.net\/?post_type=product&#038;p=22164"},"modified":"2026-03-24T12:23:00","modified_gmt":"2026-03-24T12:23:00","slug":"kit-vaisselle-pokemon","status":"publish","type":"product","link":"https:\/\/some-store.projetsweb.net\/en\/shop\/themes-occasions\/anniversaires\/par-personnage\/pokemon\/kit-vaisselle-pokemon\/","title":{"rendered":"Kit vaisselle pokemon"},"content":{"rendered":"","protected":false},"excerpt":{"rendered":"<p>Cr\u00e9ez une table d\u2019anniversaire fun et color\u00e9e avec ce kit vaisselle Pok\u00e9mon, parfait pour plonger les enfants dans l\u2019univers de leurs h\u00e9ros pr\u00e9f\u00e9r\u00e9s. Ce kit est compos\u00e9 de :<\/p>\n<ul>\n<li data-section-id=\"16ert8t\" data-start=\"151\" data-end=\"182\">10 grandes assiettes<\/li>\n<li data-section-id=\"144squ1\" data-start=\"183\" data-end=\"238\">10 assiettes \u00e0 dessert<\/li>\n<li data-section-id=\"1th4inv\" data-start=\"239\" data-end=\"282\">10 gobelets<\/li>\n<li data-section-id=\"1d7dqnc\" data-start=\"283\" data-end=\"330\">20 serviettes en papier<\/li>\n<\/ul>","protected":false},"featured_media":22165,"comment_status":"open","ping_status":"closed","template":"","meta":[],"product_brand":[],"product_cat":[248,240,302],"product_tag":[],"class_list":{"0":"post-22164","1":"product","2":"type-product","3":"status-publish","4":"has-post-thumbnail","6":"product_cat-assiettes","7":"product_cat-kit-vaisselles","8":"product_cat-pokemon","10":"first","11":"instock","12":"virtual","13":"purchasable","14":"product-type-simple"},"_links":{"self":[{"href":"https:\/\/some-store.projetsweb.net\/en\/wp-json\/wp\/v2\/product\/22164","targetHints":{"allow":["GET"]}}],"collection":[{"href":"https:\/\/some-store.projetsweb.net\/en\/wp-json\/wp\/v2\/product"}],"about":[{"href":"https:\/\/some-store.projetsweb.net\/en\/wp-json\/wp\/v2\/types\/product"}],"replies":[{"embeddable":true,"href":"https:\/\/some-store.projetsweb.net\/en\/wp-json\/wp\/v2\/comments?post=22164"}],"wp:featuredmedia":[{"embeddable":true,"href":"https:\/\/some-store.projetsweb.net\/en\/wp-json\/wp\/v2\/media\/22165"}],"wp:attachment":[{"href":"https:\/\/some-store.projetsweb.net\/en\/wp-json\/wp\/v2\/media?parent=22164"}],"wp:term":[{"taxonomy":"product_brand","embeddable":true,"href":"https:\/\/some-store.projetsweb.net\/en\/wp-json\/wp\/v2\/product_brand?post=22164"},{"taxonomy":"product_cat","embeddable":true,"href":"https:\/\/some-store.projetsweb.net\/en\/wp-json\/wp\/v2\/product_cat?post=22164"},{"taxonomy":"product_tag","embeddable":true,"href":"https:\/\/some-store.projetsweb.net\/en\/wp-json\/wp\/v2\/product_tag?post=22164"}],"curies":[{"name":"wp","href":"https:\/\/api.w.org\/{rel}","templated":true}]}}