{"id":22162,"date":"2026-03-24T12:15:28","date_gmt":"2026-03-24T12:15:28","guid":{"rendered":"https:\/\/some-store.projetsweb.net\/?post_type=product&#038;p=22162"},"modified":"2026-04-15T13:00:36","modified_gmt":"2026-04-15T13:00:36","slug":"tampons-licornes","status":"publish","type":"product","link":"https:\/\/some-store.projetsweb.net\/en\/shop\/themes-occasions\/anniversaires\/par-themes\/licornes\/tampons-licornes\/","title":{"rendered":"Tampons licornes"},"content":{"rendered":"","protected":false},"excerpt":{"rendered":"<p data-start=\"0\" data-end=\"137\">Ajoutez une touche magique et cr\u00e9ative avec ces tampons licorne color\u00e9s, parfaits en cadeaux de retour pour les enfants !<\/p>\n<ul data-start=\"139\" data-end=\"436\" data-is-last-node=\"\" data-is-only-node=\"\">\n<li data-section-id=\"11at18p\" data-start=\"139\" data-end=\"174\">Lot de 10 tampons th\u00e8me licorne<\/li>\n<li data-section-id=\"yxmfsv\" data-start=\"175\" data-end=\"237\">Motifs vari\u00e9s et color\u00e9s (licornes, arc-en-ciel, \u00e9toiles\u2026)<\/li>\n<li data-section-id=\"7fh29h\" data-start=\"238\" data-end=\"284\">Encre int\u00e9gr\u00e9e pour une utilisation facile<\/li>\n<li data-section-id=\"16przvm\" data-start=\"285\" data-end=\"353\">Id\u00e9al pour cadeaux de retour<\/li>\n<\/ul>","protected":false},"featured_media":23556,"comment_status":"open","ping_status":"closed","template":"","meta":[],"product_brand":[],"product_cat":[292,268],"product_tag":[],"class_list":{"0":"post-22162","1":"product","2":"type-product","3":"status-publish","4":"has-post-thumbnail","6":"product_cat-licornes","7":"product_cat-petits-cadeaux","9":"first","10":"instock","11":"virtual","12":"purchasable","13":"product-type-simple"},"_links":{"self":[{"href":"https:\/\/some-store.projetsweb.net\/en\/wp-json\/wp\/v2\/product\/22162","targetHints":{"allow":["GET"]}}],"collection":[{"href":"https:\/\/some-store.projetsweb.net\/en\/wp-json\/wp\/v2\/product"}],"about":[{"href":"https:\/\/some-store.projetsweb.net\/en\/wp-json\/wp\/v2\/types\/product"}],"replies":[{"embeddable":true,"href":"https:\/\/some-store.projetsweb.net\/en\/wp-json\/wp\/v2\/comments?post=22162"}],"wp:featuredmedia":[{"embeddable":true,"href":"https:\/\/some-store.projetsweb.net\/en\/wp-json\/wp\/v2\/media\/23556"}],"wp:attachment":[{"href":"https:\/\/some-store.projetsweb.net\/en\/wp-json\/wp\/v2\/media?parent=22162"}],"wp:term":[{"taxonomy":"product_brand","embeddable":true,"href":"https:\/\/some-store.projetsweb.net\/en\/wp-json\/wp\/v2\/product_brand?post=22162"},{"taxonomy":"product_cat","embeddable":true,"href":"https:\/\/some-store.projetsweb.net\/en\/wp-json\/wp\/v2\/product_cat?post=22162"},{"taxonomy":"product_tag","embeddable":true,"href":"https:\/\/some-store.projetsweb.net\/en\/wp-json\/wp\/v2\/product_tag?post=22162"}],"curies":[{"name":"wp","href":"https:\/\/api.w.org\/{rel}","templated":true}]}}