{"id":22152,"date":"2026-03-24T11:36:19","date_gmt":"2026-03-24T11:36:19","guid":{"rendered":"https:\/\/some-store.projetsweb.net\/?post_type=product&#038;p=22152"},"modified":"2026-03-24T11:36:19","modified_gmt":"2026-03-24T11:36:19","slug":"jeu-de-construction-paw-patrol","status":"publish","type":"product","link":"https:\/\/some-store.projetsweb.net\/en\/shop\/themes-occasions\/anniversaires\/par-personnage\/paw-patrol\/jeu-de-construction-paw-patrol\/","title":{"rendered":"Jeu de construction Paw Patrol"},"content":{"rendered":"","protected":false},"excerpt":{"rendered":"<p data-start=\"58\" data-end=\"299\">Faites plaisir aux enfants avec ce mini jeu de construction Paw Patrol, parfait comme cadeau de retour. Ludique et cr\u00e9atif, il permet de construire son personnage pr\u00e9f\u00e9r\u00e9 tout en s\u2019amusant. Un petit cadeau id\u00e9al pour prolonger la f\u00eate.<\/p>\n<ul data-start=\"301\" data-end=\"544\">\n<li data-section-id=\"1bvxp5v\" data-start=\"301\" data-end=\"346\">Mini jeu de construction th\u00e8me Paw Patrol<\/li>\n<li data-section-id=\"1m6yu1w\" data-start=\"347\" data-end=\"392\">Id\u00e9al comme cadeau de retour<\/li>\n<li data-section-id=\"1mr6pal\" data-start=\"393\" data-end=\"431\">Permet de construire un personnage<\/li>\n<li data-section-id=\"83b85c\" data-start=\"475\" data-end=\"515\">Favorise la cr\u00e9ativit\u00e9 et la motricit\u00e9<\/li>\n<\/ul>","protected":false},"featured_media":22153,"comment_status":"open","ping_status":"closed","template":"","meta":[],"product_brand":[],"product_cat":[300,268],"product_tag":[],"class_list":{"0":"post-22152","1":"product","2":"type-product","3":"status-publish","4":"has-post-thumbnail","6":"product_cat-paw-patrol","7":"product_cat-petits-cadeaux","9":"first","10":"instock","11":"virtual","12":"purchasable","13":"product-type-simple"},"_links":{"self":[{"href":"https:\/\/some-store.projetsweb.net\/en\/wp-json\/wp\/v2\/product\/22152","targetHints":{"allow":["GET"]}}],"collection":[{"href":"https:\/\/some-store.projetsweb.net\/en\/wp-json\/wp\/v2\/product"}],"about":[{"href":"https:\/\/some-store.projetsweb.net\/en\/wp-json\/wp\/v2\/types\/product"}],"replies":[{"embeddable":true,"href":"https:\/\/some-store.projetsweb.net\/en\/wp-json\/wp\/v2\/comments?post=22152"}],"wp:featuredmedia":[{"embeddable":true,"href":"https:\/\/some-store.projetsweb.net\/en\/wp-json\/wp\/v2\/media\/22153"}],"wp:attachment":[{"href":"https:\/\/some-store.projetsweb.net\/en\/wp-json\/wp\/v2\/media?parent=22152"}],"wp:term":[{"taxonomy":"product_brand","embeddable":true,"href":"https:\/\/some-store.projetsweb.net\/en\/wp-json\/wp\/v2\/product_brand?post=22152"},{"taxonomy":"product_cat","embeddable":true,"href":"https:\/\/some-store.projetsweb.net\/en\/wp-json\/wp\/v2\/product_cat?post=22152"},{"taxonomy":"product_tag","embeddable":true,"href":"https:\/\/some-store.projetsweb.net\/en\/wp-json\/wp\/v2\/product_tag?post=22152"}],"curies":[{"name":"wp","href":"https:\/\/api.w.org\/{rel}","templated":true}]}}