{"id":22009,"date":"2026-03-19T13:40:09","date_gmt":"2026-03-19T13:40:09","guid":{"rendered":"https:\/\/some-store.projetsweb.net\/?post_type=product&#038;p=22009"},"modified":"2026-04-17T09:04:23","modified_gmt":"2026-04-17T09:04:23","slug":"bulles-paw-patrol","status":"publish","type":"product","link":"https:\/\/some-store.projetsweb.net\/en\/shop\/themes-occasions\/anniversaires\/par-personnage\/paw-patrol\/bulles-paw-patrol\/","title":{"rendered":"Bulles Paw Patrol"},"content":{"rendered":"","protected":false},"excerpt":{"rendered":"<p data-start=\"54\" data-end=\"230\">Faites briller les f\u00eates avec ces bulles Paw Patrol ! Un jeu amusant et color\u00e9 qui fera le bonheur des enfants, parfait \u00e0 offrir en cadeau de retour!<\/p>\n<ul data-start=\"232\" data-end=\"465\">\n<li data-section-id=\"7bkxj7\" data-start=\"232\" data-end=\"268\">\n<p data-start=\"234\" data-end=\"268\">Bulles de savon th\u00e8me Paw Patrol<\/p>\n<\/li>\n<li data-section-id=\"oupu2p\" data-start=\"324\" data-end=\"376\">\n<p data-start=\"326\" data-end=\"376\">Design avec les personnages pr\u00e9f\u00e9r\u00e9s des enfants<\/p>\n<\/li>\n<li data-section-id=\"1f0ju06\" data-start=\"377\" data-end=\"427\">\n<p data-start=\"379\" data-end=\"427\">Parfaites comme cadeaux invit\u00e9s<\/p>\n<\/li>\n<li data-section-id=\"lkhf9y\" data-start=\"428\" data-end=\"450\">\n<p data-start=\"430\" data-end=\"450\">Faciles \u00e0 utiliser<\/p>\n<\/li>\n<li data-section-id=\"rup2xv\" data-start=\"452\" data-end=\"465\">\n<p data-start=\"454\" data-end=\"465\">Pack de 3<\/p>\n<\/li>\n<\/ul>","protected":false},"featured_media":23994,"comment_status":"open","ping_status":"closed","template":"","meta":[],"product_brand":[],"product_cat":[300,268],"product_tag":[],"class_list":{"0":"post-22009","1":"product","2":"type-product","3":"status-publish","4":"has-post-thumbnail","6":"product_cat-paw-patrol","7":"product_cat-petits-cadeaux","9":"first","10":"instock","11":"virtual","12":"purchasable","13":"product-type-simple"},"_links":{"self":[{"href":"https:\/\/some-store.projetsweb.net\/en\/wp-json\/wp\/v2\/product\/22009","targetHints":{"allow":["GET"]}}],"collection":[{"href":"https:\/\/some-store.projetsweb.net\/en\/wp-json\/wp\/v2\/product"}],"about":[{"href":"https:\/\/some-store.projetsweb.net\/en\/wp-json\/wp\/v2\/types\/product"}],"replies":[{"embeddable":true,"href":"https:\/\/some-store.projetsweb.net\/en\/wp-json\/wp\/v2\/comments?post=22009"}],"wp:featuredmedia":[{"embeddable":true,"href":"https:\/\/some-store.projetsweb.net\/en\/wp-json\/wp\/v2\/media\/23994"}],"wp:attachment":[{"href":"https:\/\/some-store.projetsweb.net\/en\/wp-json\/wp\/v2\/media?parent=22009"}],"wp:term":[{"taxonomy":"product_brand","embeddable":true,"href":"https:\/\/some-store.projetsweb.net\/en\/wp-json\/wp\/v2\/product_brand?post=22009"},{"taxonomy":"product_cat","embeddable":true,"href":"https:\/\/some-store.projetsweb.net\/en\/wp-json\/wp\/v2\/product_cat?post=22009"},{"taxonomy":"product_tag","embeddable":true,"href":"https:\/\/some-store.projetsweb.net\/en\/wp-json\/wp\/v2\/product_tag?post=22009"}],"curies":[{"name":"wp","href":"https:\/\/api.w.org\/{rel}","templated":true}]}}