{"id":22003,"date":"2026-03-19T13:37:06","date_gmt":"2026-03-19T13:37:06","guid":{"rendered":"https:\/\/some-store.projetsweb.net\/?post_type=product&#038;p=22003"},"modified":"2026-03-19T13:37:06","modified_gmt":"2026-03-19T13:37:06","slug":"sacs-cadeaux-paw-patrol-x12","status":"publish","type":"product","link":"https:\/\/some-store.projetsweb.net\/en\/shop\/themes-occasions\/anniversaires\/par-personnage\/paw-patrol\/sacs-cadeaux-paw-patrol-x12\/","title":{"rendered":"Sacs cadeaux Paw Patrol x12"},"content":{"rendered":"","protected":false},"excerpt":{"rendered":"<p data-start=\"39\" data-end=\"226\">Ajoutez une touche fun \u00e0 votre f\u00eate avec ces sacs cadeaux Paw Patrol. Parfaits pour distribuer les surprises aux enfants, ils compl\u00e8tent id\u00e9alement votre d\u00e9coration de f\u00eate \u00e0 th\u00e8me.<\/p>\n<ul data-start=\"228\" data-end=\"499\" data-is-last-node=\"\" data-is-only-node=\"\">\n<li data-section-id=\"ym91u3\" data-start=\"228\" data-end=\"261\">\n<p data-start=\"230\" data-end=\"261\">Sacs cadeaux th\u00e8me Paw Patrol<\/p>\n<\/li>\n<li data-section-id=\"ym91u3\" data-start=\"228\" data-end=\"261\">4 designs diff\u00e9rents dans le lot<\/li>\n<li data-section-id=\"ym91u3\" data-start=\"228\" data-end=\"261\">12 sacs dans le lot<\/li>\n<li data-section-id=\"w1tog0\" data-start=\"470\" data-end=\"499\" data-is-last-node=\"\">\n<p data-start=\"472\" data-end=\"499\" data-is-last-node=\"\">Dimensions : 21 x 15 x 8 cm<\/p>\n<\/li>\n<\/ul>","protected":false},"featured_media":22004,"comment_status":"open","ping_status":"closed","template":"","meta":[],"product_brand":[],"product_cat":[300,265],"product_tag":[],"class_list":{"0":"post-22003","1":"product","2":"type-product","3":"status-publish","4":"has-post-thumbnail","6":"product_cat-paw-patrol","7":"product_cat-sacs-cadeaux","9":"first","10":"instock","11":"virtual","12":"purchasable","13":"product-type-simple"},"_links":{"self":[{"href":"https:\/\/some-store.projetsweb.net\/en\/wp-json\/wp\/v2\/product\/22003","targetHints":{"allow":["GET"]}}],"collection":[{"href":"https:\/\/some-store.projetsweb.net\/en\/wp-json\/wp\/v2\/product"}],"about":[{"href":"https:\/\/some-store.projetsweb.net\/en\/wp-json\/wp\/v2\/types\/product"}],"replies":[{"embeddable":true,"href":"https:\/\/some-store.projetsweb.net\/en\/wp-json\/wp\/v2\/comments?post=22003"}],"wp:featuredmedia":[{"embeddable":true,"href":"https:\/\/some-store.projetsweb.net\/en\/wp-json\/wp\/v2\/media\/22004"}],"wp:attachment":[{"href":"https:\/\/some-store.projetsweb.net\/en\/wp-json\/wp\/v2\/media?parent=22003"}],"wp:term":[{"taxonomy":"product_brand","embeddable":true,"href":"https:\/\/some-store.projetsweb.net\/en\/wp-json\/wp\/v2\/product_brand?post=22003"},{"taxonomy":"product_cat","embeddable":true,"href":"https:\/\/some-store.projetsweb.net\/en\/wp-json\/wp\/v2\/product_cat?post=22003"},{"taxonomy":"product_tag","embeddable":true,"href":"https:\/\/some-store.projetsweb.net\/en\/wp-json\/wp\/v2\/product_tag?post=22003"}],"curies":[{"name":"wp","href":"https:\/\/api.w.org\/{rel}","templated":true}]}}