{"id":21988,"date":"2026-03-19T09:43:01","date_gmt":"2026-03-19T09:43:01","guid":{"rendered":"https:\/\/some-store.projetsweb.net\/?post_type=product&#038;p=21988"},"modified":"2026-03-19T09:43:01","modified_gmt":"2026-03-19T09:43:01","slug":"tampons-dinosaure","status":"publish","type":"product","link":"https:\/\/some-store.projetsweb.net\/en\/shop\/themes-occasions\/anniversaires\/par-themes\/dinosaures\/tampons-dinosaure\/","title":{"rendered":"Tampons dinosaure"},"content":{"rendered":"","protected":false},"excerpt":{"rendered":"<p data-start=\"44\" data-end=\"309\">Ajoutez une touche cr\u00e9ative et amusante dans les sacs cadeaux des enfants avec ces tampons dinosaures color\u00e9s. Faciles \u00e0 utiliser, ils permettent de cr\u00e9er de jolis motifs en un seul geste. Parfaits pour stimuler l\u2019imagination et occuper les enfants tout en s\u2019amusant.<\/p>\n<ul data-start=\"311\" data-end=\"512\">\n<li data-section-id=\"16ze11e\" data-start=\"311\" data-end=\"346\">\n<p data-start=\"313\" data-end=\"346\">Set de 10 tampons th\u00e8me dinosaures<\/p>\n<\/li>\n<li data-section-id=\"12qw002\" data-start=\"347\" data-end=\"375\">\n<p data-start=\"349\" data-end=\"375\">Motifs vari\u00e9s et color\u00e9s<\/p>\n<\/li>\n<li data-section-id=\"xzswr5\" data-start=\"376\" data-end=\"415\">\n<p data-start=\"378\" data-end=\"415\">Faciles \u00e0 utiliser pour les enfants<\/p>\n<\/li>\n<li data-section-id=\"7nf2wj\" data-start=\"416\" data-end=\"461\">\n<p data-start=\"418\" data-end=\"461\">Id\u00e9al pour activit\u00e9s cr\u00e9atives et loisirs<\/p>\n<\/li>\n<li data-section-id=\"1b6nhng\" data-start=\"462\" data-end=\"512\">\n<p data-start=\"464\" data-end=\"512\">Parfait comme petit cadeau de retour<\/p>\n<\/li>\n<\/ul>","protected":false},"featured_media":21989,"comment_status":"open","ping_status":"closed","template":"","meta":[],"product_brand":[],"product_cat":[287,268],"product_tag":[],"class_list":{"0":"post-21988","1":"product","2":"type-product","3":"status-publish","4":"has-post-thumbnail","6":"product_cat-dinosaures","7":"product_cat-petits-cadeaux","9":"first","10":"instock","11":"virtual","12":"purchasable","13":"product-type-simple"},"_links":{"self":[{"href":"https:\/\/some-store.projetsweb.net\/en\/wp-json\/wp\/v2\/product\/21988","targetHints":{"allow":["GET"]}}],"collection":[{"href":"https:\/\/some-store.projetsweb.net\/en\/wp-json\/wp\/v2\/product"}],"about":[{"href":"https:\/\/some-store.projetsweb.net\/en\/wp-json\/wp\/v2\/types\/product"}],"replies":[{"embeddable":true,"href":"https:\/\/some-store.projetsweb.net\/en\/wp-json\/wp\/v2\/comments?post=21988"}],"wp:featuredmedia":[{"embeddable":true,"href":"https:\/\/some-store.projetsweb.net\/en\/wp-json\/wp\/v2\/media\/21989"}],"wp:attachment":[{"href":"https:\/\/some-store.projetsweb.net\/en\/wp-json\/wp\/v2\/media?parent=21988"}],"wp:term":[{"taxonomy":"product_brand","embeddable":true,"href":"https:\/\/some-store.projetsweb.net\/en\/wp-json\/wp\/v2\/product_brand?post=21988"},{"taxonomy":"product_cat","embeddable":true,"href":"https:\/\/some-store.projetsweb.net\/en\/wp-json\/wp\/v2\/product_cat?post=21988"},{"taxonomy":"product_tag","embeddable":true,"href":"https:\/\/some-store.projetsweb.net\/en\/wp-json\/wp\/v2\/product_tag?post=21988"}],"curies":[{"name":"wp","href":"https:\/\/api.w.org\/{rel}","templated":true}]}}