{"id":21983,"date":"2026-03-19T09:33:13","date_gmt":"2026-03-19T09:33:13","guid":{"rendered":"https:\/\/some-store.projetsweb.net\/?post_type=product&#038;p=21983"},"modified":"2026-03-19T09:33:13","modified_gmt":"2026-03-19T09:33:13","slug":"balles-rebondissantes-dinosaure-x5","status":"publish","type":"product","link":"https:\/\/some-store.projetsweb.net\/en\/shop\/themes-occasions\/anniversaires\/par-themes\/dinosaures\/balles-rebondissantes-dinosaure-x5\/","title":{"rendered":"Balles rebondissantes dinosaure x5"},"content":{"rendered":"","protected":false},"excerpt":{"rendered":"<p data-start=\"44\" data-end=\"340\">Ajoutez une touche fun et dynamique \u00e0 vos f\u00eates avec ces balles rebondissantes dinosaures. \u00c0 l\u2019int\u00e9rieur de chaque balle se cache un dinosaure, pour un effet surprise qui plaira \u00e0 tous les enfants. Parfaites comme petits cadeaux de retour ou surprises, elles garantissent des heures de jeu.<\/p>\n<ul data-start=\"342\" data-end=\"545\">\n<li data-section-id=\"qga4uq\" data-start=\"342\" data-end=\"396\">\n<p data-start=\"344\" data-end=\"396\">Balles rebondissantes avec dinosaure \u00e0 l\u2019int\u00e9rieur<\/p>\n<\/li>\n<li data-section-id=\"qga4uq\" data-start=\"342\" data-end=\"396\">Lot de 5 balles<\/li>\n<li data-section-id=\"1jcbod1\" data-start=\"397\" data-end=\"427\">\n<p data-start=\"399\" data-end=\"427\">Design color\u00e9 et attractif<\/p>\n<\/li>\n<li data-section-id=\"e94ugo\" data-start=\"428\" data-end=\"461\">\n<p data-start=\"430\" data-end=\"461\">Effet surprise \u00e0 chaque balle<\/p>\n<\/li>\n<li data-section-id=\"19ucs0t\" data-start=\"462\" data-end=\"506\">\n<p data-start=\"464\" data-end=\"506\">Id\u00e9al comme cadeau invit\u00e9 ou petit jouet<\/p>\n<\/li>\n<li data-section-id=\"1i9znob\" data-start=\"507\" data-end=\"545\">\n<p data-start=\"509\" data-end=\"545\">Favorise le jeu et la coordination<\/p>\n<\/li>\n<\/ul>","protected":false},"featured_media":21984,"comment_status":"open","ping_status":"closed","template":"","meta":[],"product_brand":[],"product_cat":[287,268],"product_tag":[],"class_list":{"0":"post-21983","1":"product","2":"type-product","3":"status-publish","4":"has-post-thumbnail","6":"product_cat-dinosaures","7":"product_cat-petits-cadeaux","9":"first","10":"instock","11":"virtual","12":"purchasable","13":"product-type-simple"},"_links":{"self":[{"href":"https:\/\/some-store.projetsweb.net\/en\/wp-json\/wp\/v2\/product\/21983","targetHints":{"allow":["GET"]}}],"collection":[{"href":"https:\/\/some-store.projetsweb.net\/en\/wp-json\/wp\/v2\/product"}],"about":[{"href":"https:\/\/some-store.projetsweb.net\/en\/wp-json\/wp\/v2\/types\/product"}],"replies":[{"embeddable":true,"href":"https:\/\/some-store.projetsweb.net\/en\/wp-json\/wp\/v2\/comments?post=21983"}],"wp:featuredmedia":[{"embeddable":true,"href":"https:\/\/some-store.projetsweb.net\/en\/wp-json\/wp\/v2\/media\/21984"}],"wp:attachment":[{"href":"https:\/\/some-store.projetsweb.net\/en\/wp-json\/wp\/v2\/media?parent=21983"}],"wp:term":[{"taxonomy":"product_brand","embeddable":true,"href":"https:\/\/some-store.projetsweb.net\/en\/wp-json\/wp\/v2\/product_brand?post=21983"},{"taxonomy":"product_cat","embeddable":true,"href":"https:\/\/some-store.projetsweb.net\/en\/wp-json\/wp\/v2\/product_cat?post=21983"},{"taxonomy":"product_tag","embeddable":true,"href":"https:\/\/some-store.projetsweb.net\/en\/wp-json\/wp\/v2\/product_tag?post=21983"}],"curies":[{"name":"wp","href":"https:\/\/api.w.org\/{rel}","templated":true}]}}