{"id":21976,"date":"2026-03-19T09:21:58","date_gmt":"2026-03-19T09:21:58","guid":{"rendered":"https:\/\/some-store.projetsweb.net\/?post_type=product&#038;p=21976"},"modified":"2026-03-19T09:43:28","modified_gmt":"2026-03-19T09:43:28","slug":"oeuf-dinosaure-squishy-x3","status":"publish","type":"product","link":"https:\/\/some-store.projetsweb.net\/en\/shop\/themes-occasions\/anniversaires\/par-themes\/dinosaures\/oeuf-dinosaure-squishy-x3\/","title":{"rendered":"\u0152uf dinosaure squeeze x3"},"content":{"rendered":"","protected":false},"excerpt":{"rendered":"<p data-start=\"44\" data-end=\"314\">Faites craquer les enfants avec ce squishy dinosaure trop amusant ! Cach\u00e9 dans son \u0153uf, il appara\u00eet d\u00e8s qu\u2019on appuie dessus pour un effet surprise irr\u00e9sistible. Parfait comme petit cadeau de retour, il garantit des moments de jeu et de fun \u00e0 chaque pression.<\/p>\n<ul data-start=\"316\" data-end=\"525\">\n<li data-section-id=\"i8m0zu\" data-start=\"316\" data-end=\"362\">\n<p data-start=\"318\" data-end=\"362\">Squishy dinosaure \u00e0 presser (effet pop-up)<\/p>\n<\/li>\n<li data-section-id=\"10bu2uk\" data-start=\"363\" data-end=\"398\">\n<p data-start=\"365\" data-end=\"398\">Cache un petit dino dans un \u0153uf<\/p>\n<\/li>\n<li data-section-id=\"10bu2uk\" data-start=\"363\" data-end=\"398\">Lot de 3 \u0153ufs<\/li>\n<li data-section-id=\"1m3ehgy\" data-start=\"434\" data-end=\"480\">\n<p data-start=\"436\" data-end=\"480\">Id\u00e9al comme cadeau invit\u00e9 \/ surprise party<\/p>\n<\/li>\n<li data-section-id=\"1lxz000\" data-start=\"481\" data-end=\"525\">\n<p data-start=\"483\" data-end=\"525\">Favorise le jeu sensoriel et anti-stress<\/p>\n<\/li>\n<\/ul>","protected":false},"featured_media":21977,"comment_status":"open","ping_status":"closed","template":"","meta":[],"product_brand":[],"product_cat":[287,268],"product_tag":[],"class_list":{"0":"post-21976","1":"product","2":"type-product","3":"status-publish","4":"has-post-thumbnail","6":"product_cat-dinosaures","7":"product_cat-petits-cadeaux","9":"first","10":"instock","11":"virtual","12":"purchasable","13":"product-type-simple"},"_links":{"self":[{"href":"https:\/\/some-store.projetsweb.net\/en\/wp-json\/wp\/v2\/product\/21976","targetHints":{"allow":["GET"]}}],"collection":[{"href":"https:\/\/some-store.projetsweb.net\/en\/wp-json\/wp\/v2\/product"}],"about":[{"href":"https:\/\/some-store.projetsweb.net\/en\/wp-json\/wp\/v2\/types\/product"}],"replies":[{"embeddable":true,"href":"https:\/\/some-store.projetsweb.net\/en\/wp-json\/wp\/v2\/comments?post=21976"}],"wp:featuredmedia":[{"embeddable":true,"href":"https:\/\/some-store.projetsweb.net\/en\/wp-json\/wp\/v2\/media\/21977"}],"wp:attachment":[{"href":"https:\/\/some-store.projetsweb.net\/en\/wp-json\/wp\/v2\/media?parent=21976"}],"wp:term":[{"taxonomy":"product_brand","embeddable":true,"href":"https:\/\/some-store.projetsweb.net\/en\/wp-json\/wp\/v2\/product_brand?post=21976"},{"taxonomy":"product_cat","embeddable":true,"href":"https:\/\/some-store.projetsweb.net\/en\/wp-json\/wp\/v2\/product_cat?post=21976"},{"taxonomy":"product_tag","embeddable":true,"href":"https:\/\/some-store.projetsweb.net\/en\/wp-json\/wp\/v2\/product_tag?post=21976"}],"curies":[{"name":"wp","href":"https:\/\/api.w.org\/{rel}","templated":true}]}}