{"id":21964,"date":"2026-03-18T14:08:51","date_gmt":"2026-03-18T14:08:51","guid":{"rendered":"https:\/\/some-store.projetsweb.net\/?post_type=product&#038;p=21964"},"modified":"2026-03-18T14:08:51","modified_gmt":"2026-03-18T14:08:51","slug":"clips-fleurs-daisy-x6","status":"publish","type":"product","link":"https:\/\/some-store.projetsweb.net\/en\/shop\/themes-occasions\/anniversaires\/par-themes\/fleurs\/clips-fleurs-daisy-x6\/","title":{"rendered":"Clips fleurs daisy x6"},"content":{"rendered":"","protected":false},"excerpt":{"rendered":"<p>Apportez une touche florale \u00e0 vos coiffures avec ces jolies barrettes marguerites en \u00e9mail. D\u00e9clin\u00e9es en six combinaisons de couleurs, elles s\u2019accordent facilement avec toutes vos tenues, du quotidien aux occasions sp\u00e9ciales. Associ\u00e9es \u00e0 de d\u00e9licats rubans en velours, elles offrent une finition \u00e9l\u00e9gante et raffin\u00e9e. Pr\u00e9sent\u00e9es sur une jolie carte illustr\u00e9e, elles constituent une superbe id\u00e9e cadeau pour les enfants!<\/p>\n<ul data-start=\"549\" data-end=\"901\">\n<li data-section-id=\"1wziwtz\" data-start=\"549\" data-end=\"661\">\n<p data-start=\"551\" data-end=\"661\">6 marguerites en \u00e9mail aux combinaisons de couleurs : vert clair, menthe, corail, rose, p\u00eache, bleu et jaune<\/p>\n<\/li>\n<li data-section-id=\"130mrms\" data-start=\"662\" data-end=\"739\">\n<p data-start=\"664\" data-end=\"739\">Rubans en velours assortis : bleu clair, rose p\u00e2le, menthe, bleu et jaune<\/p>\n<\/li>\n<li data-section-id=\"ajpk65\" data-start=\"740\" data-end=\"775\">\n<p data-start=\"742\" data-end=\"775\">Pinces crocodile finition dor\u00e9e<\/p>\n<\/li>\n<li data-section-id=\"1tst44q\" data-start=\"776\" data-end=\"818\">\n<p data-start=\"778\" data-end=\"818\">Convient aux enfants \u00e0 partir de 8 ans<\/p>\n<\/li>\n<li data-section-id=\"1bb4k5k\" data-start=\"819\" data-end=\"853\">\n<p data-start=\"821\" data-end=\"853\">Lot de 6 barrettes (6 coloris)<\/p>\n<\/li>\n<li data-section-id=\"obz70r\" data-start=\"855\" data-end=\"901\">\n<p data-start=\"857\" data-end=\"901\">Dimensions du pack : 8,89 x 12,7 x 1,59 cm<\/p>\n<\/li>\n<\/ul>\n<p data-start=\"903\" data-end=\"928\" data-is-last-node=\"\" data-is-only-node=\"\"><strong data-start=\"903\" data-end=\"928\" data-is-last-node=\"\">Code produit : 284766<\/strong><\/p>\n<p>&nbsp;<\/p>","protected":false},"featured_media":21965,"comment_status":"open","ping_status":"closed","template":"","meta":[],"product_brand":[],"product_cat":[271,290],"product_tag":[],"class_list":{"0":"post-21964","1":"product","2":"type-product","3":"status-publish","4":"has-post-thumbnail","6":"product_cat-barrettes-et-serre-tete","7":"product_cat-fleurs","9":"first","10":"instock","11":"virtual","12":"purchasable","13":"product-type-simple"},"_links":{"self":[{"href":"https:\/\/some-store.projetsweb.net\/en\/wp-json\/wp\/v2\/product\/21964","targetHints":{"allow":["GET"]}}],"collection":[{"href":"https:\/\/some-store.projetsweb.net\/en\/wp-json\/wp\/v2\/product"}],"about":[{"href":"https:\/\/some-store.projetsweb.net\/en\/wp-json\/wp\/v2\/types\/product"}],"replies":[{"embeddable":true,"href":"https:\/\/some-store.projetsweb.net\/en\/wp-json\/wp\/v2\/comments?post=21964"}],"wp:featuredmedia":[{"embeddable":true,"href":"https:\/\/some-store.projetsweb.net\/en\/wp-json\/wp\/v2\/media\/21965"}],"wp:attachment":[{"href":"https:\/\/some-store.projetsweb.net\/en\/wp-json\/wp\/v2\/media?parent=21964"}],"wp:term":[{"taxonomy":"product_brand","embeddable":true,"href":"https:\/\/some-store.projetsweb.net\/en\/wp-json\/wp\/v2\/product_brand?post=21964"},{"taxonomy":"product_cat","embeddable":true,"href":"https:\/\/some-store.projetsweb.net\/en\/wp-json\/wp\/v2\/product_cat?post=21964"},{"taxonomy":"product_tag","embeddable":true,"href":"https:\/\/some-store.projetsweb.net\/en\/wp-json\/wp\/v2\/product_tag?post=21964"}],"curies":[{"name":"wp","href":"https:\/\/api.w.org\/{rel}","templated":true}]}}