{"id":21961,"date":"2026-03-18T14:02:33","date_gmt":"2026-03-18T14:02:33","guid":{"rendered":"https:\/\/some-store.projetsweb.net\/?post_type=product&#038;p=21961"},"modified":"2026-03-18T14:02:34","modified_gmt":"2026-03-18T14:02:34","slug":"barrettes-a-noeud-vichy-x6","status":"publish","type":"product","link":"https:\/\/some-store.projetsweb.net\/en\/shop\/le-store\/les-accessoires\/barrettes-et-serre-tete\/barrettes-a-noeud-vichy-x6\/","title":{"rendered":"Barrettes \u00e0 noeud vichy x6"},"content":{"rendered":"","protected":false},"excerpt":{"rendered":"<p data-start=\"46\" data-end=\"315\">Le motif vichy est ultra tendance, et ces irr\u00e9sistibles n\u0153uds pour cheveux sont l\u2019accessoire parfait pour compl\u00e9ter tous les looks des enfants. Id\u00e9als pour une f\u00eate, pour se d\u00e9guiser ou au quotidien, ils apportent une touche styl\u00e9e et adorable \u00e0 chaque tenue.<\/p>\n<ul data-start=\"317\" data-end=\"575\">\n<li data-section-id=\"1mhx1kb\" data-start=\"317\" data-end=\"423\">\n<p data-start=\"319\" data-end=\"423\">N\u0153uds en tissu vichy : vert menthe gris\u00e9, moutarde doux, jaune, rose corail, rose poudr\u00e9 et bleu gris\u00e9<\/p>\n<\/li>\n<li data-section-id=\"gfp29l\" data-start=\"424\" data-end=\"452\">\n<p data-start=\"426\" data-end=\"452\">Barrettes finition dor\u00e9e<\/p>\n<\/li>\n<li data-section-id=\"961eli\" data-start=\"453\" data-end=\"495\">\n<p data-start=\"455\" data-end=\"495\">Convient aux enfants \u00e0 partir de 4 ans<\/p>\n<\/li>\n<li data-section-id=\"1bb4k5k\" data-start=\"496\" data-end=\"530\">\n<p data-start=\"498\" data-end=\"530\">Lot de 6 barrettes (6 coloris)<\/p>\n<\/li>\n<li data-section-id=\"1atf1nx\" data-start=\"532\" data-end=\"575\">\n<p data-start=\"534\" data-end=\"575\">Dimensions du pack : 12 x 23,8 x 2,2 cm<\/p>\n<\/li>\n<\/ul>\n<p data-start=\"577\" data-end=\"602\" data-is-last-node=\"\" data-is-only-node=\"\"><strong data-start=\"577\" data-end=\"602\" data-is-last-node=\"\">Code produit : 225972<\/strong><\/p>","protected":false},"featured_media":21962,"comment_status":"open","ping_status":"closed","template":"","meta":[],"product_brand":[],"product_cat":[271],"product_tag":[],"class_list":{"0":"post-21961","1":"product","2":"type-product","3":"status-publish","4":"has-post-thumbnail","6":"product_cat-barrettes-et-serre-tete","8":"first","9":"instock","10":"virtual","11":"purchasable","12":"product-type-simple"},"_links":{"self":[{"href":"https:\/\/some-store.projetsweb.net\/en\/wp-json\/wp\/v2\/product\/21961","targetHints":{"allow":["GET"]}}],"collection":[{"href":"https:\/\/some-store.projetsweb.net\/en\/wp-json\/wp\/v2\/product"}],"about":[{"href":"https:\/\/some-store.projetsweb.net\/en\/wp-json\/wp\/v2\/types\/product"}],"replies":[{"embeddable":true,"href":"https:\/\/some-store.projetsweb.net\/en\/wp-json\/wp\/v2\/comments?post=21961"}],"wp:featuredmedia":[{"embeddable":true,"href":"https:\/\/some-store.projetsweb.net\/en\/wp-json\/wp\/v2\/media\/21962"}],"wp:attachment":[{"href":"https:\/\/some-store.projetsweb.net\/en\/wp-json\/wp\/v2\/media?parent=21961"}],"wp:term":[{"taxonomy":"product_brand","embeddable":true,"href":"https:\/\/some-store.projetsweb.net\/en\/wp-json\/wp\/v2\/product_brand?post=21961"},{"taxonomy":"product_cat","embeddable":true,"href":"https:\/\/some-store.projetsweb.net\/en\/wp-json\/wp\/v2\/product_cat?post=21961"},{"taxonomy":"product_tag","embeddable":true,"href":"https:\/\/some-store.projetsweb.net\/en\/wp-json\/wp\/v2\/product_tag?post=21961"}],"curies":[{"name":"wp","href":"https:\/\/api.w.org\/{rel}","templated":true}]}}