{"id":21957,"date":"2026-03-18T13:59:21","date_gmt":"2026-03-18T13:59:21","guid":{"rendered":"https:\/\/some-store.projetsweb.net\/?post_type=product&#038;p=21957"},"modified":"2026-03-18T13:59:21","modified_gmt":"2026-03-18T13:59:21","slug":"barrettes-coquillage-x6","status":"publish","type":"product","link":"https:\/\/some-store.projetsweb.net\/en\/shop\/themes-occasions\/anniversaires\/par-themes\/sirenes\/barrettes-coquillage-x6\/","title":{"rendered":"Barrettes coquillage x6"},"content":{"rendered":"","protected":false},"excerpt":{"rendered":"<p>Apportez une touche sir\u00e8ne \u00e0 vos coiffures avec ce magnifique set de barrettes. Orn\u00e9es de coquillages en \u00e9mail et de finitions dor\u00e9es, elles sublimeront vos looks avec une \u00e9l\u00e9gance d\u00e9licate et estivale.<\/p>\n<ul data-start=\"260\" data-end=\"463\">\n<li data-section-id=\"ltion\" data-start=\"260\" data-end=\"306\">\n<p data-start=\"262\" data-end=\"306\">Coquillages en \u00e9mail d\u00e9clin\u00e9s en 6 coloris<\/p>\n<\/li>\n<li data-section-id=\"gfp29l\" data-start=\"307\" data-end=\"335\">\n<p data-start=\"309\" data-end=\"335\">Barrettes finition dor\u00e9e<\/p>\n<\/li>\n<li data-section-id=\"1tst44q\" data-start=\"336\" data-end=\"378\">\n<p data-start=\"338\" data-end=\"378\">Convient aux enfants \u00e0 partir de 8 ans<\/p>\n<\/li>\n<li data-section-id=\"1kdogjv\" data-start=\"379\" data-end=\"414\">\n<p data-start=\"381\" data-end=\"414\">Lot de 6 barrettes (6 couleurs)<\/p>\n<\/li>\n<li data-section-id=\"2821zl\" data-start=\"416\" data-end=\"463\">\n<p data-start=\"418\" data-end=\"463\">Dimensions du pack : 7,94 x 10,48 x 1,59 cm<\/p>\n<\/li>\n<\/ul>\n<p data-start=\"465\" data-end=\"490\" data-is-last-node=\"\" data-is-only-node=\"\"><strong data-start=\"465\" data-end=\"490\" data-is-last-node=\"\">Code produit : 222885<\/strong><\/p>","protected":false},"featured_media":21958,"comment_status":"open","ping_status":"closed","template":"","meta":[],"product_brand":[],"product_cat":[271,296],"product_tag":[],"class_list":{"0":"post-21957","1":"product","2":"type-product","3":"status-publish","4":"has-post-thumbnail","6":"product_cat-barrettes-et-serre-tete","7":"product_cat-sirenes","9":"first","10":"instock","11":"virtual","12":"purchasable","13":"product-type-simple"},"_links":{"self":[{"href":"https:\/\/some-store.projetsweb.net\/en\/wp-json\/wp\/v2\/product\/21957","targetHints":{"allow":["GET"]}}],"collection":[{"href":"https:\/\/some-store.projetsweb.net\/en\/wp-json\/wp\/v2\/product"}],"about":[{"href":"https:\/\/some-store.projetsweb.net\/en\/wp-json\/wp\/v2\/types\/product"}],"replies":[{"embeddable":true,"href":"https:\/\/some-store.projetsweb.net\/en\/wp-json\/wp\/v2\/comments?post=21957"}],"wp:featuredmedia":[{"embeddable":true,"href":"https:\/\/some-store.projetsweb.net\/en\/wp-json\/wp\/v2\/media\/21958"}],"wp:attachment":[{"href":"https:\/\/some-store.projetsweb.net\/en\/wp-json\/wp\/v2\/media?parent=21957"}],"wp:term":[{"taxonomy":"product_brand","embeddable":true,"href":"https:\/\/some-store.projetsweb.net\/en\/wp-json\/wp\/v2\/product_brand?post=21957"},{"taxonomy":"product_cat","embeddable":true,"href":"https:\/\/some-store.projetsweb.net\/en\/wp-json\/wp\/v2\/product_cat?post=21957"},{"taxonomy":"product_tag","embeddable":true,"href":"https:\/\/some-store.projetsweb.net\/en\/wp-json\/wp\/v2\/product_tag?post=21957"}],"curies":[{"name":"wp","href":"https:\/\/api.w.org\/{rel}","templated":true}]}}