{"id":21951,"date":"2026-03-18T13:49:35","date_gmt":"2026-03-18T13:49:35","guid":{"rendered":"https:\/\/some-store.projetsweb.net\/?post_type=product&#038;p=21951"},"modified":"2026-03-18T13:49:35","modified_gmt":"2026-03-18T13:49:35","slug":"barrettes-fleurs-daisy-x6","status":"publish","type":"product","link":"https:\/\/some-store.projetsweb.net\/en\/shop\/themes-occasions\/anniversaires\/par-themes\/fleurs\/barrettes-fleurs-daisy-x6\/","title":{"rendered":"Barrettes fleurs daisy x6"},"content":{"rendered":"","protected":false},"excerpt":{"rendered":"<p data-start=\"46\" data-end=\"312\">Apportez instantan\u00e9ment une touche florale \u00e0 toutes les coiffures avec ces jolies barrettes marguerites en \u00e9mail. D\u00e9clin\u00e9es en couleurs pastel avec une finition dor\u00e9e \u00e9l\u00e9gante, elles sont parfaites pour le printemps et constituent une adorable id\u00e9e cadeau.<\/p>\n<ul data-start=\"314\" data-end=\"563\">\n<li data-section-id=\"m02r09\" data-start=\"314\" data-end=\"359\">\n<p data-start=\"316\" data-end=\"359\">Barrettes en \u00e9mail pastel sur laiton dor\u00e9<\/p>\n<\/li>\n<li data-section-id=\"1x3j13v\" data-start=\"360\" data-end=\"395\">\n<p data-start=\"362\" data-end=\"395\">Pinces \u00e0 cheveux finition dor\u00e9e<\/p>\n<\/li>\n<li data-section-id=\"pf8f0u\" data-start=\"396\" data-end=\"448\">\n<p data-start=\"398\" data-end=\"448\">6 fleurs de couleurs diff\u00e9rentes dans chaque set<\/p>\n<\/li>\n<li data-section-id=\"1tst44q\" data-start=\"449\" data-end=\"491\">\n<p data-start=\"451\" data-end=\"491\">Convient aux enfants \u00e0 partir de 8 ans<\/p>\n<\/li>\n<li data-section-id=\"1y9dqu0\" data-start=\"492\" data-end=\"514\">\n<p data-start=\"494\" data-end=\"514\">Lot de 6 barrettes<\/p>\n<\/li>\n<li data-section-id=\"9eg48h\" data-start=\"516\" data-end=\"563\">\n<p data-start=\"518\" data-end=\"563\">Dimensions du pack : 8,57 x 10,48 x 1,59 cm<\/p>\n<\/li>\n<\/ul>\n<p data-start=\"565\" data-end=\"590\" data-is-last-node=\"\" data-is-only-node=\"\"><strong data-start=\"565\" data-end=\"590\" data-is-last-node=\"\">Code produit : 185023<\/strong><\/p>","protected":false},"featured_media":21952,"comment_status":"open","ping_status":"closed","template":"","meta":[],"product_brand":[],"product_cat":[271,290],"product_tag":[],"class_list":{"0":"post-21951","1":"product","2":"type-product","3":"status-publish","4":"has-post-thumbnail","6":"product_cat-barrettes-et-serre-tete","7":"product_cat-fleurs","9":"first","10":"instock","11":"virtual","12":"purchasable","13":"product-type-simple"},"_links":{"self":[{"href":"https:\/\/some-store.projetsweb.net\/en\/wp-json\/wp\/v2\/product\/21951","targetHints":{"allow":["GET"]}}],"collection":[{"href":"https:\/\/some-store.projetsweb.net\/en\/wp-json\/wp\/v2\/product"}],"about":[{"href":"https:\/\/some-store.projetsweb.net\/en\/wp-json\/wp\/v2\/types\/product"}],"replies":[{"embeddable":true,"href":"https:\/\/some-store.projetsweb.net\/en\/wp-json\/wp\/v2\/comments?post=21951"}],"wp:featuredmedia":[{"embeddable":true,"href":"https:\/\/some-store.projetsweb.net\/en\/wp-json\/wp\/v2\/media\/21952"}],"wp:attachment":[{"href":"https:\/\/some-store.projetsweb.net\/en\/wp-json\/wp\/v2\/media?parent=21951"}],"wp:term":[{"taxonomy":"product_brand","embeddable":true,"href":"https:\/\/some-store.projetsweb.net\/en\/wp-json\/wp\/v2\/product_brand?post=21951"},{"taxonomy":"product_cat","embeddable":true,"href":"https:\/\/some-store.projetsweb.net\/en\/wp-json\/wp\/v2\/product_cat?post=21951"},{"taxonomy":"product_tag","embeddable":true,"href":"https:\/\/some-store.projetsweb.net\/en\/wp-json\/wp\/v2\/product_tag?post=21951"}],"curies":[{"name":"wp","href":"https:\/\/api.w.org\/{rel}","templated":true}]}}