{"id":21948,"date":"2026-03-18T13:43:27","date_gmt":"2026-03-18T13:43:27","guid":{"rendered":"https:\/\/some-store.projetsweb.net\/?post_type=product&#038;p=21948"},"modified":"2026-03-18T13:43:27","modified_gmt":"2026-03-18T13:43:27","slug":"barette-a-noeud-ric-rac-x5","status":"publish","type":"product","link":"https:\/\/some-store.projetsweb.net\/en\/shop\/le-store\/les-accessoires\/barrettes-et-serre-tete\/barette-a-noeud-ric-rac-x5\/","title":{"rendered":"Barette \u00e0 n\u0153ud ric rac x5"},"content":{"rendered":"","protected":false},"excerpt":{"rendered":"<p data-start=\"46\" data-end=\"307\">Transformez chaque coiffure en v\u00e9ritable couronne de style avec cet \u00e9l\u00e9gant m\u00e9lange de rubans ric rac et de jolis n\u0153uds. Une touche glamour instantan\u00e9e, parfaite pour sublimer toutes les tenues et faire plaisir aux enfants qui adorent les accessoires. A offrir \u00e9galement en cadeau de retour!<\/p>\n<ul data-start=\"309\" data-end=\"554\">\n<li data-section-id=\"bi1sqj\" data-start=\"309\" data-end=\"351\">\n<p data-start=\"311\" data-end=\"351\">Lot de 5 barrettes avec rubans ric rac<\/p>\n<\/li>\n<li data-section-id=\"1jxop0p\" data-start=\"352\" data-end=\"402\">\n<p data-start=\"354\" data-end=\"402\">5 coloris : p\u00eache, rouge, rose, bleu et menthe<\/p>\n<\/li>\n<li data-section-id=\"ttu7m7\" data-start=\"403\" data-end=\"432\">\n<p data-start=\"405\" data-end=\"432\">N\u0153uds en ruban tiss\u00e9 \u00e9cru<\/p>\n<\/li>\n<li data-section-id=\"15fuljv\" data-start=\"433\" data-end=\"466\">\n<p data-start=\"435\" data-end=\"466\">Pince barrette finition dor\u00e9e<\/p>\n<\/li>\n<li data-section-id=\"961eli\" data-start=\"467\" data-end=\"509\">\n<p data-start=\"469\" data-end=\"509\">Convient aux enfants \u00e0 partir de 4 ans<\/p>\n<\/li>\n<li data-section-id=\"f9xibt\" data-start=\"511\" data-end=\"554\">\n<p data-start=\"513\" data-end=\"554\">Dimensions du pack : 12 x 18,4 x 2,2 cm<\/p>\n<\/li>\n<\/ul>\n<p data-start=\"556\" data-end=\"583\"><strong data-start=\"556\" data-end=\"581\">Code produit : 275108<\/strong><\/p>","protected":false},"featured_media":21949,"comment_status":"open","ping_status":"closed","template":"","meta":[],"product_brand":[],"product_cat":[271],"product_tag":[],"class_list":{"0":"post-21948","1":"product","2":"type-product","3":"status-publish","4":"has-post-thumbnail","6":"product_cat-barrettes-et-serre-tete","8":"first","9":"instock","10":"virtual","11":"purchasable","12":"product-type-simple"},"_links":{"self":[{"href":"https:\/\/some-store.projetsweb.net\/en\/wp-json\/wp\/v2\/product\/21948","targetHints":{"allow":["GET"]}}],"collection":[{"href":"https:\/\/some-store.projetsweb.net\/en\/wp-json\/wp\/v2\/product"}],"about":[{"href":"https:\/\/some-store.projetsweb.net\/en\/wp-json\/wp\/v2\/types\/product"}],"replies":[{"embeddable":true,"href":"https:\/\/some-store.projetsweb.net\/en\/wp-json\/wp\/v2\/comments?post=21948"}],"wp:featuredmedia":[{"embeddable":true,"href":"https:\/\/some-store.projetsweb.net\/en\/wp-json\/wp\/v2\/media\/21949"}],"wp:attachment":[{"href":"https:\/\/some-store.projetsweb.net\/en\/wp-json\/wp\/v2\/media?parent=21948"}],"wp:term":[{"taxonomy":"product_brand","embeddable":true,"href":"https:\/\/some-store.projetsweb.net\/en\/wp-json\/wp\/v2\/product_brand?post=21948"},{"taxonomy":"product_cat","embeddable":true,"href":"https:\/\/some-store.projetsweb.net\/en\/wp-json\/wp\/v2\/product_cat?post=21948"},{"taxonomy":"product_tag","embeddable":true,"href":"https:\/\/some-store.projetsweb.net\/en\/wp-json\/wp\/v2\/product_tag?post=21948"}],"curies":[{"name":"wp","href":"https:\/\/api.w.org\/{rel}","templated":true}]}}