{"id":21936,"date":"2026-03-18T13:31:50","date_gmt":"2026-03-18T13:31:50","guid":{"rendered":"https:\/\/some-store.projetsweb.net\/?post_type=product&#038;p=21936"},"modified":"2026-03-18T13:31:50","modified_gmt":"2026-03-18T13:31:50","slug":"cape-en-tulle-a-etoiles-dorees","status":"publish","type":"product","link":"https:\/\/some-store.projetsweb.net\/en\/shop\/themes-occasions\/anniversaires\/par-themes\/fees\/cape-en-tulle-a-etoiles-dorees\/","title":{"rendered":"Cape en tulle \u00e0 \u00e9toiles dor\u00e9es"},"content":{"rendered":"","protected":false},"excerpt":{"rendered":"<p>Apportez une touche de magie \u00e0 chaque tenue avec cette sublime cape en tulle rose parsem\u00e9e d\u2019\u00e9toiles dor\u00e9es. L\u00e9g\u00e8re et f\u00e9erique, elle est parfaite pour transformer chaque moment en v\u00e9ritable conte de f\u00e9es, que ce soit pour une f\u00eate, un anniversaire ou simplement pour jouer et r\u00eaver.<\/p>","protected":false},"featured_media":21937,"comment_status":"open","ping_status":"closed","template":"","meta":[],"product_brand":[],"product_cat":[272,289],"product_tag":[],"class_list":{"0":"post-21936","1":"product","2":"type-product","3":"status-publish","4":"has-post-thumbnail","6":"product_cat-deguisements","7":"product_cat-fees","9":"first","10":"instock","11":"virtual","12":"purchasable","13":"product-type-simple"},"_links":{"self":[{"href":"https:\/\/some-store.projetsweb.net\/en\/wp-json\/wp\/v2\/product\/21936","targetHints":{"allow":["GET"]}}],"collection":[{"href":"https:\/\/some-store.projetsweb.net\/en\/wp-json\/wp\/v2\/product"}],"about":[{"href":"https:\/\/some-store.projetsweb.net\/en\/wp-json\/wp\/v2\/types\/product"}],"replies":[{"embeddable":true,"href":"https:\/\/some-store.projetsweb.net\/en\/wp-json\/wp\/v2\/comments?post=21936"}],"wp:featuredmedia":[{"embeddable":true,"href":"https:\/\/some-store.projetsweb.net\/en\/wp-json\/wp\/v2\/media\/21937"}],"wp:attachment":[{"href":"https:\/\/some-store.projetsweb.net\/en\/wp-json\/wp\/v2\/media?parent=21936"}],"wp:term":[{"taxonomy":"product_brand","embeddable":true,"href":"https:\/\/some-store.projetsweb.net\/en\/wp-json\/wp\/v2\/product_brand?post=21936"},{"taxonomy":"product_cat","embeddable":true,"href":"https:\/\/some-store.projetsweb.net\/en\/wp-json\/wp\/v2\/product_cat?post=21936"},{"taxonomy":"product_tag","embeddable":true,"href":"https:\/\/some-store.projetsweb.net\/en\/wp-json\/wp\/v2\/product_tag?post=21936"}],"curies":[{"name":"wp","href":"https:\/\/api.w.org\/{rel}","templated":true}]}}