{"id":21927,"date":"2026-03-18T13:16:08","date_gmt":"2026-03-18T13:16:08","guid":{"rendered":"https:\/\/some-store.projetsweb.net\/?post_type=product&#038;p=21927"},"modified":"2026-03-18T13:16:08","modified_gmt":"2026-03-18T13:16:08","slug":"arche-de-ballons-pastels-avec-fleurs-x51","status":"publish","type":"product","link":"https:\/\/some-store.projetsweb.net\/en\/shop\/themes-occasions\/anniversaires\/par-themes\/fleurs\/arche-de-ballons-pastels-avec-fleurs-x51\/","title":{"rendered":"Arche de ballons pastels avec fleurs x51"},"content":{"rendered":"","protected":false},"excerpt":{"rendered":"<p>Apportez une touche spectaculaire \u00e0 votre d\u00e9coration avec cette magnifique guirlande de ballons. Facile \u00e0 assembler, elle offre un effet \u201cwow\u201d garanti pour sublimer vos \u00e9v\u00e9nements en toute simplicit\u00e9.<\/p>\n<ul data-start=\"358\" data-end=\"775\">\n<li data-section-id=\"1ifuvuf\" data-start=\"358\" data-end=\"439\">\n<p data-start=\"360\" data-end=\"439\">Ballons en 4 tailles et 5 couleurs : blanc, ivoire, lilas, blush et rose gold<\/p>\n<\/li>\n<li data-section-id=\"yhe5a9\" data-start=\"440\" data-end=\"484\">\n<p data-start=\"442\" data-end=\"484\">4 grandes fleurs en papier et 10 petites<\/p>\n<\/li>\n<li data-section-id=\"n2gdpj\" data-start=\"485\" data-end=\"530\">\n<p data-start=\"487\" data-end=\"530\">5 longues feuilles en papier et 5 petites<\/p>\n<\/li>\n<li data-section-id=\"nw0gi6\" data-start=\"531\" data-end=\"562\">\n<p data-start=\"533\" data-end=\"562\">Cordon dor\u00e9 pour suspension<\/p>\n<\/li>\n<li data-section-id=\"1oim6r1\" data-start=\"563\" data-end=\"605\">\n<p data-start=\"565\" data-end=\"605\">Bande de fixation pour ballons incluse<\/p>\n<\/li>\n<li data-section-id=\"91l6gg\" data-start=\"606\" data-end=\"639\">\n<p data-start=\"608\" data-end=\"639\">Instructions simples \u00e0 suivre<\/p>\n<\/li>\n<li data-section-id=\"v0b26g\" data-start=\"640\" data-end=\"661\">\n<p data-start=\"642\" data-end=\"661\">Assemblage facile<\/p>\n<\/li>\n<li data-section-id=\"9rrkv7\" data-start=\"662\" data-end=\"692\">\n<p data-start=\"664\" data-end=\"692\">Convient \u00e0 partir de 8 ans<\/p>\n<\/li>\n<li data-section-id=\"1ynuc4r\" data-start=\"693\" data-end=\"714\">\n<p data-start=\"695\" data-end=\"714\">Lot de 51 ballons<\/p>\n<\/li>\n<li data-section-id=\"1m4g4y8\" data-start=\"716\" data-end=\"775\">\n<p data-start=\"718\" data-end=\"775\">Dimensions approximatives (gonfl\u00e9) : 244 x 107 x 102 cm<\/p>\n<\/li>\n<\/ul>\n<p data-start=\"777\" data-end=\"804\"><strong data-start=\"777\" data-end=\"802\">Code produit : 271309<\/strong><\/p>","protected":false},"featured_media":21928,"comment_status":"open","ping_status":"closed","template":"","meta":[],"product_brand":[],"product_cat":[276,277,257,321,290],"product_tag":[],"class_list":{"0":"post-21927","1":"product","2":"type-product","3":"status-publish","4":"has-post-thumbnail","6":"product_cat-baby-shower","7":"product_cat-bachelorette","8":"product_cat-ballons","9":"product_cat-bapteme","10":"product_cat-fleurs","12":"first","13":"instock","14":"virtual","15":"purchasable","16":"product-type-simple"},"_links":{"self":[{"href":"https:\/\/some-store.projetsweb.net\/en\/wp-json\/wp\/v2\/product\/21927","targetHints":{"allow":["GET"]}}],"collection":[{"href":"https:\/\/some-store.projetsweb.net\/en\/wp-json\/wp\/v2\/product"}],"about":[{"href":"https:\/\/some-store.projetsweb.net\/en\/wp-json\/wp\/v2\/types\/product"}],"replies":[{"embeddable":true,"href":"https:\/\/some-store.projetsweb.net\/en\/wp-json\/wp\/v2\/comments?post=21927"}],"wp:featuredmedia":[{"embeddable":true,"href":"https:\/\/some-store.projetsweb.net\/en\/wp-json\/wp\/v2\/media\/21928"}],"wp:attachment":[{"href":"https:\/\/some-store.projetsweb.net\/en\/wp-json\/wp\/v2\/media?parent=21927"}],"wp:term":[{"taxonomy":"product_brand","embeddable":true,"href":"https:\/\/some-store.projetsweb.net\/en\/wp-json\/wp\/v2\/product_brand?post=21927"},{"taxonomy":"product_cat","embeddable":true,"href":"https:\/\/some-store.projetsweb.net\/en\/wp-json\/wp\/v2\/product_cat?post=21927"},{"taxonomy":"product_tag","embeddable":true,"href":"https:\/\/some-store.projetsweb.net\/en\/wp-json\/wp\/v2\/product_tag?post=21927"}],"curies":[{"name":"wp","href":"https:\/\/api.w.org\/{rel}","templated":true}]}}