{"id":21917,"date":"2026-03-18T13:05:20","date_gmt":"2026-03-18T13:05:20","guid":{"rendered":"https:\/\/some-store.projetsweb.net\/?post_type=product&#038;p=21917"},"modified":"2026-03-18T13:05:20","modified_gmt":"2026-03-18T13:05:20","slug":"bougie-etoile-jaune","status":"publish","type":"product","link":"https:\/\/some-store.projetsweb.net\/en\/shop\/themes-occasions\/anniversaires\/par-themes\/astronaute\/bougie-etoile-jaune\/","title":{"rendered":"Bougie \u00e9toile jaune"},"content":{"rendered":"","protected":false},"excerpt":{"rendered":"<p>Laissez cette bougie \u00e9toile briller de mille feux sur tous vos g\u00e2teaux de f\u00eate. Id\u00e9ale pour un anniversaire, le Nouvel An, une remise de dipl\u00f4me, un mariage, un anniversaire de mariage ou m\u00eame une f\u00eate sur le th\u00e8me de l\u2019espace, elle apporte une touche scintillante et magique \u00e0 chaque c\u00e9l\u00e9bration.<\/p>\n<ul data-start=\"70\" data-end=\"207\">\n<li data-section-id=\"1mm0sy7\" data-start=\"70\" data-end=\"112\">\n<p data-start=\"72\" data-end=\"112\">Bougie en cire en forme d\u2019\u00e9toile jaune<\/p>\n<\/li>\n<li data-section-id=\"1bf5aa1\" data-start=\"113\" data-end=\"161\">\n<p data-start=\"115\" data-end=\"161\">Recommand\u00e9 d\u2019utiliser avec un support adapt\u00e9<\/p>\n<\/li>\n<li data-section-id=\"1t6k0aj\" data-start=\"162\" data-end=\"207\">\n<p data-start=\"164\" data-end=\"207\">Hauteur de la bougie (avec pic) : 12,7 cm<\/p>\n<\/li>\n<\/ul>\n<p data-start=\"209\" data-end=\"234\" data-is-last-node=\"\" data-is-only-node=\"\"><strong data-start=\"209\" data-end=\"227\">Code produit :<\/strong> 289626<\/p>","protected":false},"featured_media":21918,"comment_status":"open","ping_status":"closed","template":"","meta":[],"product_brand":[],"product_cat":[282,276,321,258],"product_tag":[],"class_list":{"0":"post-21917","1":"product","2":"type-product","3":"status-publish","4":"has-post-thumbnail","6":"product_cat-astronaute","7":"product_cat-baby-shower","8":"product_cat-bapteme","9":"product_cat-bougies","11":"first","12":"instock","13":"virtual","14":"purchasable","15":"product-type-simple"},"_links":{"self":[{"href":"https:\/\/some-store.projetsweb.net\/en\/wp-json\/wp\/v2\/product\/21917","targetHints":{"allow":["GET"]}}],"collection":[{"href":"https:\/\/some-store.projetsweb.net\/en\/wp-json\/wp\/v2\/product"}],"about":[{"href":"https:\/\/some-store.projetsweb.net\/en\/wp-json\/wp\/v2\/types\/product"}],"replies":[{"embeddable":true,"href":"https:\/\/some-store.projetsweb.net\/en\/wp-json\/wp\/v2\/comments?post=21917"}],"wp:featuredmedia":[{"embeddable":true,"href":"https:\/\/some-store.projetsweb.net\/en\/wp-json\/wp\/v2\/media\/21918"}],"wp:attachment":[{"href":"https:\/\/some-store.projetsweb.net\/en\/wp-json\/wp\/v2\/media?parent=21917"}],"wp:term":[{"taxonomy":"product_brand","embeddable":true,"href":"https:\/\/some-store.projetsweb.net\/en\/wp-json\/wp\/v2\/product_brand?post=21917"},{"taxonomy":"product_cat","embeddable":true,"href":"https:\/\/some-store.projetsweb.net\/en\/wp-json\/wp\/v2\/product_cat?post=21917"},{"taxonomy":"product_tag","embeddable":true,"href":"https:\/\/some-store.projetsweb.net\/en\/wp-json\/wp\/v2\/product_tag?post=21917"}],"curies":[{"name":"wp","href":"https:\/\/api.w.org\/{rel}","templated":true}]}}