{"id":21909,"date":"2026-03-18T12:57:36","date_gmt":"2026-03-18T12:57:36","guid":{"rendered":"https:\/\/some-store.projetsweb.net\/?post_type=product&#038;p=21909"},"modified":"2026-03-18T12:57:59","modified_gmt":"2026-03-18T12:57:59","slug":"bougies-mini-pastels-x50","status":"publish","type":"product","link":"https:\/\/some-store.projetsweb.net\/en\/shop\/le-store\/la-decoration\/bougies\/bougies-mini-pastels-x50\/","title":{"rendered":"Bougies mini pastels x50"},"content":{"rendered":"","protected":false},"excerpt":{"rendered":"<p>\u00c9teignez les lumi\u00e8res\u2026 un arc-en-ciel de couleurs entre en sc\u00e8ne ! Apportez une touche magique \u00e0 votre g\u00e2teau d\u2019anniversaire avec ce superbe set de mini bougies. Un m\u00e9lange parfait de tons pastel et de dorure \u00e9l\u00e9gante, \u00e0 disposer selon l\u2019effet souhait\u00e9. Id\u00e9al \u00e0 garder sous la main pour illuminer vos desserts en un instant, il est aussi parfait pour les cupcakes!<\/p>\n<ul data-start=\"70\" data-end=\"339\">\n<li data-section-id=\"sv76ar\" data-start=\"70\" data-end=\"173\">\n<p data-start=\"72\" data-end=\"173\">50 bougies d\u2019anniversaire en 6 coloris pastel : violet, magenta, rose clair, p\u00eache, jaune et menthe<\/p>\n<\/li>\n<li data-section-id=\"biwvk5\" data-start=\"174\" data-end=\"217\">\n<p data-start=\"176\" data-end=\"217\">D\u00e9tails tremp\u00e9s dans une finition dor\u00e9e<\/p>\n<\/li>\n<li data-section-id=\"1m10y10\" data-start=\"218\" data-end=\"271\">\n<p data-start=\"220\" data-end=\"271\">\u00c0 utiliser avec des supports adapt\u00e9s (non inclus)<\/p>\n<\/li>\n<li data-section-id=\"1m7e7pk\" data-start=\"272\" data-end=\"306\">\n<p data-start=\"274\" data-end=\"306\">Lot de 50 bougies (6 couleurs)<\/p>\n<\/li>\n<li data-section-id=\"1xrhaa1\" data-start=\"307\" data-end=\"339\">\n<p data-start=\"309\" data-end=\"339\">Hauteur des bougies : 5,4 cm<\/p>\n<\/li>\n<\/ul>\n<p data-start=\"341\" data-end=\"366\" data-is-last-node=\"\" data-is-only-node=\"\"><strong data-start=\"341\" data-end=\"359\">Code produit :<\/strong> 285666<\/p>","protected":false},"featured_media":21910,"comment_status":"open","ping_status":"closed","template":"","meta":[],"product_brand":[],"product_cat":[258],"product_tag":[],"class_list":{"0":"post-21909","1":"product","2":"type-product","3":"status-publish","4":"has-post-thumbnail","6":"product_cat-bougies","8":"first","9":"instock","10":"virtual","11":"purchasable","12":"product-type-simple"},"_links":{"self":[{"href":"https:\/\/some-store.projetsweb.net\/en\/wp-json\/wp\/v2\/product\/21909","targetHints":{"allow":["GET"]}}],"collection":[{"href":"https:\/\/some-store.projetsweb.net\/en\/wp-json\/wp\/v2\/product"}],"about":[{"href":"https:\/\/some-store.projetsweb.net\/en\/wp-json\/wp\/v2\/types\/product"}],"replies":[{"embeddable":true,"href":"https:\/\/some-store.projetsweb.net\/en\/wp-json\/wp\/v2\/comments?post=21909"}],"wp:featuredmedia":[{"embeddable":true,"href":"https:\/\/some-store.projetsweb.net\/en\/wp-json\/wp\/v2\/media\/21910"}],"wp:attachment":[{"href":"https:\/\/some-store.projetsweb.net\/en\/wp-json\/wp\/v2\/media?parent=21909"}],"wp:term":[{"taxonomy":"product_brand","embeddable":true,"href":"https:\/\/some-store.projetsweb.net\/en\/wp-json\/wp\/v2\/product_brand?post=21909"},{"taxonomy":"product_cat","embeddable":true,"href":"https:\/\/some-store.projetsweb.net\/en\/wp-json\/wp\/v2\/product_cat?post=21909"},{"taxonomy":"product_tag","embeddable":true,"href":"https:\/\/some-store.projetsweb.net\/en\/wp-json\/wp\/v2\/product_tag?post=21909"}],"curies":[{"name":"wp","href":"https:\/\/api.w.org\/{rel}","templated":true}]}}