{"id":21892,"date":"2026-03-18T12:42:41","date_gmt":"2026-03-18T12:42:41","guid":{"rendered":"https:\/\/some-store.projetsweb.net\/?post_type=product&#038;p=21892"},"modified":"2026-03-21T15:01:34","modified_gmt":"2026-03-21T15:01:34","slug":"bougies-fleurs-daisy-x6","status":"publish","type":"product","link":"https:\/\/some-store.projetsweb.net\/en\/shop\/themes-occasions\/anniversaires\/par-themes\/fleurs\/bougies-fleurs-daisy-x6\/","title":{"rendered":"Bougies fleurs daisy x6"},"content":{"rendered":"","protected":false},"excerpt":{"rendered":"<p>Apportez une touche florale pleine de fra\u00eecheur \u00e0 vos g\u00e2teaux avec ces bougies marguerites. V\u00e9ritable souffle de printemps, elles sont parfaites pour les anniversaires de saison, les pique-niques, les garden parties ou les f\u00eates f\u00e9eriques.<\/p>\n<ul data-start=\"70\" data-end=\"198\">\n<li data-section-id=\"szwxw5\" data-start=\"70\" data-end=\"123\">\n<p data-start=\"72\" data-end=\"123\">6 bougies marguerites 3D en 2 tailles diff\u00e9rentes<\/p>\n<\/li>\n<li data-section-id=\"11g3ru9\" data-start=\"124\" data-end=\"156\">\n<p data-start=\"126\" data-end=\"156\">Lot de 6 bougies (2 tailles)<\/p>\n<\/li>\n<li data-section-id=\"kaojcd\" data-start=\"157\" data-end=\"198\">\n<p data-start=\"159\" data-end=\"198\">Hauteur moyenne (avec pic) : 10,16 cm<\/p>\n<\/li>\n<\/ul>\n<p data-start=\"200\" data-end=\"225\" data-is-last-node=\"\" data-is-only-node=\"\"><strong data-start=\"200\" data-end=\"218\">Code produit :<\/strong> 275432<\/p>","protected":false},"featured_media":21893,"comment_status":"closed","ping_status":"closed","template":"","meta":[],"product_brand":[],"product_cat":[258,290],"product_tag":[],"class_list":{"0":"post-21892","1":"product","2":"type-product","3":"status-publish","4":"has-post-thumbnail","6":"product_cat-bougies","7":"product_cat-fleurs","9":"first","10":"instock","11":"virtual","12":"purchasable","13":"product-type-simple"},"_links":{"self":[{"href":"https:\/\/some-store.projetsweb.net\/en\/wp-json\/wp\/v2\/product\/21892","targetHints":{"allow":["GET"]}}],"collection":[{"href":"https:\/\/some-store.projetsweb.net\/en\/wp-json\/wp\/v2\/product"}],"about":[{"href":"https:\/\/some-store.projetsweb.net\/en\/wp-json\/wp\/v2\/types\/product"}],"replies":[{"embeddable":true,"href":"https:\/\/some-store.projetsweb.net\/en\/wp-json\/wp\/v2\/comments?post=21892"}],"wp:featuredmedia":[{"embeddable":true,"href":"https:\/\/some-store.projetsweb.net\/en\/wp-json\/wp\/v2\/media\/21893"}],"wp:attachment":[{"href":"https:\/\/some-store.projetsweb.net\/en\/wp-json\/wp\/v2\/media?parent=21892"}],"wp:term":[{"taxonomy":"product_brand","embeddable":true,"href":"https:\/\/some-store.projetsweb.net\/en\/wp-json\/wp\/v2\/product_brand?post=21892"},{"taxonomy":"product_cat","embeddable":true,"href":"https:\/\/some-store.projetsweb.net\/en\/wp-json\/wp\/v2\/product_cat?post=21892"},{"taxonomy":"product_tag","embeddable":true,"href":"https:\/\/some-store.projetsweb.net\/en\/wp-json\/wp\/v2\/product_tag?post=21892"}],"curies":[{"name":"wp","href":"https:\/\/api.w.org\/{rel}","templated":true}]}}