{"id":21889,"date":"2026-03-18T12:39:32","date_gmt":"2026-03-18T12:39:32","guid":{"rendered":"https:\/\/some-store.projetsweb.net\/?post_type=product&#038;p=21889"},"modified":"2026-04-09T10:27:32","modified_gmt":"2026-04-09T10:27:32","slug":"bougies-etoiles-couleurs-mixtes-x6","status":"publish","type":"product","link":"https:\/\/some-store.projetsweb.net\/en\/shop\/themes-occasions\/anniversaires\/par-themes\/astronaute\/bougies-etoiles-couleurs-mixtes-x6\/","title":{"rendered":"Bougies \u00e9toiles couleurs mixtes x6"},"content":{"rendered":"","protected":false},"excerpt":{"rendered":"<p>Offrez \u00e0 vos g\u00e2teaux un effet \u201cwaouh\u201d avec ces bougies \u00e9toiles ! Parfaites pour un anniversaire, une baby shower ou pour faire sentir \u00e0 quelqu\u2019un qu\u2019il est une v\u00e9ritable star.<\/p>\n<ul data-start=\"70\" data-end=\"255\">\n<li data-section-id=\"kbl47j\" data-start=\"70\" data-end=\"114\">\n<p data-start=\"72\" data-end=\"114\">Bougies \u00e9toiles mont\u00e9es sur pics en bois<\/p>\n<\/li>\n<li data-section-id=\"yqxavj\" data-start=\"115\" data-end=\"180\">\n<p data-start=\"117\" data-end=\"180\">Trois hauteurs diff\u00e9rentes pour un effet visuel spectaculaire<\/p>\n<\/li>\n<li data-section-id=\"1azk794\" data-start=\"181\" data-end=\"213\">\n<p data-start=\"183\" data-end=\"213\">Lot de 6 bougies (6 coloris)<\/p>\n<\/li>\n<li data-section-id=\"xdovft\" data-start=\"214\" data-end=\"255\">\n<p data-start=\"216\" data-end=\"255\">Hauteur moyenne (avec pic) : 15,24 cm<\/p>\n<\/li>\n<\/ul>\n<p data-start=\"257\" data-end=\"282\" data-is-last-node=\"\" data-is-only-node=\"\"><strong data-start=\"257\" data-end=\"275\">Code produit :<\/strong> 223074<\/p>","protected":false},"featured_media":21890,"comment_status":"open","ping_status":"closed","template":"","meta":[],"product_brand":[],"product_cat":[282,276,277,321,258,278,300],"product_tag":[],"class_list":{"0":"post-21889","1":"product","2":"type-product","3":"status-publish","4":"has-post-thumbnail","6":"product_cat-astronaute","7":"product_cat-baby-shower","8":"product_cat-bachelorette","9":"product_cat-bapteme","10":"product_cat-bougies","11":"product_cat-gender-reveal","12":"product_cat-paw-patrol","14":"first","15":"instock","16":"virtual","17":"purchasable","18":"product-type-simple"},"_links":{"self":[{"href":"https:\/\/some-store.projetsweb.net\/en\/wp-json\/wp\/v2\/product\/21889","targetHints":{"allow":["GET"]}}],"collection":[{"href":"https:\/\/some-store.projetsweb.net\/en\/wp-json\/wp\/v2\/product"}],"about":[{"href":"https:\/\/some-store.projetsweb.net\/en\/wp-json\/wp\/v2\/types\/product"}],"replies":[{"embeddable":true,"href":"https:\/\/some-store.projetsweb.net\/en\/wp-json\/wp\/v2\/comments?post=21889"}],"wp:featuredmedia":[{"embeddable":true,"href":"https:\/\/some-store.projetsweb.net\/en\/wp-json\/wp\/v2\/media\/21890"}],"wp:attachment":[{"href":"https:\/\/some-store.projetsweb.net\/en\/wp-json\/wp\/v2\/media?parent=21889"}],"wp:term":[{"taxonomy":"product_brand","embeddable":true,"href":"https:\/\/some-store.projetsweb.net\/en\/wp-json\/wp\/v2\/product_brand?post=21889"},{"taxonomy":"product_cat","embeddable":true,"href":"https:\/\/some-store.projetsweb.net\/en\/wp-json\/wp\/v2\/product_cat?post=21889"},{"taxonomy":"product_tag","embeddable":true,"href":"https:\/\/some-store.projetsweb.net\/en\/wp-json\/wp\/v2\/product_tag?post=21889"}],"curies":[{"name":"wp","href":"https:\/\/api.w.org\/{rel}","templated":true}]}}