{"id":21885,"date":"2026-03-18T12:36:08","date_gmt":"2026-03-18T12:36:08","guid":{"rendered":"https:\/\/some-store.projetsweb.net\/?post_type=product&#038;p=21885"},"modified":"2026-04-09T10:30:03","modified_gmt":"2026-04-09T10:30:03","slug":"bougies-swirly-couleurs-pastel-x20","status":"publish","type":"product","link":"https:\/\/some-store.projetsweb.net\/en\/shop\/themes-occasions\/anniversaires\/par-themes\/animaux-de-la-ferme\/bougies-swirly-couleurs-pastel-x20\/","title":{"rendered":"Bougies swirly couleurs pastel x20"},"content":{"rendered":"","protected":false},"excerpt":{"rendered":"<p>Apportez une touche de douceur et de jolies formes \u00e0 vos g\u00e2teaux de f\u00eate avec ces magnifiques bougies. Parfaites pour un anniversaire ou une baby shower, elles sublimeront vos desserts en un instant.<\/p>\n<ul data-start=\"70\" data-end=\"231\">\n<li data-section-id=\"1khi0us\" data-start=\"70\" data-end=\"98\">\n<p data-start=\"72\" data-end=\"98\">Forme torsad\u00e9e originale<\/p>\n<\/li>\n<li data-section-id=\"1q3gu0c\" data-start=\"99\" data-end=\"163\">\n<p data-start=\"101\" data-end=\"163\">Couleurs pastel : bleu, jaune, rose, orange, menthe et lilas<\/p>\n<\/li>\n<li data-section-id=\"1c65ia4\" data-start=\"164\" data-end=\"197\">\n<p data-start=\"166\" data-end=\"197\">Lot de 20 bougies (6 coloris)<\/p>\n<\/li>\n<li data-section-id=\"151yhbw\" data-start=\"198\" data-end=\"231\">\n<p data-start=\"200\" data-end=\"231\">Hauteur des bougies : 12,7 cm<\/p>\n<\/li>\n<\/ul>\n<p data-start=\"233\" data-end=\"258\" data-is-last-node=\"\" data-is-only-node=\"\"><strong data-start=\"233\" data-end=\"251\">Code produit :<\/strong> 223011<\/p>","protected":false},"featured_media":21886,"comment_status":"open","ping_status":"closed","template":"","meta":[],"product_brand":[],"product_cat":[279,276,277,321,258,289,278,288,293,295],"product_tag":[],"class_list":{"0":"post-21885","1":"product","2":"type-product","3":"status-publish","4":"has-post-thumbnail","6":"product_cat-animaux-de-la-ferme","7":"product_cat-baby-shower","8":"product_cat-bachelorette","9":"product_cat-bapteme","10":"product_cat-bougies","11":"product_cat-fees","12":"product_cat-gender-reveal","13":"product_cat-ice-cream","14":"product_cat-papillons","15":"product_cat-roller","17":"first","18":"instock","19":"virtual","20":"purchasable","21":"product-type-simple"},"_links":{"self":[{"href":"https:\/\/some-store.projetsweb.net\/en\/wp-json\/wp\/v2\/product\/21885","targetHints":{"allow":["GET"]}}],"collection":[{"href":"https:\/\/some-store.projetsweb.net\/en\/wp-json\/wp\/v2\/product"}],"about":[{"href":"https:\/\/some-store.projetsweb.net\/en\/wp-json\/wp\/v2\/types\/product"}],"replies":[{"embeddable":true,"href":"https:\/\/some-store.projetsweb.net\/en\/wp-json\/wp\/v2\/comments?post=21885"}],"wp:featuredmedia":[{"embeddable":true,"href":"https:\/\/some-store.projetsweb.net\/en\/wp-json\/wp\/v2\/media\/21886"}],"wp:attachment":[{"href":"https:\/\/some-store.projetsweb.net\/en\/wp-json\/wp\/v2\/media?parent=21885"}],"wp:term":[{"taxonomy":"product_brand","embeddable":true,"href":"https:\/\/some-store.projetsweb.net\/en\/wp-json\/wp\/v2\/product_brand?post=21885"},{"taxonomy":"product_cat","embeddable":true,"href":"https:\/\/some-store.projetsweb.net\/en\/wp-json\/wp\/v2\/product_cat?post=21885"},{"taxonomy":"product_tag","embeddable":true,"href":"https:\/\/some-store.projetsweb.net\/en\/wp-json\/wp\/v2\/product_tag?post=21885"}],"curies":[{"name":"wp","href":"https:\/\/api.w.org\/{rel}","templated":true}]}}