{"id":21875,"date":"2026-03-18T12:23:17","date_gmt":"2026-03-18T12:23:17","guid":{"rendered":"https:\/\/some-store.projetsweb.net\/?post_type=product&#038;p=21875"},"modified":"2026-04-13T11:25:06","modified_gmt":"2026-04-13T11:25:06","slug":"guirlande-a-franges-roses","status":"publish","type":"product","link":"https:\/\/some-store.projetsweb.net\/en\/shop\/themes-occasions\/anniversaires\/par-themes\/ballerine-par-themes\/guirlande-a-franges-roses\/","title":{"rendered":"Guirlande \u00e0 franges roses"},"content":{"rendered":"","protected":false},"excerpt":{"rendered":"<p>Apportez une touche douce et pleine de charme \u00e0 votre d\u00e9coration avec cette guirlande \u00e0 franges en papier de soie ! Parfaite pour habiller un mur, une table ou cr\u00e9er un fond photo, elle apporte du volume et remplit joliment l\u2019espace. R\u00e9utilisable, elle est id\u00e9ale pour une f\u00eate princesse, licorne, f\u00e9erique, une bridal shower ou une baby shower. Elle trouvera aussi facilement sa place dans une chambre pour ajouter une note color\u00e9e et joyeuse au quotidien.<\/p>\n<ul data-start=\"70\" data-end=\"306\">\n<li data-section-id=\"76ba3e\" data-start=\"70\" data-end=\"134\">\n<p data-start=\"72\" data-end=\"134\">Guirlande compos\u00e9e de 9 fanions superpos\u00e9s en papier de soie<\/p>\n<\/li>\n<li data-section-id=\"socelk\" data-start=\"135\" data-end=\"187\">\n<p data-start=\"137\" data-end=\"187\">3 coloris : rose p\u00eache, rose p\u00e2le et corail n\u00e9on<\/p>\n<\/li>\n<li data-section-id=\"5enu7y\" data-start=\"188\" data-end=\"226\">\n<p data-start=\"190\" data-end=\"226\">Ruban gros-grain couleur naturelle<\/p>\n<\/li>\n<li data-section-id=\"1kb06xc\" data-start=\"227\" data-end=\"264\">\n<p data-start=\"229\" data-end=\"264\">Longueur de la guirlande : 2,29 m<\/p>\n<\/li>\n<li data-section-id=\"ygjuw3\" data-start=\"265\" data-end=\"306\">\n<p data-start=\"267\" data-end=\"306\">Longueur totale avec ficelle : 3,51 m<\/p>\n<\/li>\n<\/ul>\n<p data-start=\"308\" data-end=\"333\" data-is-last-node=\"\" data-is-only-node=\"\"><strong data-start=\"308\" data-end=\"326\">Code produit :<\/strong> 287097<\/p>","protected":false},"featured_media":21876,"comment_status":"open","ping_status":"closed","template":"","meta":[],"product_brand":[],"product_cat":[276,277,283,321,335,263,292,301],"product_tag":[],"class_list":{"0":"post-21875","1":"product","2":"type-product","3":"status-publish","4":"has-post-thumbnail","6":"product_cat-baby-shower","7":"product_cat-bachelorette","8":"product_cat-ballerine-par-themes","9":"product_cat-bapteme","10":"product_cat-cerise","11":"product_cat-guirlandes-la-decoration","12":"product_cat-licornes","13":"product_cat-peppa-pig","15":"first","16":"instock","17":"virtual","18":"purchasable","19":"product-type-simple"},"_links":{"self":[{"href":"https:\/\/some-store.projetsweb.net\/en\/wp-json\/wp\/v2\/product\/21875","targetHints":{"allow":["GET"]}}],"collection":[{"href":"https:\/\/some-store.projetsweb.net\/en\/wp-json\/wp\/v2\/product"}],"about":[{"href":"https:\/\/some-store.projetsweb.net\/en\/wp-json\/wp\/v2\/types\/product"}],"replies":[{"embeddable":true,"href":"https:\/\/some-store.projetsweb.net\/en\/wp-json\/wp\/v2\/comments?post=21875"}],"wp:featuredmedia":[{"embeddable":true,"href":"https:\/\/some-store.projetsweb.net\/en\/wp-json\/wp\/v2\/media\/21876"}],"wp:attachment":[{"href":"https:\/\/some-store.projetsweb.net\/en\/wp-json\/wp\/v2\/media?parent=21875"}],"wp:term":[{"taxonomy":"product_brand","embeddable":true,"href":"https:\/\/some-store.projetsweb.net\/en\/wp-json\/wp\/v2\/product_brand?post=21875"},{"taxonomy":"product_cat","embeddable":true,"href":"https:\/\/some-store.projetsweb.net\/en\/wp-json\/wp\/v2\/product_cat?post=21875"},{"taxonomy":"product_tag","embeddable":true,"href":"https:\/\/some-store.projetsweb.net\/en\/wp-json\/wp\/v2\/product_tag?post=21875"}],"curies":[{"name":"wp","href":"https:\/\/api.w.org\/{rel}","templated":true}]}}