{"id":21871,"date":"2026-03-18T12:19:35","date_gmt":"2026-03-18T12:19:35","guid":{"rendered":"https:\/\/some-store.projetsweb.net\/?post_type=product&#038;p=21871"},"modified":"2026-03-27T11:06:13","modified_gmt":"2026-03-27T11:06:13","slug":"guirlande-a-franges-couleurs-pastels","status":"publish","type":"product","link":"https:\/\/some-store.projetsweb.net\/en\/shop\/themes-occasions\/anniversaires\/par-themes\/fees\/guirlande-a-franges-couleurs-pastels\/","title":{"rendered":"Guirlande \u00e0 franges couleurs pastels"},"content":{"rendered":"","protected":false},"excerpt":{"rendered":"<p>Apportez une touche douce et color\u00e9e \u00e0 votre d\u00e9coration avec cette guirlande \u00e0 franges en papier de soie ! Id\u00e9ale pour habiller un mur, une table ou cr\u00e9er un fond photo, elle apporte du volume et remplit parfaitement l\u2019espace. R\u00e9utilisable, elle est parfaite pour une f\u00eate princesse, licorne, f\u00e9erique, une bridal shower ou une baby shower. Elle trouvera aussi facilement sa place dans une chambre pour ajouter une note joyeuse au quotidien.<\/p>\n<ul data-start=\"70\" data-end=\"333\">\n<li data-section-id=\"76ba3e\" data-start=\"70\" data-end=\"134\">\n<p data-start=\"72\" data-end=\"134\">Guirlande compos\u00e9e de 9 fanions superpos\u00e9s en papier de soie<\/p>\n<\/li>\n<li data-section-id=\"1nu37j1\" data-start=\"135\" data-end=\"214\">\n<p data-start=\"137\" data-end=\"214\">Couleurs pastel : lilas, rose p\u00e2le, menthe, jaune p\u00e2le, p\u00eache et bleu clair<\/p>\n<\/li>\n<li data-section-id=\"5enu7y\" data-start=\"215\" data-end=\"253\">\n<p data-start=\"217\" data-end=\"253\">Ruban gros-grain couleur naturelle<\/p>\n<\/li>\n<li data-section-id=\"1kb06xc\" data-start=\"254\" data-end=\"291\">\n<p data-start=\"256\" data-end=\"291\">Longueur de la guirlande : 2,29 m<\/p>\n<\/li>\n<li data-section-id=\"ygjuw3\" data-start=\"292\" data-end=\"333\">\n<p data-start=\"294\" data-end=\"333\">Longueur totale avec ficelle : 3,51 m<\/p>\n<\/li>\n<\/ul>\n<p data-start=\"335\" data-end=\"360\" data-is-last-node=\"\" data-is-only-node=\"\"><strong data-start=\"335\" data-end=\"353\">Code produit :<\/strong> 287889<\/p>","protected":false},"featured_media":21872,"comment_status":"open","ping_status":"closed","template":"","meta":[],"product_brand":[],"product_cat":[276,277,321,261,289,278,263,288,293,295,296],"product_tag":[],"class_list":{"0":"post-21871","1":"product","2":"type-product","3":"status-publish","4":"has-post-thumbnail","6":"product_cat-baby-shower","7":"product_cat-bachelorette","8":"product_cat-bapteme","9":"product_cat-decoration-murale","10":"product_cat-fees","11":"product_cat-gender-reveal","12":"product_cat-guirlandes-la-decoration","13":"product_cat-ice-cream","14":"product_cat-papillons","15":"product_cat-roller","16":"product_cat-sirenes","18":"first","19":"instock","20":"virtual","21":"purchasable","22":"product-type-simple"},"_links":{"self":[{"href":"https:\/\/some-store.projetsweb.net\/en\/wp-json\/wp\/v2\/product\/21871","targetHints":{"allow":["GET"]}}],"collection":[{"href":"https:\/\/some-store.projetsweb.net\/en\/wp-json\/wp\/v2\/product"}],"about":[{"href":"https:\/\/some-store.projetsweb.net\/en\/wp-json\/wp\/v2\/types\/product"}],"replies":[{"embeddable":true,"href":"https:\/\/some-store.projetsweb.net\/en\/wp-json\/wp\/v2\/comments?post=21871"}],"wp:featuredmedia":[{"embeddable":true,"href":"https:\/\/some-store.projetsweb.net\/en\/wp-json\/wp\/v2\/media\/21872"}],"wp:attachment":[{"href":"https:\/\/some-store.projetsweb.net\/en\/wp-json\/wp\/v2\/media?parent=21871"}],"wp:term":[{"taxonomy":"product_brand","embeddable":true,"href":"https:\/\/some-store.projetsweb.net\/en\/wp-json\/wp\/v2\/product_brand?post=21871"},{"taxonomy":"product_cat","embeddable":true,"href":"https:\/\/some-store.projetsweb.net\/en\/wp-json\/wp\/v2\/product_cat?post=21871"},{"taxonomy":"product_tag","embeddable":true,"href":"https:\/\/some-store.projetsweb.net\/en\/wp-json\/wp\/v2\/product_tag?post=21871"}],"curies":[{"name":"wp","href":"https:\/\/api.w.org\/{rel}","templated":true}]}}