{"id":21855,"date":"2026-03-18T11:57:05","date_gmt":"2026-03-18T11:57:05","guid":{"rendered":"https:\/\/some-store.projetsweb.net\/?post_type=product&#038;p=21855"},"modified":"2026-03-18T11:57:05","modified_gmt":"2026-03-18T11:57:05","slug":"couronnes-de-fleurs-en-papier-x8","status":"publish","type":"product","link":"https:\/\/some-store.projetsweb.net\/en\/shop\/themes-occasions\/anniversaires\/par-themes\/fees\/couronnes-de-fleurs-en-papier-x8\/","title":{"rendered":"Couronnes de fleurs en papier x8"},"content":{"rendered":"","protected":false},"excerpt":{"rendered":"<p>Cette magnifique couronne en papier est parfaite pour les enfants qui adorent se d\u00e9guiser. Compos\u00e9e de superbes couches de fleurs finement travaill\u00e9es et de jolis pompons en papier de soie, elle cr\u00e9e un look printanier ou estival absolument adorable. Id\u00e9ale pour un anniversaire, une f\u00eate f\u00e9erique ou toute c\u00e9l\u00e9bration o\u00f9 l\u2019on veut un style floral plein de charme.<\/p>\n<ul data-start=\"70\" data-end=\"488\">\n<li data-section-id=\"iwsl5w\" data-start=\"70\" data-end=\"95\">\n<p data-start=\"72\" data-end=\"95\">Effet superpos\u00e9 en 3D<\/p>\n<\/li>\n<li data-section-id=\"1iw8acu\" data-start=\"96\" data-end=\"193\">\n<p data-start=\"98\" data-end=\"193\">Serre-t\u00eate avec ruban en velours \u00e9lastiqu\u00e9 rose poudr\u00e9, avec fermeture scratch aux extr\u00e9mit\u00e9s<\/p>\n<\/li>\n<li data-section-id=\"156jg7w\" data-start=\"194\" data-end=\"261\">\n<p data-start=\"196\" data-end=\"261\">Pompons en papier de soie : rose p\u00e2le, bleu gris\u00e9 et jaune p\u00e2le<\/p>\n<\/li>\n<li data-section-id=\"w3kukx\" data-start=\"262\" data-end=\"293\">\n<p data-start=\"264\" data-end=\"293\">D\u00e9tails en dorure brillante<\/p>\n<\/li>\n<li data-section-id=\"1jm2lje\" data-start=\"294\" data-end=\"380\">\n<p data-start=\"296\" data-end=\"380\">Couleurs pr\u00e9sentes au recto et au verso pour un rendu \u00e9l\u00e9gant sous tous les angles<\/p>\n<\/li>\n<li data-section-id=\"echqg6\" data-start=\"381\" data-end=\"422\">\n<p data-start=\"383\" data-end=\"422\">Convient aux enfants de 3 ans et plus<\/p>\n<\/li>\n<li data-section-id=\"19ocz8g\" data-start=\"423\" data-end=\"447\">\n<p data-start=\"425\" data-end=\"447\">Lot de 8 accessoires<\/p>\n<\/li>\n<li data-section-id=\"ukuap3\" data-start=\"448\" data-end=\"488\">\n<p data-start=\"450\" data-end=\"488\">Dimensions : 15,24 x 11,43 x 0,32 cm<\/p>\n<\/li>\n<\/ul>\n<p data-start=\"490\" data-end=\"515\" data-is-last-node=\"\" data-is-only-node=\"\"><strong data-start=\"490\" data-end=\"508\">Code produit :<\/strong> 273569<\/p>\n<p>&nbsp;<\/p>","protected":false},"featured_media":21856,"comment_status":"open","ping_status":"closed","template":"","meta":[],"product_brand":[],"product_cat":[271,272,289,290,294],"product_tag":[],"class_list":{"0":"post-21855","1":"product","2":"type-product","3":"status-publish","4":"has-post-thumbnail","6":"product_cat-barrettes-et-serre-tete","7":"product_cat-deguisements","8":"product_cat-fees","9":"product_cat-fleurs","10":"product_cat-princesse","12":"first","13":"instock","14":"virtual","15":"purchasable","16":"product-type-simple"},"_links":{"self":[{"href":"https:\/\/some-store.projetsweb.net\/en\/wp-json\/wp\/v2\/product\/21855","targetHints":{"allow":["GET"]}}],"collection":[{"href":"https:\/\/some-store.projetsweb.net\/en\/wp-json\/wp\/v2\/product"}],"about":[{"href":"https:\/\/some-store.projetsweb.net\/en\/wp-json\/wp\/v2\/types\/product"}],"replies":[{"embeddable":true,"href":"https:\/\/some-store.projetsweb.net\/en\/wp-json\/wp\/v2\/comments?post=21855"}],"wp:featuredmedia":[{"embeddable":true,"href":"https:\/\/some-store.projetsweb.net\/en\/wp-json\/wp\/v2\/media\/21856"}],"wp:attachment":[{"href":"https:\/\/some-store.projetsweb.net\/en\/wp-json\/wp\/v2\/media?parent=21855"}],"wp:term":[{"taxonomy":"product_brand","embeddable":true,"href":"https:\/\/some-store.projetsweb.net\/en\/wp-json\/wp\/v2\/product_brand?post=21855"},{"taxonomy":"product_cat","embeddable":true,"href":"https:\/\/some-store.projetsweb.net\/en\/wp-json\/wp\/v2\/product_cat?post=21855"},{"taxonomy":"product_tag","embeddable":true,"href":"https:\/\/some-store.projetsweb.net\/en\/wp-json\/wp\/v2\/product_tag?post=21855"}],"curies":[{"name":"wp","href":"https:\/\/api.w.org\/{rel}","templated":true}]}}