{"id":21846,"date":"2026-03-18T11:43:38","date_gmt":"2026-03-18T11:43:38","guid":{"rendered":"https:\/\/some-store.projetsweb.net\/?post_type=product&#038;p=21846"},"modified":"2026-03-26T12:22:05","modified_gmt":"2026-03-26T12:22:05","slug":"cupcake-kit-fleurs-x12-toppers","status":"publish","type":"product","link":"https:\/\/some-store.projetsweb.net\/en\/shop\/themes-occasions\/anniversaires\/par-themes\/fleurs\/cupcake-kit-fleurs-x12-toppers\/","title":{"rendered":"Cupcake kit fleurs (x12 toppers)"},"content":{"rendered":"","protected":false},"excerpt":{"rendered":"<p>Transformez vos cupcakes en v\u00e9ritables \u0153uvres d\u2019art florales avec ce kit exceptionnel ! Il comprend des caissettes ray\u00e9es roses et blanches ainsi que des toppers aux 11 designs d\u00e9licats et raffin\u00e9s pour une pr\u00e9sentation pleine de charme.<\/p>\n<ul data-start=\"70\" data-end=\"265\">\n<li data-section-id=\"1odngtg\" data-start=\"70\" data-end=\"116\">\n<p data-start=\"72\" data-end=\"116\">Caissettes \u00e0 cupcakes ray\u00e9es rose et blanc<\/p>\n<\/li>\n<li data-section-id=\"w3kukx\" data-start=\"117\" data-end=\"148\">\n<p data-start=\"119\" data-end=\"148\">D\u00e9tails en dorure brillante<\/p>\n<\/li>\n<li data-section-id=\"1vdqo0t\" data-start=\"149\" data-end=\"165\">\n<p data-start=\"151\" data-end=\"165\">Pics en bois<\/p>\n<\/li>\n<li data-section-id=\"1hi86u0\" data-start=\"166\" data-end=\"211\">\n<p data-start=\"168\" data-end=\"211\">Lot de 12 toppers (11 designs diff\u00e9rents)<\/p>\n<\/li>\n<li data-section-id=\"ol4fpf\" data-start=\"212\" data-end=\"265\">\n<p data-start=\"214\" data-end=\"265\">Dimensions des caissettes : 6,35 x 3,18 x 6,35 cm<\/p>\n<\/li>\n<\/ul>\n<p data-start=\"267\" data-end=\"292\" data-is-last-node=\"\" data-is-only-node=\"\"><strong data-start=\"267\" data-end=\"285\">Code produit :<\/strong> 222822<\/p>","protected":false},"featured_media":21847,"comment_status":"open","ping_status":"closed","template":"","meta":[],"product_brand":[],"product_cat":[326,290,267],"product_tag":[],"class_list":{"0":"post-21846","1":"product","2":"type-product","3":"status-publish","4":"has-post-thumbnail","6":"product_cat-cupcake-kit","7":"product_cat-fleurs","8":"product_cat-toppers","10":"first","11":"instock","12":"virtual","13":"purchasable","14":"product-type-simple"},"_links":{"self":[{"href":"https:\/\/some-store.projetsweb.net\/en\/wp-json\/wp\/v2\/product\/21846","targetHints":{"allow":["GET"]}}],"collection":[{"href":"https:\/\/some-store.projetsweb.net\/en\/wp-json\/wp\/v2\/product"}],"about":[{"href":"https:\/\/some-store.projetsweb.net\/en\/wp-json\/wp\/v2\/types\/product"}],"replies":[{"embeddable":true,"href":"https:\/\/some-store.projetsweb.net\/en\/wp-json\/wp\/v2\/comments?post=21846"}],"wp:featuredmedia":[{"embeddable":true,"href":"https:\/\/some-store.projetsweb.net\/en\/wp-json\/wp\/v2\/media\/21847"}],"wp:attachment":[{"href":"https:\/\/some-store.projetsweb.net\/en\/wp-json\/wp\/v2\/media?parent=21846"}],"wp:term":[{"taxonomy":"product_brand","embeddable":true,"href":"https:\/\/some-store.projetsweb.net\/en\/wp-json\/wp\/v2\/product_brand?post=21846"},{"taxonomy":"product_cat","embeddable":true,"href":"https:\/\/some-store.projetsweb.net\/en\/wp-json\/wp\/v2\/product_cat?post=21846"},{"taxonomy":"product_tag","embeddable":true,"href":"https:\/\/some-store.projetsweb.net\/en\/wp-json\/wp\/v2\/product_tag?post=21846"}],"curies":[{"name":"wp","href":"https:\/\/api.w.org\/{rel}","templated":true}]}}