{"id":21832,"date":"2026-03-18T11:20:28","date_gmt":"2026-03-18T11:20:28","guid":{"rendered":"https:\/\/some-store.projetsweb.net\/?post_type=product&#038;p=21832"},"modified":"2026-03-18T11:20:28","modified_gmt":"2026-03-18T11:20:28","slug":"guirlande-florale","status":"publish","type":"product","link":"https:\/\/some-store.projetsweb.net\/en\/shop\/themes-occasions\/anniversaires\/par-themes\/fleurs\/guirlande-florale\/","title":{"rendered":"Guirlande florale"},"content":{"rendered":"","protected":false},"excerpt":{"rendered":"<p>Une guirlande d\u00e9corative aussi \u00e9l\u00e9gante que polyvalente ! Disposez-la en superposition, le long d\u2019un mur, ou suspendez-la au-dessus d\u2019une table de f\u00eate, r\u00e9partie sur plusieurs rang\u00e9es pour un effet spectaculaire. Parfaite pour une bridal shower ou une f\u00eate f\u00e9erique, elle constitue \u00e9galement un magnifique fond pour vos photos. Elle peut aussi \u00eatre utilis\u00e9e comme d\u00e9coration de chambre au quotidien, sur un mur ou en t\u00eate de lit !<\/p>\n<ul data-start=\"70\" data-end=\"468\">\n<li data-section-id=\"14ddh66\" data-start=\"70\" data-end=\"107\">\n<p data-start=\"72\" data-end=\"107\">2 cordons m\u00e9tallis\u00e9s dor\u00e9s inclus<\/p>\n<\/li>\n<li data-section-id=\"1t78h01\" data-start=\"108\" data-end=\"160\">\n<p data-start=\"110\" data-end=\"160\">40 fanions floraux et feuillage, finement con\u00e7us<\/p>\n<\/li>\n<li data-section-id=\"7indyt\" data-start=\"161\" data-end=\"235\">\n<p data-start=\"163\" data-end=\"235\">Fanions emball\u00e9s dans du papier de soie blanc pour un rangement soign\u00e9<\/p>\n<\/li>\n<li data-section-id=\"1i56d5a\" data-start=\"236\" data-end=\"308\">\n<p data-start=\"238\" data-end=\"308\">Installation simple : il suffit de suspendre les fanions aux cordons<\/p>\n<\/li>\n<li data-section-id=\"s05to3\" data-start=\"309\" data-end=\"349\">\n<p data-start=\"311\" data-end=\"349\">Longueur totale avec cordon : 2,13 m<\/p>\n<\/li>\n<li data-section-id=\"uweuxu\" data-start=\"350\" data-end=\"388\">\n<p data-start=\"352\" data-end=\"388\">Hauteur moyenne (retomb\u00e9e) : 76 cm<\/p>\n<\/li>\n<li data-section-id=\"bs10zc\" data-start=\"389\" data-end=\"426\">\n<p data-start=\"391\" data-end=\"426\">Longueur de la guirlande : 1,22 m<\/p>\n<\/li>\n<li data-section-id=\"b0dfou\" data-start=\"427\" data-end=\"468\">\n<p data-start=\"429\" data-end=\"468\">Assemblage simple \u00e0 r\u00e9aliser soi-m\u00eame<\/p>\n<\/li>\n<\/ul>\n<p data-start=\"470\" data-end=\"495\" data-is-last-node=\"\" data-is-only-node=\"\"><strong data-start=\"470\" data-end=\"488\">Code produit :<\/strong> 273803<\/p>","protected":false},"featured_media":21833,"comment_status":"open","ping_status":"closed","template":"","meta":[],"product_brand":[],"product_cat":[290,262,263,294],"product_tag":[],"class_list":{"0":"post-21832","1":"product","2":"type-product","3":"status-publish","4":"has-post-thumbnail","6":"product_cat-fleurs","7":"product_cat-fonds-de-scene","8":"product_cat-guirlandes-la-decoration","9":"product_cat-princesse","11":"first","12":"instock","13":"virtual","14":"purchasable","15":"product-type-simple"},"_links":{"self":[{"href":"https:\/\/some-store.projetsweb.net\/en\/wp-json\/wp\/v2\/product\/21832","targetHints":{"allow":["GET"]}}],"collection":[{"href":"https:\/\/some-store.projetsweb.net\/en\/wp-json\/wp\/v2\/product"}],"about":[{"href":"https:\/\/some-store.projetsweb.net\/en\/wp-json\/wp\/v2\/types\/product"}],"replies":[{"embeddable":true,"href":"https:\/\/some-store.projetsweb.net\/en\/wp-json\/wp\/v2\/comments?post=21832"}],"wp:featuredmedia":[{"embeddable":true,"href":"https:\/\/some-store.projetsweb.net\/en\/wp-json\/wp\/v2\/media\/21833"}],"wp:attachment":[{"href":"https:\/\/some-store.projetsweb.net\/en\/wp-json\/wp\/v2\/media?parent=21832"}],"wp:term":[{"taxonomy":"product_brand","embeddable":true,"href":"https:\/\/some-store.projetsweb.net\/en\/wp-json\/wp\/v2\/product_brand?post=21832"},{"taxonomy":"product_cat","embeddable":true,"href":"https:\/\/some-store.projetsweb.net\/en\/wp-json\/wp\/v2\/product_cat?post=21832"},{"taxonomy":"product_tag","embeddable":true,"href":"https:\/\/some-store.projetsweb.net\/en\/wp-json\/wp\/v2\/product_tag?post=21832"}],"curies":[{"name":"wp","href":"https:\/\/api.w.org\/{rel}","templated":true}]}}