{"id":21829,"date":"2026-03-18T11:15:32","date_gmt":"2026-03-18T11:15:32","guid":{"rendered":"https:\/\/some-store.projetsweb.net\/?post_type=product&#038;p=21829"},"modified":"2026-03-18T11:15:32","modified_gmt":"2026-03-18T11:15:32","slug":"serre-tete-floral","status":"publish","type":"product","link":"https:\/\/some-store.projetsweb.net\/en\/shop\/themes-occasions\/anniversaires\/par-themes\/fleurs\/serre-tete-floral\/","title":{"rendered":"Serre-t\u00eate floral"},"content":{"rendered":"","protected":false},"excerpt":{"rendered":"<p>Les enfants qui aiment les accessoires color\u00e9s vont adorer ce magnifique serre-t\u00eate ! Confectionn\u00e9 avec de superbes fleurs en organza et en tulle, des feuilles en organza ainsi que de jolis pompons et pampilles, il apporte une touche florale pleine de charme. Parfait pour une f\u00eate ou toute occasion sp\u00e9ciale o\u00f9 vous souhaitez une note \u00e9l\u00e9gante et po\u00e9tique.<\/p>\n<ul data-start=\"70\" data-end=\"425\">\n<li data-section-id=\"10qz4rt\" data-start=\"70\" data-end=\"109\">\n<p data-start=\"72\" data-end=\"109\">Serre-t\u00eate recouvert de tissu blanc<\/p>\n<\/li>\n<li data-section-id=\"12c2cvm\" data-start=\"110\" data-end=\"183\">\n<p data-start=\"112\" data-end=\"183\">Fleurs en organza et tulle : rose, p\u00eache, rose poudr\u00e9, jaune et blanc<\/p>\n<\/li>\n<li data-section-id=\"8a0cqe\" data-start=\"184\" data-end=\"234\">\n<p data-start=\"186\" data-end=\"234\">Feuilles en organza vert pour un effet \u00e9l\u00e9gant<\/p>\n<\/li>\n<li data-section-id=\"dtlyam\" data-start=\"235\" data-end=\"341\">\n<p data-start=\"237\" data-end=\"341\">D\u00e9cor\u00e9 de pompons p\u00eache et jaune fonc\u00e9, avec de jolis pompons \u00e0 franges (tassels) p\u00eache et rose poudr\u00e9<\/p>\n<\/li>\n<li data-section-id=\"echqg6\" data-start=\"342\" data-end=\"383\">\n<p data-start=\"344\" data-end=\"383\">Convient aux enfants de 3 ans et plus<\/p>\n<\/li>\n<li data-section-id=\"z8onuc\" data-start=\"384\" data-end=\"425\">\n<p data-start=\"386\" data-end=\"425\">Dimensions : 16,51 x 16,51 x 11,43 cm<\/p>\n<\/li>\n<\/ul>\n<p data-start=\"427\" data-end=\"454\" data-is-last-node=\"\" data-is-only-node=\"\"><strong data-start=\"427\" data-end=\"445\">Code produit :<\/strong> 221715<\/p>","protected":false},"featured_media":21830,"comment_status":"open","ping_status":"closed","template":"","meta":[],"product_brand":[],"product_cat":[271,290,294],"product_tag":[],"class_list":{"0":"post-21829","1":"product","2":"type-product","3":"status-publish","4":"has-post-thumbnail","6":"product_cat-barrettes-et-serre-tete","7":"product_cat-fleurs","8":"product_cat-princesse","10":"first","11":"instock","12":"virtual","13":"purchasable","14":"product-type-simple"},"_links":{"self":[{"href":"https:\/\/some-store.projetsweb.net\/en\/wp-json\/wp\/v2\/product\/21829","targetHints":{"allow":["GET"]}}],"collection":[{"href":"https:\/\/some-store.projetsweb.net\/en\/wp-json\/wp\/v2\/product"}],"about":[{"href":"https:\/\/some-store.projetsweb.net\/en\/wp-json\/wp\/v2\/types\/product"}],"replies":[{"embeddable":true,"href":"https:\/\/some-store.projetsweb.net\/en\/wp-json\/wp\/v2\/comments?post=21829"}],"wp:featuredmedia":[{"embeddable":true,"href":"https:\/\/some-store.projetsweb.net\/en\/wp-json\/wp\/v2\/media\/21830"}],"wp:attachment":[{"href":"https:\/\/some-store.projetsweb.net\/en\/wp-json\/wp\/v2\/media?parent=21829"}],"wp:term":[{"taxonomy":"product_brand","embeddable":true,"href":"https:\/\/some-store.projetsweb.net\/en\/wp-json\/wp\/v2\/product_brand?post=21829"},{"taxonomy":"product_cat","embeddable":true,"href":"https:\/\/some-store.projetsweb.net\/en\/wp-json\/wp\/v2\/product_cat?post=21829"},{"taxonomy":"product_tag","embeddable":true,"href":"https:\/\/some-store.projetsweb.net\/en\/wp-json\/wp\/v2\/product_tag?post=21829"}],"curies":[{"name":"wp","href":"https:\/\/api.w.org\/{rel}","templated":true}]}}