{"id":21815,"date":"2026-03-18T10:46:25","date_gmt":"2026-03-18T10:46:25","guid":{"rendered":"https:\/\/some-store.projetsweb.net\/?post_type=product&#038;p=21815"},"modified":"2026-03-18T10:46:25","modified_gmt":"2026-03-18T10:46:25","slug":"serviettes-english-garden-x16","status":"publish","type":"product","link":"https:\/\/some-store.projetsweb.net\/en\/shop\/themes-occasions\/anniversaires\/par-themes\/fleurs\/serviettes-english-garden-x16\/","title":{"rendered":"Serviettes english garden x16"},"content":{"rendered":"","protected":false},"excerpt":{"rendered":"<p>Ces magnifiques grandes serviettes English Garden sublimeront votre table de f\u00eate. Parfaites pour un anniversaire, un mariage, des fian\u00e7ailles ou un anniversaire de mariage, elles apportent une touche raffin\u00e9e et \u00e9l\u00e9gante \u00e0 votre d\u00e9coration.<\/p>\n<ul data-start=\"70\" data-end=\"216\">\n<li data-section-id=\"184pt41\" data-start=\"70\" data-end=\"95\">\n<p data-start=\"72\" data-end=\"95\">Bord festonn\u00e9 \u00e9l\u00e9gant<\/p>\n<\/li>\n<li data-section-id=\"w3kukx\" data-start=\"96\" data-end=\"127\">\n<p data-start=\"98\" data-end=\"127\">D\u00e9tails en dorure brillante<\/p>\n<\/li>\n<li data-section-id=\"1hfymf3\" data-start=\"128\" data-end=\"175\">\n<p data-start=\"130\" data-end=\"175\">Lot de 16 serviettes (4 designs diff\u00e9rents)<\/p>\n<\/li>\n<li data-section-id=\"1418r1p\" data-start=\"176\" data-end=\"216\">\n<p data-start=\"178\" data-end=\"216\">Dimensions pli\u00e9es : 16,51 x 16,51 cm<\/p>\n<\/li>\n<\/ul>\n<p data-start=\"218\" data-end=\"243\" data-is-last-node=\"\" data-is-only-node=\"\"><strong data-start=\"218\" data-end=\"236\">Code produit :<\/strong> 205174<\/p>","protected":false},"featured_media":21816,"comment_status":"open","ping_status":"closed","template":"","meta":[],"product_brand":[],"product_cat":[290,256],"product_tag":[],"class_list":{"0":"post-21815","1":"product","2":"type-product","3":"status-publish","4":"has-post-thumbnail","6":"product_cat-fleurs","7":"product_cat-serviettes","9":"first","10":"instock","11":"virtual","12":"purchasable","13":"product-type-simple"},"_links":{"self":[{"href":"https:\/\/some-store.projetsweb.net\/en\/wp-json\/wp\/v2\/product\/21815","targetHints":{"allow":["GET"]}}],"collection":[{"href":"https:\/\/some-store.projetsweb.net\/en\/wp-json\/wp\/v2\/product"}],"about":[{"href":"https:\/\/some-store.projetsweb.net\/en\/wp-json\/wp\/v2\/types\/product"}],"replies":[{"embeddable":true,"href":"https:\/\/some-store.projetsweb.net\/en\/wp-json\/wp\/v2\/comments?post=21815"}],"wp:featuredmedia":[{"embeddable":true,"href":"https:\/\/some-store.projetsweb.net\/en\/wp-json\/wp\/v2\/media\/21816"}],"wp:attachment":[{"href":"https:\/\/some-store.projetsweb.net\/en\/wp-json\/wp\/v2\/media?parent=21815"}],"wp:term":[{"taxonomy":"product_brand","embeddable":true,"href":"https:\/\/some-store.projetsweb.net\/en\/wp-json\/wp\/v2\/product_brand?post=21815"},{"taxonomy":"product_cat","embeddable":true,"href":"https:\/\/some-store.projetsweb.net\/en\/wp-json\/wp\/v2\/product_cat?post=21815"},{"taxonomy":"product_tag","embeddable":true,"href":"https:\/\/some-store.projetsweb.net\/en\/wp-json\/wp\/v2\/product_tag?post=21815"}],"curies":[{"name":"wp","href":"https:\/\/api.w.org\/{rel}","templated":true}]}}