{"id":21804,"date":"2026-03-18T10:33:18","date_gmt":"2026-03-18T10:33:18","guid":{"rendered":"https:\/\/some-store.projetsweb.net\/?post_type=product&#038;p=21804"},"modified":"2026-03-18T10:33:19","modified_gmt":"2026-03-18T10:33:19","slug":"guirlande-fleurs-groovy","status":"publish","type":"product","link":"https:\/\/some-store.projetsweb.net\/en\/shop\/themes-occasions\/anniversaires\/par-themes\/fleurs\/guirlande-fleurs-groovy\/","title":{"rendered":"Guirlande fleurs groovy"},"content":{"rendered":"","protected":false},"excerpt":{"rendered":"<p>Apportez une ambiance fun et groovy \u00e0 votre f\u00eate avec ces d\u00e9corations suspendues color\u00e9es ! Faciles \u00e0 installer, il suffit de les accrocher o\u00f9 vous souhaitez cr\u00e9er un effet \u201cwaouh\u201d. Vous pouvez suspendre les fleurs individuellement ou toutes ensemble sur le cordon de la guirlande. Elles sont \u00e9galement parfaites comme d\u00e9coration pour la chambre.<\/p>\n<ul data-start=\"70\" data-end=\"434\">\n<li data-section-id=\"1e0v6ey\" data-start=\"70\" data-end=\"142\">\n<p data-start=\"72\" data-end=\"142\">7 grandes fleurs avec boules alv\u00e9ol\u00e9es d\u00e9j\u00e0 fix\u00e9es, ouverture \u00e0 360\u00b0<\/p>\n<\/li>\n<li data-section-id=\"9jnbo4\" data-start=\"143\" data-end=\"200\">\n<p data-start=\"145\" data-end=\"200\">Clips dor\u00e9s inclus pour maintenir les formes ouvertes<\/p>\n<\/li>\n<li data-section-id=\"13eyp01\" data-start=\"201\" data-end=\"280\">\n<p data-start=\"203\" data-end=\"280\">\u00c0 suspendre individuellement avec cordons dor\u00e9s ou \u00e0 fixer sur la guirlande<\/p>\n<\/li>\n<li data-section-id=\"1s2jz8y\" data-start=\"281\" data-end=\"322\">\n<p data-start=\"283\" data-end=\"322\">Cordon de guirlande couleur naturelle<\/p>\n<\/li>\n<li data-section-id=\"b0dfou\" data-start=\"323\" data-end=\"364\">\n<p data-start=\"325\" data-end=\"364\">Assemblage simple \u00e0 r\u00e9aliser soi-m\u00eame<\/p>\n<\/li>\n<li data-section-id=\"zd6w1l\" data-start=\"365\" data-end=\"412\">\n<p data-start=\"367\" data-end=\"412\">Lot de 7 d\u00e9corations (7 designs diff\u00e9rents)<\/p>\n<\/li>\n<li data-section-id=\"1gro6gt\" data-start=\"413\" data-end=\"434\">\n<p data-start=\"415\" data-end=\"434\">Longueur : 3,66 m<\/p>\n<\/li>\n<\/ul>\n<p data-start=\"436\" data-end=\"461\" data-is-last-node=\"\" data-is-only-node=\"\"><strong data-start=\"436\" data-end=\"454\">Code produit :<\/strong> 276035<\/p>","protected":false},"featured_media":21805,"comment_status":"open","ping_status":"closed","template":"","meta":[],"product_brand":[],"product_cat":[290,263],"product_tag":[],"class_list":{"0":"post-21804","1":"product","2":"type-product","3":"status-publish","4":"has-post-thumbnail","6":"product_cat-fleurs","7":"product_cat-guirlandes-la-decoration","9":"first","10":"instock","11":"virtual","12":"purchasable","13":"product-type-simple"},"_links":{"self":[{"href":"https:\/\/some-store.projetsweb.net\/en\/wp-json\/wp\/v2\/product\/21804","targetHints":{"allow":["GET"]}}],"collection":[{"href":"https:\/\/some-store.projetsweb.net\/en\/wp-json\/wp\/v2\/product"}],"about":[{"href":"https:\/\/some-store.projetsweb.net\/en\/wp-json\/wp\/v2\/types\/product"}],"replies":[{"embeddable":true,"href":"https:\/\/some-store.projetsweb.net\/en\/wp-json\/wp\/v2\/comments?post=21804"}],"wp:featuredmedia":[{"embeddable":true,"href":"https:\/\/some-store.projetsweb.net\/en\/wp-json\/wp\/v2\/media\/21805"}],"wp:attachment":[{"href":"https:\/\/some-store.projetsweb.net\/en\/wp-json\/wp\/v2\/media?parent=21804"}],"wp:term":[{"taxonomy":"product_brand","embeddable":true,"href":"https:\/\/some-store.projetsweb.net\/en\/wp-json\/wp\/v2\/product_brand?post=21804"},{"taxonomy":"product_cat","embeddable":true,"href":"https:\/\/some-store.projetsweb.net\/en\/wp-json\/wp\/v2\/product_cat?post=21804"},{"taxonomy":"product_tag","embeddable":true,"href":"https:\/\/some-store.projetsweb.net\/en\/wp-json\/wp\/v2\/product_tag?post=21804"}],"curies":[{"name":"wp","href":"https:\/\/api.w.org\/{rel}","templated":true}]}}