{"id":21801,"date":"2026-03-18T10:29:46","date_gmt":"2026-03-18T10:29:46","guid":{"rendered":"https:\/\/some-store.projetsweb.net\/?post_type=product&#038;p=21801"},"modified":"2026-03-18T10:29:46","modified_gmt":"2026-03-18T10:29:46","slug":"petites-serviettes-happy-flowers-x16","status":"publish","type":"product","link":"https:\/\/some-store.projetsweb.net\/en\/shop\/themes-occasions\/anniversaires\/par-themes\/fleurs\/petites-serviettes-happy-flowers-x16\/","title":{"rendered":"Petites serviettes happy flowers x16"},"content":{"rendered":"","protected":false},"excerpt":{"rendered":"<p>Les fleurs des ann\u00e9es 90 sont de retour\u2026 et en encore plus belles ! Avec leurs couleurs pastel vari\u00e9es et leurs bordures festonn\u00e9es, ces serviettes apportent une touche vraiment unique \u00e0 votre table.<\/p>\n<ul data-start=\"70\" data-end=\"201\">\n<li data-section-id=\"ywz4pu\" data-start=\"70\" data-end=\"87\">\n<p data-start=\"72\" data-end=\"87\">Papier 3 plis<\/p>\n<\/li>\n<li data-section-id=\"atcv69\" data-start=\"88\" data-end=\"105\">\n<p data-start=\"90\" data-end=\"105\">Bord festonn\u00e9<\/p>\n<\/li>\n<li data-section-id=\"w3kukx\" data-start=\"106\" data-end=\"137\">\n<p data-start=\"108\" data-end=\"137\">D\u00e9tails en dorure brillante<\/p>\n<\/li>\n<li data-section-id=\"goxf1t\" data-start=\"138\" data-end=\"162\">\n<p data-start=\"140\" data-end=\"162\">Lot de 16 serviettes<\/p>\n<\/li>\n<li data-section-id=\"j8b5kd\" data-start=\"163\" data-end=\"201\">\n<p data-start=\"165\" data-end=\"201\">Dimensions pli\u00e9es : 12,7 x 12,7 cm<\/p>\n<\/li>\n<\/ul>\n<p data-start=\"203\" data-end=\"228\" data-is-last-node=\"\" data-is-only-node=\"\"><strong data-start=\"203\" data-end=\"221\">Code produit :<\/strong> 272993<\/p>\n<p>&nbsp;<\/p>","protected":false},"featured_media":21802,"comment_status":"open","ping_status":"closed","template":"","meta":[],"product_brand":[],"product_cat":[290,256],"product_tag":[],"class_list":{"0":"post-21801","1":"product","2":"type-product","3":"status-publish","4":"has-post-thumbnail","6":"product_cat-fleurs","7":"product_cat-serviettes","9":"first","10":"instock","11":"virtual","12":"purchasable","13":"product-type-simple"},"_links":{"self":[{"href":"https:\/\/some-store.projetsweb.net\/en\/wp-json\/wp\/v2\/product\/21801","targetHints":{"allow":["GET"]}}],"collection":[{"href":"https:\/\/some-store.projetsweb.net\/en\/wp-json\/wp\/v2\/product"}],"about":[{"href":"https:\/\/some-store.projetsweb.net\/en\/wp-json\/wp\/v2\/types\/product"}],"replies":[{"embeddable":true,"href":"https:\/\/some-store.projetsweb.net\/en\/wp-json\/wp\/v2\/comments?post=21801"}],"wp:featuredmedia":[{"embeddable":true,"href":"https:\/\/some-store.projetsweb.net\/en\/wp-json\/wp\/v2\/media\/21802"}],"wp:attachment":[{"href":"https:\/\/some-store.projetsweb.net\/en\/wp-json\/wp\/v2\/media?parent=21801"}],"wp:term":[{"taxonomy":"product_brand","embeddable":true,"href":"https:\/\/some-store.projetsweb.net\/en\/wp-json\/wp\/v2\/product_brand?post=21801"},{"taxonomy":"product_cat","embeddable":true,"href":"https:\/\/some-store.projetsweb.net\/en\/wp-json\/wp\/v2\/product_cat?post=21801"},{"taxonomy":"product_tag","embeddable":true,"href":"https:\/\/some-store.projetsweb.net\/en\/wp-json\/wp\/v2\/product_tag?post=21801"}],"curies":[{"name":"wp","href":"https:\/\/api.w.org\/{rel}","templated":true}]}}