{"id":21783,"date":"2026-03-18T09:52:20","date_gmt":"2026-03-18T09:52:20","guid":{"rendered":"https:\/\/some-store.projetsweb.net\/?post_type=product&#038;p=21783"},"modified":"2026-03-18T09:52:20","modified_gmt":"2026-03-18T09:52:20","slug":"manege-electrique-blanc","status":"publish","type":"product","link":"https:\/\/some-store.projetsweb.net\/en\/shop\/location\/soft-play\/maneges-electriques\/manege-electrique-blanc\/","title":{"rendered":"Man\u00e8ge \u00e9lectrique blanc"},"content":{"rendered":"","protected":false},"excerpt":{"rendered":"<p>Offrez aux tout-petits un moment de douceur avec ce man\u00e8ge en mousse au design \u00e9pur\u00e9 et \u00e9l\u00e9gant. Con\u00e7u sp\u00e9cialement pour les plus jeunes, il permet de tourner, s\u2019amuser et d\u00e9velopper leur \u00e9quilibre en toute s\u00e9curit\u00e9. Avec ses formes adorables et son coloris blanc chic, il s\u2019int\u00e8gre parfaitement dans tous vos \u00e9v\u00e9nements pour cr\u00e9er un espace ludique, calme et plein de tendresse. \ud83e\udd0d\u2728\ud83d\udc76<\/p>\n<p>Dimensions : 1,5 m de diam\u00e8tre<\/p>\n<p>A louer au 0748010001<\/p>","protected":false},"featured_media":21784,"comment_status":"open","ping_status":"closed","template":"","meta":[],"product_brand":[],"product_cat":[314,307],"product_tag":[],"class_list":{"0":"post-21783","1":"product","2":"type-product","3":"status-publish","4":"has-post-thumbnail","6":"product_cat-maneges-electriques","7":"product_cat-soft-play","9":"first","10":"instock","11":"virtual","12":"purchasable","13":"product-type-simple"},"_links":{"self":[{"href":"https:\/\/some-store.projetsweb.net\/en\/wp-json\/wp\/v2\/product\/21783","targetHints":{"allow":["GET"]}}],"collection":[{"href":"https:\/\/some-store.projetsweb.net\/en\/wp-json\/wp\/v2\/product"}],"about":[{"href":"https:\/\/some-store.projetsweb.net\/en\/wp-json\/wp\/v2\/types\/product"}],"replies":[{"embeddable":true,"href":"https:\/\/some-store.projetsweb.net\/en\/wp-json\/wp\/v2\/comments?post=21783"}],"wp:featuredmedia":[{"embeddable":true,"href":"https:\/\/some-store.projetsweb.net\/en\/wp-json\/wp\/v2\/media\/21784"}],"wp:attachment":[{"href":"https:\/\/some-store.projetsweb.net\/en\/wp-json\/wp\/v2\/media?parent=21783"}],"wp:term":[{"taxonomy":"product_brand","embeddable":true,"href":"https:\/\/some-store.projetsweb.net\/en\/wp-json\/wp\/v2\/product_brand?post=21783"},{"taxonomy":"product_cat","embeddable":true,"href":"https:\/\/some-store.projetsweb.net\/en\/wp-json\/wp\/v2\/product_cat?post=21783"},{"taxonomy":"product_tag","embeddable":true,"href":"https:\/\/some-store.projetsweb.net\/en\/wp-json\/wp\/v2\/product_tag?post=21783"}],"curies":[{"name":"wp","href":"https:\/\/api.w.org\/{rel}","templated":true}]}}