{"id":21780,"date":"2026-03-18T09:30:28","date_gmt":"2026-03-18T09:30:28","guid":{"rendered":"https:\/\/some-store.projetsweb.net\/?post_type=product&#038;p=21780"},"modified":"2026-04-13T13:56:19","modified_gmt":"2026-04-13T13:56:19","slug":"chateau-super-heros","status":"publish","type":"product","link":"https:\/\/some-store.projetsweb.net\/en\/shop\/themes-occasions\/anniversaires\/par-themes\/supers-heros\/chateau-super-heros\/","title":{"rendered":"Ch\u00e2teau Super-h\u00e9ros"},"content":{"rendered":"","protected":false},"excerpt":{"rendered":"<p>Pr\u00eats \u00e0 passer \u00e0 l\u2019action avec les super-h\u00e9ros ? Ce ch\u00e2teau gonflable spectaculaire plonge les enfants dans un univers plein d\u2019\u00e9nergie et d\u2019aventures ! Ils pourront sauter, rebondir et lib\u00e9rer toute leur \u00e9nergie dans la zone bouncy avant de d\u00e9valer le toboggan comme de v\u00e9ritables h\u00e9ros. Avec ses personnages iconiques et son design impressionnant, il transforme chaque f\u00eate en mission \u00e9pique remplie de fun et d\u2019adr\u00e9naline ! \ud83d\udca5\ud83e\uddb8\u200d\u2642\ufe0f\ud83c\udf89<\/p>\n<p>Dimensions : 5x 3.30 x 4 m<\/p>","protected":false},"featured_media":21781,"comment_status":"open","ping_status":"closed","template":"","meta":[],"product_brand":[],"product_cat":[306,310,298],"product_tag":[],"class_list":{"0":"post-21780","1":"product","2":"type-product","3":"status-publish","4":"has-post-thumbnail","6":"product_cat-jeux","7":"product_cat-jeux-gonflables","8":"product_cat-supers-heros","10":"first","11":"instock","12":"virtual","13":"purchasable","14":"product-type-simple"},"_links":{"self":[{"href":"https:\/\/some-store.projetsweb.net\/en\/wp-json\/wp\/v2\/product\/21780","targetHints":{"allow":["GET"]}}],"collection":[{"href":"https:\/\/some-store.projetsweb.net\/en\/wp-json\/wp\/v2\/product"}],"about":[{"href":"https:\/\/some-store.projetsweb.net\/en\/wp-json\/wp\/v2\/types\/product"}],"replies":[{"embeddable":true,"href":"https:\/\/some-store.projetsweb.net\/en\/wp-json\/wp\/v2\/comments?post=21780"}],"wp:featuredmedia":[{"embeddable":true,"href":"https:\/\/some-store.projetsweb.net\/en\/wp-json\/wp\/v2\/media\/21781"}],"wp:attachment":[{"href":"https:\/\/some-store.projetsweb.net\/en\/wp-json\/wp\/v2\/media?parent=21780"}],"wp:term":[{"taxonomy":"product_brand","embeddable":true,"href":"https:\/\/some-store.projetsweb.net\/en\/wp-json\/wp\/v2\/product_brand?post=21780"},{"taxonomy":"product_cat","embeddable":true,"href":"https:\/\/some-store.projetsweb.net\/en\/wp-json\/wp\/v2\/product_cat?post=21780"},{"taxonomy":"product_tag","embeddable":true,"href":"https:\/\/some-store.projetsweb.net\/en\/wp-json\/wp\/v2\/product_tag?post=21780"}],"curies":[{"name":"wp","href":"https:\/\/api.w.org\/{rel}","templated":true}]}}