{"id":21777,"date":"2026-03-18T09:20:41","date_gmt":"2026-03-18T09:20:41","guid":{"rendered":"https:\/\/some-store.projetsweb.net\/?post_type=product&#038;p=21777"},"modified":"2026-03-18T09:20:42","modified_gmt":"2026-03-18T09:20:42","slug":"chateau-stitch","status":"publish","type":"product","link":"https:\/\/some-store.projetsweb.net\/en\/shop\/themes-occasions\/anniversaires\/par-personnage\/stitch\/chateau-stitch\/","title":{"rendered":"Ch\u00e2teau Stitch"},"content":{"rendered":"","protected":false},"excerpt":{"rendered":"<p>Plongez dans l\u2019univers fun et d\u00e9jant\u00e9 de Stitch avec ce ch\u00e2teau gonflable plein de bonne humeur ! Les enfants pourront sauter, rebondir et s\u2019amuser dans la zone bouncy avant de glisser sur le toboggan pour encore plus de sensations. Avec ses adorables personnages et ses couleurs vibrantes, il promet une f\u00eate remplie de rires, d\u2019\u00e9nergie et d\u2019aventures inoubliables ! \ud83d\udc99\u2728\ud83c\udf89<\/p>\n<p>Dimensions : 6.5 x 3.5 x 3 m<\/p>","protected":false},"featured_media":21778,"comment_status":"open","ping_status":"closed","template":"","meta":[],"product_brand":[],"product_cat":[306,310,304],"product_tag":[],"class_list":{"0":"post-21777","1":"product","2":"type-product","3":"status-publish","4":"has-post-thumbnail","6":"product_cat-jeux","7":"product_cat-jeux-gonflables","8":"product_cat-stitch","10":"first","11":"instock","12":"virtual","13":"purchasable","14":"product-type-simple"},"_links":{"self":[{"href":"https:\/\/some-store.projetsweb.net\/en\/wp-json\/wp\/v2\/product\/21777","targetHints":{"allow":["GET"]}}],"collection":[{"href":"https:\/\/some-store.projetsweb.net\/en\/wp-json\/wp\/v2\/product"}],"about":[{"href":"https:\/\/some-store.projetsweb.net\/en\/wp-json\/wp\/v2\/types\/product"}],"replies":[{"embeddable":true,"href":"https:\/\/some-store.projetsweb.net\/en\/wp-json\/wp\/v2\/comments?post=21777"}],"wp:featuredmedia":[{"embeddable":true,"href":"https:\/\/some-store.projetsweb.net\/en\/wp-json\/wp\/v2\/media\/21778"}],"wp:attachment":[{"href":"https:\/\/some-store.projetsweb.net\/en\/wp-json\/wp\/v2\/media?parent=21777"}],"wp:term":[{"taxonomy":"product_brand","embeddable":true,"href":"https:\/\/some-store.projetsweb.net\/en\/wp-json\/wp\/v2\/product_brand?post=21777"},{"taxonomy":"product_cat","embeddable":true,"href":"https:\/\/some-store.projetsweb.net\/en\/wp-json\/wp\/v2\/product_cat?post=21777"},{"taxonomy":"product_tag","embeddable":true,"href":"https:\/\/some-store.projetsweb.net\/en\/wp-json\/wp\/v2\/product_tag?post=21777"}],"curies":[{"name":"wp","href":"https:\/\/api.w.org\/{rel}","templated":true}]}}