{"id":21774,"date":"2026-03-18T09:12:18","date_gmt":"2026-03-18T09:12:18","guid":{"rendered":"https:\/\/some-store.projetsweb.net\/?post_type=product&#038;p=21774"},"modified":"2026-03-18T09:12:18","modified_gmt":"2026-03-18T09:12:18","slug":"chateau-paw-patrol","status":"publish","type":"product","link":"https:\/\/some-store.projetsweb.net\/en\/shop\/themes-occasions\/anniversaires\/par-personnage\/paw-patrol\/chateau-paw-patrol\/","title":{"rendered":"Ch\u00e2teau Paw Patrol"},"content":{"rendered":"","protected":false},"excerpt":{"rendered":"<p>Pr\u00eats pour une mission fun avec la Pat\u2019 Patrouille ? Ce ch\u00e2teau gonflable color\u00e9 plonge les enfants dans l\u2019univers de leurs h\u00e9ros pr\u00e9f\u00e9r\u00e9s ! Ils pourront sauter, rebondir et partir \u00e0 l\u2019aventure dans la zone bouncy avant de d\u00e9valer le toboggan pour encore plus de sensations. Avec ses personnages embl\u00e9matiques et ses couleurs vibrantes, il transforme chaque f\u00eate en mission remplie de rires et d\u2019action ! \ud83d\udc36\ud83d\udea8\ud83c\udf89<\/p>\n<p>Dimensions : 5 x 3 x 2.7 m<\/p>","protected":false},"featured_media":21775,"comment_status":"open","ping_status":"closed","template":"","meta":[],"product_brand":[],"product_cat":[306,310,300],"product_tag":[],"class_list":{"0":"post-21774","1":"product","2":"type-product","3":"status-publish","4":"has-post-thumbnail","6":"product_cat-jeux","7":"product_cat-jeux-gonflables","8":"product_cat-paw-patrol","10":"first","11":"instock","12":"virtual","13":"purchasable","14":"product-type-simple"},"_links":{"self":[{"href":"https:\/\/some-store.projetsweb.net\/en\/wp-json\/wp\/v2\/product\/21774","targetHints":{"allow":["GET"]}}],"collection":[{"href":"https:\/\/some-store.projetsweb.net\/en\/wp-json\/wp\/v2\/product"}],"about":[{"href":"https:\/\/some-store.projetsweb.net\/en\/wp-json\/wp\/v2\/types\/product"}],"replies":[{"embeddable":true,"href":"https:\/\/some-store.projetsweb.net\/en\/wp-json\/wp\/v2\/comments?post=21774"}],"wp:featuredmedia":[{"embeddable":true,"href":"https:\/\/some-store.projetsweb.net\/en\/wp-json\/wp\/v2\/media\/21775"}],"wp:attachment":[{"href":"https:\/\/some-store.projetsweb.net\/en\/wp-json\/wp\/v2\/media?parent=21774"}],"wp:term":[{"taxonomy":"product_brand","embeddable":true,"href":"https:\/\/some-store.projetsweb.net\/en\/wp-json\/wp\/v2\/product_brand?post=21774"},{"taxonomy":"product_cat","embeddable":true,"href":"https:\/\/some-store.projetsweb.net\/en\/wp-json\/wp\/v2\/product_cat?post=21774"},{"taxonomy":"product_tag","embeddable":true,"href":"https:\/\/some-store.projetsweb.net\/en\/wp-json\/wp\/v2\/product_tag?post=21774"}],"curies":[{"name":"wp","href":"https:\/\/api.w.org\/{rel}","templated":true}]}}