{"id":21767,"date":"2026-03-18T08:55:19","date_gmt":"2026-03-18T08:55:19","guid":{"rendered":"https:\/\/some-store.projetsweb.net\/?post_type=product&#038;p=21767"},"modified":"2026-03-18T08:55:19","modified_gmt":"2026-03-18T08:55:19","slug":"chateau-jungle","status":"publish","type":"product","link":"https:\/\/some-store.projetsweb.net\/en\/shop\/themes-occasions\/anniversaires\/par-themes\/animaux-safari\/chateau-jungle\/","title":{"rendered":"Ch\u00e2teau Jungle"},"content":{"rendered":"","protected":false},"excerpt":{"rendered":"<p>Plongez au c\u0153ur de la jungle avec ce ch\u00e2teau gonflable spectaculaire ! Entre rebonds, escalade et glissades, les enfants vivront une v\u00e9ritable aventure sauvage. Grimpez le mur d\u2019escalade, bondissez dans la zone bouncy et d\u00e9valez les toboggans pour un maximum de fun ! Avec ses adorables animaux et ses couleurs vibrantes, il transforme chaque f\u00eate en exp\u00e9dition inoubliable. \ud83d\udc18\ud83e\udd92\ud83c\udf3f\u2728<\/p>\n<p>Dimensions : 6 x 6 x 4.5m<\/p>\n<p>A louer au 0748010001<\/p>","protected":false},"featured_media":21768,"comment_status":"open","ping_status":"closed","template":"","meta":[],"product_brand":[],"product_cat":[281,306,310],"product_tag":[],"class_list":{"0":"post-21767","1":"product","2":"type-product","3":"status-publish","4":"has-post-thumbnail","6":"product_cat-animaux-safari","7":"product_cat-jeux","8":"product_cat-jeux-gonflables","10":"first","11":"instock","12":"virtual","13":"purchasable","14":"product-type-simple"},"_links":{"self":[{"href":"https:\/\/some-store.projetsweb.net\/en\/wp-json\/wp\/v2\/product\/21767","targetHints":{"allow":["GET"]}}],"collection":[{"href":"https:\/\/some-store.projetsweb.net\/en\/wp-json\/wp\/v2\/product"}],"about":[{"href":"https:\/\/some-store.projetsweb.net\/en\/wp-json\/wp\/v2\/types\/product"}],"replies":[{"embeddable":true,"href":"https:\/\/some-store.projetsweb.net\/en\/wp-json\/wp\/v2\/comments?post=21767"}],"wp:featuredmedia":[{"embeddable":true,"href":"https:\/\/some-store.projetsweb.net\/en\/wp-json\/wp\/v2\/media\/21768"}],"wp:attachment":[{"href":"https:\/\/some-store.projetsweb.net\/en\/wp-json\/wp\/v2\/media?parent=21767"}],"wp:term":[{"taxonomy":"product_brand","embeddable":true,"href":"https:\/\/some-store.projetsweb.net\/en\/wp-json\/wp\/v2\/product_brand?post=21767"},{"taxonomy":"product_cat","embeddable":true,"href":"https:\/\/some-store.projetsweb.net\/en\/wp-json\/wp\/v2\/product_cat?post=21767"},{"taxonomy":"product_tag","embeddable":true,"href":"https:\/\/some-store.projetsweb.net\/en\/wp-json\/wp\/v2\/product_tag?post=21767"}],"curies":[{"name":"wp","href":"https:\/\/api.w.org\/{rel}","templated":true}]}}