{"id":21764,"date":"2026-03-17T16:34:50","date_gmt":"2026-03-17T16:34:50","guid":{"rendered":"https:\/\/some-store.projetsweb.net\/?post_type=product&#038;p=21764"},"modified":"2026-03-17T16:34:51","modified_gmt":"2026-03-17T16:34:51","slug":"bougies-swirly-roses-x20","status":"publish","type":"product","link":"https:\/\/some-store.projetsweb.net\/en\/shop\/le-store\/la-decoration\/bougies\/bougies-swirly-roses-x20\/","title":{"rendered":"Bougies swirly roses x20"},"content":{"rendered":"","protected":false},"excerpt":{"rendered":"<p>Ajoutez une jolie touche de couleur \u00e0 vos g\u00e2teaux de f\u00eate avec ces bougies torsad\u00e9es pleines de charme. Leur finition rose brillante est parfaite pour une f\u00eate princesse, une baby shower ou une c\u00e9l\u00e9bration romantique.<\/p>\n<ul data-start=\"70\" data-end=\"144\">\n<li data-section-id=\"wsaq94\" data-start=\"70\" data-end=\"88\">\n<p data-start=\"72\" data-end=\"88\">Forme torsad\u00e9e<\/p>\n<\/li>\n<li data-section-id=\"k3gcbg\" data-start=\"89\" data-end=\"110\">\n<p data-start=\"91\" data-end=\"110\">Lot de 20 bougies<\/p>\n<\/li>\n<li data-section-id=\"151yhbw\" data-start=\"111\" data-end=\"144\">\n<p data-start=\"113\" data-end=\"144\">Hauteur des bougies : 12,7 cm<\/p>\n<\/li>\n<\/ul>\n<p data-start=\"146\" data-end=\"171\" data-is-last-node=\"\" data-is-only-node=\"\"><strong data-start=\"146\" data-end=\"164\">Code produit :<\/strong> 223002<\/p>","protected":false},"featured_media":21765,"comment_status":"open","ping_status":"closed","template":"","meta":[],"product_brand":[],"product_cat":[258],"product_tag":[],"class_list":{"0":"post-21764","1":"product","2":"type-product","3":"status-publish","4":"has-post-thumbnail","6":"product_cat-bougies","8":"first","9":"instock","10":"virtual","11":"purchasable","12":"product-type-simple"},"_links":{"self":[{"href":"https:\/\/some-store.projetsweb.net\/en\/wp-json\/wp\/v2\/product\/21764","targetHints":{"allow":["GET"]}}],"collection":[{"href":"https:\/\/some-store.projetsweb.net\/en\/wp-json\/wp\/v2\/product"}],"about":[{"href":"https:\/\/some-store.projetsweb.net\/en\/wp-json\/wp\/v2\/types\/product"}],"replies":[{"embeddable":true,"href":"https:\/\/some-store.projetsweb.net\/en\/wp-json\/wp\/v2\/comments?post=21764"}],"wp:featuredmedia":[{"embeddable":true,"href":"https:\/\/some-store.projetsweb.net\/en\/wp-json\/wp\/v2\/media\/21765"}],"wp:attachment":[{"href":"https:\/\/some-store.projetsweb.net\/en\/wp-json\/wp\/v2\/media?parent=21764"}],"wp:term":[{"taxonomy":"product_brand","embeddable":true,"href":"https:\/\/some-store.projetsweb.net\/en\/wp-json\/wp\/v2\/product_brand?post=21764"},{"taxonomy":"product_cat","embeddable":true,"href":"https:\/\/some-store.projetsweb.net\/en\/wp-json\/wp\/v2\/product_cat?post=21764"},{"taxonomy":"product_tag","embeddable":true,"href":"https:\/\/some-store.projetsweb.net\/en\/wp-json\/wp\/v2\/product_tag?post=21764"}],"curies":[{"name":"wp","href":"https:\/\/api.w.org\/{rel}","templated":true}]}}