{"id":21750,"date":"2026-03-17T16:20:21","date_gmt":"2026-03-17T16:20:21","guid":{"rendered":"https:\/\/some-store.projetsweb.net\/?post_type=product&#038;p=21750"},"modified":"2026-03-21T15:02:23","modified_gmt":"2026-03-21T15:02:23","slug":"bougies-swirly-argentees-x20","status":"publish","type":"product","link":"https:\/\/some-store.projetsweb.net\/en\/shop\/le-store\/la-decoration\/bougies\/bougies-swirly-argentees-x20\/","title":{"rendered":"Bougies swirly argent\u00e9es x20"},"content":{"rendered":"","protected":false},"excerpt":{"rendered":"<p>Ces bougies torsad\u00e9es argent\u00e9es apporteront une touche spectaculaire \u00e0 tous vos g\u00e2teaux de f\u00eate. Avec leur finition brillante, elles sont encore plus sublimes une fois allum\u00e9es et \u00e9merveilleront tous vos invit\u00e9s.<\/p>\n<ul data-start=\"70\" data-end=\"144\">\n<li data-section-id=\"wsaq94\" data-start=\"70\" data-end=\"88\">\n<p data-start=\"72\" data-end=\"88\">Forme torsad\u00e9e<\/p>\n<\/li>\n<li data-section-id=\"k3gcbg\" data-start=\"89\" data-end=\"110\">\n<p data-start=\"91\" data-end=\"110\">Lot de 20 bougies<\/p>\n<\/li>\n<li data-section-id=\"151yhbw\" data-start=\"111\" data-end=\"144\">\n<p data-start=\"113\" data-end=\"144\">Hauteur des bougies : 12,7 cm<\/p>\n<\/li>\n<\/ul>\n<p data-start=\"146\" data-end=\"171\" data-is-last-node=\"\" data-is-only-node=\"\"><strong data-start=\"146\" data-end=\"164\">Code produit :<\/strong> 222498<\/p>","protected":false},"featured_media":21751,"comment_status":"open","ping_status":"closed","template":"","meta":[],"product_brand":[],"product_cat":[277,321,258],"product_tag":[],"class_list":{"0":"post-21750","1":"product","2":"type-product","3":"status-publish","4":"has-post-thumbnail","6":"product_cat-bachelorette","7":"product_cat-bapteme","8":"product_cat-bougies","10":"first","11":"instock","12":"virtual","13":"purchasable","14":"product-type-simple"},"_links":{"self":[{"href":"https:\/\/some-store.projetsweb.net\/en\/wp-json\/wp\/v2\/product\/21750","targetHints":{"allow":["GET"]}}],"collection":[{"href":"https:\/\/some-store.projetsweb.net\/en\/wp-json\/wp\/v2\/product"}],"about":[{"href":"https:\/\/some-store.projetsweb.net\/en\/wp-json\/wp\/v2\/types\/product"}],"replies":[{"embeddable":true,"href":"https:\/\/some-store.projetsweb.net\/en\/wp-json\/wp\/v2\/comments?post=21750"}],"wp:featuredmedia":[{"embeddable":true,"href":"https:\/\/some-store.projetsweb.net\/en\/wp-json\/wp\/v2\/media\/21751"}],"wp:attachment":[{"href":"https:\/\/some-store.projetsweb.net\/en\/wp-json\/wp\/v2\/media?parent=21750"}],"wp:term":[{"taxonomy":"product_brand","embeddable":true,"href":"https:\/\/some-store.projetsweb.net\/en\/wp-json\/wp\/v2\/product_brand?post=21750"},{"taxonomy":"product_cat","embeddable":true,"href":"https:\/\/some-store.projetsweb.net\/en\/wp-json\/wp\/v2\/product_cat?post=21750"},{"taxonomy":"product_tag","embeddable":true,"href":"https:\/\/some-store.projetsweb.net\/en\/wp-json\/wp\/v2\/product_tag?post=21750"}],"curies":[{"name":"wp","href":"https:\/\/api.w.org\/{rel}","templated":true}]}}