{"id":21748,"date":"2026-03-17T16:17:50","date_gmt":"2026-03-17T16:17:50","guid":{"rendered":"https:\/\/some-store.projetsweb.net\/?post_type=product&#038;p=21748"},"modified":"2026-03-17T16:17:50","modified_gmt":"2026-03-17T16:17:50","slug":"bougies-happy-birthday-set-x13","status":"publish","type":"product","link":"https:\/\/some-store.projetsweb.net\/en\/shop\/le-store\/la-decoration\/bougies\/bougies-happy-birthday-set-x13\/","title":{"rendered":"Bougies Happy Birthday set x13"},"content":{"rendered":"","protected":false},"excerpt":{"rendered":"<p>Une fa\u00e7on simple de transformer un g\u00e2teau en v\u00e9ritable f\u00eate d\u2019anniversaire : ces mini bougies color\u00e9es formant les mots \u201cHappy Birthday\u201d. Parfaites pour apporter une touche joyeuse et festive en un clin d\u2019\u0153il !<\/p>\n<ul data-start=\"70\" data-end=\"199\">\n<li data-section-id=\"1ajs2lq\" data-start=\"70\" data-end=\"136\">\n<p data-start=\"72\" data-end=\"136\">Bougies d\u00e9clin\u00e9es en 6 couleurs vives pour un effet visuel fun<\/p>\n<\/li>\n<li data-section-id=\"1qwi5to\" data-start=\"137\" data-end=\"158\">\n<p data-start=\"139\" data-end=\"158\">Lot de 13 bougies<\/p>\n<\/li>\n<li data-section-id=\"1bcyh5k\" data-start=\"159\" data-end=\"199\">\n<p data-start=\"161\" data-end=\"199\">Hauteur moyenne (avec pic) : 7,62 cm<\/p>\n<\/li>\n<\/ul>\n<p data-start=\"201\" data-end=\"226\" data-is-last-node=\"\" data-is-only-node=\"\"><strong data-start=\"201\" data-end=\"219\">Code produit :<\/strong> 217135<\/p>","protected":false},"featured_media":21749,"comment_status":"open","ping_status":"closed","template":"","meta":[],"product_brand":[],"product_cat":[258],"product_tag":[],"class_list":{"0":"post-21748","1":"product","2":"type-product","3":"status-publish","4":"has-post-thumbnail","6":"product_cat-bougies","8":"first","9":"instock","10":"virtual","11":"purchasable","12":"product-type-simple"},"_links":{"self":[{"href":"https:\/\/some-store.projetsweb.net\/en\/wp-json\/wp\/v2\/product\/21748","targetHints":{"allow":["GET"]}}],"collection":[{"href":"https:\/\/some-store.projetsweb.net\/en\/wp-json\/wp\/v2\/product"}],"about":[{"href":"https:\/\/some-store.projetsweb.net\/en\/wp-json\/wp\/v2\/types\/product"}],"replies":[{"embeddable":true,"href":"https:\/\/some-store.projetsweb.net\/en\/wp-json\/wp\/v2\/comments?post=21748"}],"wp:featuredmedia":[{"embeddable":true,"href":"https:\/\/some-store.projetsweb.net\/en\/wp-json\/wp\/v2\/media\/21749"}],"wp:attachment":[{"href":"https:\/\/some-store.projetsweb.net\/en\/wp-json\/wp\/v2\/media?parent=21748"}],"wp:term":[{"taxonomy":"product_brand","embeddable":true,"href":"https:\/\/some-store.projetsweb.net\/en\/wp-json\/wp\/v2\/product_brand?post=21748"},{"taxonomy":"product_cat","embeddable":true,"href":"https:\/\/some-store.projetsweb.net\/en\/wp-json\/wp\/v2\/product_cat?post=21748"},{"taxonomy":"product_tag","embeddable":true,"href":"https:\/\/some-store.projetsweb.net\/en\/wp-json\/wp\/v2\/product_tag?post=21748"}],"curies":[{"name":"wp","href":"https:\/\/api.w.org\/{rel}","templated":true}]}}