{"id":21744,"date":"2026-03-17T16:13:04","date_gmt":"2026-03-17T16:13:04","guid":{"rendered":"https:\/\/some-store.projetsweb.net\/?post_type=product&#038;p=21744"},"modified":"2026-03-17T16:13:04","modified_gmt":"2026-03-17T16:13:04","slug":"bougie-happy-birthday-rose","status":"publish","type":"product","link":"https:\/\/some-store.projetsweb.net\/en\/shop\/themes-occasions\/anniversaires\/par-themes\/ice-cream\/bougie-happy-birthday-rose\/","title":{"rendered":"Bougie Happy Birthday rose"},"content":{"rendered":"","protected":false},"excerpt":{"rendered":"<p>Rendez votre c\u00e9l\u00e9bration inoubliable avec cette superbe bougie rose formant \u201cHappy Birthday\u201d dans une \u00e9criture \u00e9l\u00e9gante et cursive. Pour un moment aussi beau que m\u00e9morable !<\/p>\n<ul data-start=\"70\" data-end=\"116\">\n<li data-section-id=\"1azsy7d\" data-start=\"70\" data-end=\"116\">\n<p data-start=\"72\" data-end=\"116\">Hauteur de la bougie (avec pic) : 10,16 cm<\/p>\n<\/li>\n<\/ul>\n<p data-start=\"118\" data-end=\"143\" data-is-last-node=\"\" data-is-only-node=\"\"><strong data-start=\"118\" data-end=\"136\">Code produit :<\/strong> 142228<\/p>","protected":false},"featured_media":21745,"comment_status":"open","ping_status":"closed","template":"","meta":[],"product_brand":[],"product_cat":[258,288],"product_tag":[],"class_list":{"0":"post-21744","1":"product","2":"type-product","3":"status-publish","4":"has-post-thumbnail","6":"product_cat-bougies","7":"product_cat-ice-cream","9":"first","10":"instock","11":"virtual","12":"purchasable","13":"product-type-simple"},"_links":{"self":[{"href":"https:\/\/some-store.projetsweb.net\/en\/wp-json\/wp\/v2\/product\/21744","targetHints":{"allow":["GET"]}}],"collection":[{"href":"https:\/\/some-store.projetsweb.net\/en\/wp-json\/wp\/v2\/product"}],"about":[{"href":"https:\/\/some-store.projetsweb.net\/en\/wp-json\/wp\/v2\/types\/product"}],"replies":[{"embeddable":true,"href":"https:\/\/some-store.projetsweb.net\/en\/wp-json\/wp\/v2\/comments?post=21744"}],"wp:featuredmedia":[{"embeddable":true,"href":"https:\/\/some-store.projetsweb.net\/en\/wp-json\/wp\/v2\/media\/21745"}],"wp:attachment":[{"href":"https:\/\/some-store.projetsweb.net\/en\/wp-json\/wp\/v2\/media?parent=21744"}],"wp:term":[{"taxonomy":"product_brand","embeddable":true,"href":"https:\/\/some-store.projetsweb.net\/en\/wp-json\/wp\/v2\/product_brand?post=21744"},{"taxonomy":"product_cat","embeddable":true,"href":"https:\/\/some-store.projetsweb.net\/en\/wp-json\/wp\/v2\/product_cat?post=21744"},{"taxonomy":"product_tag","embeddable":true,"href":"https:\/\/some-store.projetsweb.net\/en\/wp-json\/wp\/v2\/product_tag?post=21744"}],"curies":[{"name":"wp","href":"https:\/\/api.w.org\/{rel}","templated":true}]}}