{"id":21738,"date":"2026-03-17T16:08:01","date_gmt":"2026-03-17T16:08:01","guid":{"rendered":"https:\/\/some-store.projetsweb.net\/?post_type=product&#038;p=21738"},"modified":"2026-03-17T16:08:01","modified_gmt":"2026-03-17T16:08:01","slug":"bougies-mini-coeurs-x12","status":"publish","type":"product","link":"https:\/\/some-store.projetsweb.net\/en\/shop\/themes-occasions\/anniversaires\/par-themes\/coeurs\/bougies-mini-coeurs-x12\/","title":{"rendered":"Bougies mini-c\u0153urs x12"},"content":{"rendered":"","protected":false},"excerpt":{"rendered":"<p>Apportez une jolie touche rose \u00e0 vos g\u00e2teaux avec ces bougies c\u0153ur pleines de charme. Ce set de mini bougies est parfait pour une d\u00e9coration instantan\u00e9e, ou \u00e0 associer avec des toppers pour encore plus d\u2019effet. Id\u00e9ales pour une bridal shower, un anniversaire de mariage ou toute occasion romantique.<\/p>\n<ul data-start=\"70\" data-end=\"274\">\n<li data-section-id=\"1kqhq9w\" data-start=\"70\" data-end=\"148\">\n<p data-start=\"72\" data-end=\"148\">Lot de 12 bougies en forme de c\u0153ur en cire, d\u00e9clin\u00e9es en 7 nuances de rose<\/p>\n<\/li>\n<li data-section-id=\"10yc9eo\" data-start=\"149\" data-end=\"200\">\n<p data-start=\"151\" data-end=\"200\">Recommand\u00e9 d\u2019utiliser avec des supports adapt\u00e9s<\/p>\n<\/li>\n<li data-section-id=\"wen5jg\" data-start=\"201\" data-end=\"234\">\n<p data-start=\"203\" data-end=\"234\">Lot de 12 bougies (7 coloris)<\/p>\n<\/li>\n<li data-section-id=\"uip0iy\" data-start=\"235\" data-end=\"274\">\n<p data-start=\"237\" data-end=\"274\">Hauteur moyenne (avec pic) : 5,4 cm<\/p>\n<\/li>\n<\/ul>\n<p data-start=\"276\" data-end=\"301\" data-is-last-node=\"\" data-is-only-node=\"\"><strong data-start=\"276\" data-end=\"294\">Code produit :<\/strong> 287052<\/p>","protected":false},"featured_media":21739,"comment_status":"open","ping_status":"closed","template":"","meta":[],"product_brand":[],"product_cat":[277,258,285],"product_tag":[],"class_list":{"0":"post-21738","1":"product","2":"type-product","3":"status-publish","4":"has-post-thumbnail","6":"product_cat-bachelorette","7":"product_cat-bougies","8":"product_cat-coeurs","10":"first","11":"instock","12":"virtual","13":"purchasable","14":"product-type-simple"},"_links":{"self":[{"href":"https:\/\/some-store.projetsweb.net\/en\/wp-json\/wp\/v2\/product\/21738","targetHints":{"allow":["GET"]}}],"collection":[{"href":"https:\/\/some-store.projetsweb.net\/en\/wp-json\/wp\/v2\/product"}],"about":[{"href":"https:\/\/some-store.projetsweb.net\/en\/wp-json\/wp\/v2\/types\/product"}],"replies":[{"embeddable":true,"href":"https:\/\/some-store.projetsweb.net\/en\/wp-json\/wp\/v2\/comments?post=21738"}],"wp:featuredmedia":[{"embeddable":true,"href":"https:\/\/some-store.projetsweb.net\/en\/wp-json\/wp\/v2\/media\/21739"}],"wp:attachment":[{"href":"https:\/\/some-store.projetsweb.net\/en\/wp-json\/wp\/v2\/media?parent=21738"}],"wp:term":[{"taxonomy":"product_brand","embeddable":true,"href":"https:\/\/some-store.projetsweb.net\/en\/wp-json\/wp\/v2\/product_brand?post=21738"},{"taxonomy":"product_cat","embeddable":true,"href":"https:\/\/some-store.projetsweb.net\/en\/wp-json\/wp\/v2\/product_cat?post=21738"},{"taxonomy":"product_tag","embeddable":true,"href":"https:\/\/some-store.projetsweb.net\/en\/wp-json\/wp\/v2\/product_tag?post=21738"}],"curies":[{"name":"wp","href":"https:\/\/api.w.org\/{rel}","templated":true}]}}