{"id":21719,"date":"2026-03-17T15:39:41","date_gmt":"2026-03-17T15:39:41","guid":{"rendered":"https:\/\/some-store.projetsweb.net\/?post_type=product&#038;p=21719"},"modified":"2026-04-15T12:54:07","modified_gmt":"2026-04-15T12:54:07","slug":"gobelets-a-frange-x8","status":"publish","type":"product","link":"https:\/\/some-store.projetsweb.net\/en\/shop\/themes-occasions\/anniversaires\/par-themes\/ice-cream\/gobelets-a-frange-x8\/","title":{"rendered":"Gobelets \u00e0 frange x8"},"content":{"rendered":"","protected":false},"excerpt":{"rendered":"<p>Ces magnifiques gobelets sont parfaits pour une f\u00eate sir\u00e8ne ou sur le th\u00e8me de la mer. Con\u00e7us pour rappeler la queue scintillante d\u2019une sir\u00e8ne, ils sont compos\u00e9s de 6 bandes superpos\u00e9es \u00e0 bord festonn\u00e9 en foil, pour un effet spectaculaire et f\u00e9erique.<\/p>\n<ul data-start=\"70\" data-end=\"294\">\n<li data-section-id=\"1sto25x\" data-start=\"70\" data-end=\"138\">\n<p data-start=\"72\" data-end=\"138\">Base rose unie avec 6 bandes superpos\u00e9es \u00e0 bord festonn\u00e9 en foil<\/p>\n<\/li>\n<li data-section-id=\"1bfdvrq\" data-start=\"139\" data-end=\"204\">\n<p data-start=\"141\" data-end=\"204\">Superposition de couleurs bleu et rose pour un effet f\u00e9erique<\/p>\n<\/li>\n<li data-section-id=\"1lziyt0\" data-start=\"205\" data-end=\"248\">\n<p data-start=\"207\" data-end=\"248\">Adapt\u00e9s aux boissons chaudes et froides<\/p>\n<\/li>\n<li data-section-id=\"e9p3bb\" data-start=\"249\" data-end=\"270\">\n<p data-start=\"251\" data-end=\"270\">Lot de 8 gobelets<\/p>\n<\/li>\n<li data-section-id=\"ry7sk5\" data-start=\"271\" data-end=\"294\">\n<p data-start=\"273\" data-end=\"294\">Contenance : 266 ml<\/p>\n<\/li>\n<\/ul>\n<p data-start=\"296\" data-end=\"321\" data-is-last-node=\"\" data-is-only-node=\"\"><strong data-start=\"296\" data-end=\"314\">Code produit :<\/strong> 210691<\/p>","protected":false},"featured_media":21720,"comment_status":"open","ping_status":"closed","template":"","meta":[],"product_brand":[],"product_cat":[252,288,292,294,296],"product_tag":[],"class_list":{"0":"post-21719","1":"product","2":"type-product","3":"status-publish","4":"has-post-thumbnail","6":"product_cat-gobelets","7":"product_cat-ice-cream","8":"product_cat-licornes","9":"product_cat-princesse","10":"product_cat-sirenes","12":"first","13":"instock","14":"virtual","15":"purchasable","16":"product-type-simple"},"_links":{"self":[{"href":"https:\/\/some-store.projetsweb.net\/en\/wp-json\/wp\/v2\/product\/21719","targetHints":{"allow":["GET"]}}],"collection":[{"href":"https:\/\/some-store.projetsweb.net\/en\/wp-json\/wp\/v2\/product"}],"about":[{"href":"https:\/\/some-store.projetsweb.net\/en\/wp-json\/wp\/v2\/types\/product"}],"replies":[{"embeddable":true,"href":"https:\/\/some-store.projetsweb.net\/en\/wp-json\/wp\/v2\/comments?post=21719"}],"wp:featuredmedia":[{"embeddable":true,"href":"https:\/\/some-store.projetsweb.net\/en\/wp-json\/wp\/v2\/media\/21720"}],"wp:attachment":[{"href":"https:\/\/some-store.projetsweb.net\/en\/wp-json\/wp\/v2\/media?parent=21719"}],"wp:term":[{"taxonomy":"product_brand","embeddable":true,"href":"https:\/\/some-store.projetsweb.net\/en\/wp-json\/wp\/v2\/product_brand?post=21719"},{"taxonomy":"product_cat","embeddable":true,"href":"https:\/\/some-store.projetsweb.net\/en\/wp-json\/wp\/v2\/product_cat?post=21719"},{"taxonomy":"product_tag","embeddable":true,"href":"https:\/\/some-store.projetsweb.net\/en\/wp-json\/wp\/v2\/product_tag?post=21719"}],"curies":[{"name":"wp","href":"https:\/\/api.w.org\/{rel}","templated":true}]}}