{"id":21716,"date":"2026-03-17T15:36:35","date_gmt":"2026-03-17T15:36:35","guid":{"rendered":"https:\/\/some-store.projetsweb.net\/?post_type=product&#038;p=21716"},"modified":"2026-03-17T15:36:35","modified_gmt":"2026-03-17T15:36:35","slug":"serviettes-coquillage-x16","status":"publish","type":"product","link":"https:\/\/some-store.projetsweb.net\/en\/shop\/themes-occasions\/anniversaires\/par-themes\/sirenes\/serviettes-coquillage-x16\/","title":{"rendered":"Serviettes coquillage x16"},"content":{"rendered":"","protected":false},"excerpt":{"rendered":"<p>\u00c0 la fois pratiques et \u00e9l\u00e9gantes, ces serviettes sont parfaites pour une f\u00eate sir\u00e8ne ou sur le th\u00e8me de la mer. Elles sont sublim\u00e9es par de magnifiques d\u00e9tails en dorure brillante pour un effet scintillant et festif.<\/p>\n<ul data-start=\"70\" data-end=\"257\">\n<li data-section-id=\"18gdz9y\" data-start=\"70\" data-end=\"138\">\n<p data-start=\"72\" data-end=\"138\">D\u00e9tails en dorure brillante pour un effet \u00e9l\u00e9gant et scintillant<\/p>\n<\/li>\n<li data-section-id=\"1ds8uaa\" data-start=\"139\" data-end=\"193\">\n<p data-start=\"141\" data-end=\"193\">D\u00e9coupe soign\u00e9e en forme de coquille Saint-Jacques<\/p>\n<\/li>\n<li data-section-id=\"goxf1t\" data-start=\"194\" data-end=\"218\">\n<p data-start=\"196\" data-end=\"218\">Lot de 16 serviettes<\/p>\n<\/li>\n<li data-section-id=\"j8b5kd\" data-start=\"219\" data-end=\"257\">\n<p data-start=\"221\" data-end=\"257\">Dimensions pli\u00e9es : 12,7 x 12,7 cm<\/p>\n<\/li>\n<\/ul>\n<p data-start=\"259\" data-end=\"284\" data-is-last-node=\"\" data-is-only-node=\"\"><strong data-start=\"259\" data-end=\"277\">Code produit :<\/strong> 210772<\/p>","protected":false},"featured_media":21717,"comment_status":"open","ping_status":"closed","template":"","meta":[],"product_brand":[],"product_cat":[256,296],"product_tag":[],"class_list":{"0":"post-21716","1":"product","2":"type-product","3":"status-publish","4":"has-post-thumbnail","6":"product_cat-serviettes","7":"product_cat-sirenes","9":"first","10":"instock","11":"virtual","12":"purchasable","13":"product-type-simple"},"_links":{"self":[{"href":"https:\/\/some-store.projetsweb.net\/en\/wp-json\/wp\/v2\/product\/21716","targetHints":{"allow":["GET"]}}],"collection":[{"href":"https:\/\/some-store.projetsweb.net\/en\/wp-json\/wp\/v2\/product"}],"about":[{"href":"https:\/\/some-store.projetsweb.net\/en\/wp-json\/wp\/v2\/types\/product"}],"replies":[{"embeddable":true,"href":"https:\/\/some-store.projetsweb.net\/en\/wp-json\/wp\/v2\/comments?post=21716"}],"wp:featuredmedia":[{"embeddable":true,"href":"https:\/\/some-store.projetsweb.net\/en\/wp-json\/wp\/v2\/media\/21717"}],"wp:attachment":[{"href":"https:\/\/some-store.projetsweb.net\/en\/wp-json\/wp\/v2\/media?parent=21716"}],"wp:term":[{"taxonomy":"product_brand","embeddable":true,"href":"https:\/\/some-store.projetsweb.net\/en\/wp-json\/wp\/v2\/product_brand?post=21716"},{"taxonomy":"product_cat","embeddable":true,"href":"https:\/\/some-store.projetsweb.net\/en\/wp-json\/wp\/v2\/product_cat?post=21716"},{"taxonomy":"product_tag","embeddable":true,"href":"https:\/\/some-store.projetsweb.net\/en\/wp-json\/wp\/v2\/product_tag?post=21716"}],"curies":[{"name":"wp","href":"https:\/\/api.w.org\/{rel}","templated":true}]}}