{"id":21706,"date":"2026-03-17T15:24:00","date_gmt":"2026-03-17T15:24:00","guid":{"rendered":"https:\/\/some-store.projetsweb.net\/?post_type=product&#038;p=21706"},"modified":"2026-03-17T15:24:01","modified_gmt":"2026-03-17T15:24:01","slug":"grandes-assiettes-sirenes-x8","status":"publish","type":"product","link":"https:\/\/some-store.projetsweb.net\/en\/shop\/themes-occasions\/anniversaires\/par-themes\/sirenes\/grandes-assiettes-sirenes-x8\/","title":{"rendered":"Grandes assiettes sir\u00e8nes x8"},"content":{"rendered":"","protected":false},"excerpt":{"rendered":"<p>Ces magnifiques assiettes en papier en forme de coquillage feront sensation lors d\u2019une f\u00eate sir\u00e8ne ou sur le th\u00e8me de la mer ! Elles mettent en sc\u00e8ne 6 jolies sir\u00e8nes nageant dans l\u2019oc\u00e9an, avec des couleurs \u00e9clatantes et de superbes d\u00e9tails scintillants.<\/p>\n<ul data-start=\"70\" data-end=\"227\">\n<li data-section-id=\"1ugla7q\" data-start=\"70\" data-end=\"127\">\n<p data-start=\"72\" data-end=\"127\">D\u00e9tails en foil rose et bleu pour une touche \u00e9l\u00e9gante<\/p>\n<\/li>\n<li data-section-id=\"ubqbaw\" data-start=\"128\" data-end=\"170\">\n<p data-start=\"130\" data-end=\"170\">Design original en forme de coquillage<\/p>\n<\/li>\n<li data-section-id=\"1yw396l\" data-start=\"171\" data-end=\"193\">\n<p data-start=\"173\" data-end=\"193\">Lot de 8 assiettes<\/p>\n<\/li>\n<li data-section-id=\"jo4rhj\" data-start=\"194\" data-end=\"227\">\n<p data-start=\"196\" data-end=\"227\">Dimensions : 26,67 x 26,67 cm<\/p>\n<\/li>\n<\/ul>\n<p data-start=\"229\" data-end=\"254\" data-is-last-node=\"\" data-is-only-node=\"\"><strong data-start=\"229\" data-end=\"247\">Code produit :<\/strong> 210700<\/p>","protected":false},"featured_media":21707,"comment_status":"open","ping_status":"closed","template":"","meta":[],"product_brand":[],"product_cat":[248,296],"product_tag":[],"class_list":{"0":"post-21706","1":"product","2":"type-product","3":"status-publish","4":"has-post-thumbnail","6":"product_cat-assiettes","7":"product_cat-sirenes","9":"first","10":"instock","11":"virtual","12":"purchasable","13":"product-type-simple"},"_links":{"self":[{"href":"https:\/\/some-store.projetsweb.net\/en\/wp-json\/wp\/v2\/product\/21706","targetHints":{"allow":["GET"]}}],"collection":[{"href":"https:\/\/some-store.projetsweb.net\/en\/wp-json\/wp\/v2\/product"}],"about":[{"href":"https:\/\/some-store.projetsweb.net\/en\/wp-json\/wp\/v2\/types\/product"}],"replies":[{"embeddable":true,"href":"https:\/\/some-store.projetsweb.net\/en\/wp-json\/wp\/v2\/comments?post=21706"}],"wp:featuredmedia":[{"embeddable":true,"href":"https:\/\/some-store.projetsweb.net\/en\/wp-json\/wp\/v2\/media\/21707"}],"wp:attachment":[{"href":"https:\/\/some-store.projetsweb.net\/en\/wp-json\/wp\/v2\/media?parent=21706"}],"wp:term":[{"taxonomy":"product_brand","embeddable":true,"href":"https:\/\/some-store.projetsweb.net\/en\/wp-json\/wp\/v2\/product_brand?post=21706"},{"taxonomy":"product_cat","embeddable":true,"href":"https:\/\/some-store.projetsweb.net\/en\/wp-json\/wp\/v2\/product_cat?post=21706"},{"taxonomy":"product_tag","embeddable":true,"href":"https:\/\/some-store.projetsweb.net\/en\/wp-json\/wp\/v2\/product_tag?post=21706"}],"curies":[{"name":"wp","href":"https:\/\/api.w.org\/{rel}","templated":true}]}}