{"id":21698,"date":"2026-03-17T15:14:06","date_gmt":"2026-03-17T15:14:06","guid":{"rendered":"https:\/\/some-store.projetsweb.net\/?post_type=product&#038;p=21698"},"modified":"2026-03-17T15:14:07","modified_gmt":"2026-03-17T15:14:07","slug":"serviettes-roller-x16","status":"publish","type":"product","link":"https:\/\/some-store.projetsweb.net\/en\/shop\/themes-occasions\/anniversaires\/par-themes\/roller\/serviettes-roller-x16\/","title":{"rendered":"Serviettes roller x16"},"content":{"rendered":"","protected":false},"excerpt":{"rendered":"<p>Transformez votre table de f\u00eate en v\u00e9ritable piste de roller avec ces superbes serviettes ! Fabriqu\u00e9es en papier 3 plis, elles sont \u00e0 la fois pratiques et ultra fun \u00e0 regarder.<\/p>\n<ul data-start=\"70\" data-end=\"185\">\n<li data-section-id=\"ywz4pu\" data-start=\"70\" data-end=\"87\">\n<p data-start=\"72\" data-end=\"87\">Papier 3 plis<\/p>\n<\/li>\n<li data-section-id=\"w3kukx\" data-start=\"88\" data-end=\"119\">\n<p data-start=\"90\" data-end=\"119\">D\u00e9tails en dorure brillante<\/p>\n<\/li>\n<li data-section-id=\"goxf1t\" data-start=\"120\" data-end=\"144\">\n<p data-start=\"122\" data-end=\"144\">Lot de 16 serviettes<\/p>\n<\/li>\n<li data-section-id=\"vglmgf\" data-start=\"145\" data-end=\"185\">\n<p data-start=\"147\" data-end=\"185\">Dimensions pli\u00e9es : 13,65 x 16,51 cm<\/p>\n<\/li>\n<\/ul>\n<p data-start=\"187\" data-end=\"212\" data-is-last-node=\"\" data-is-only-node=\"\"><strong data-start=\"187\" data-end=\"205\">Code produit :<\/strong> 211834<\/p>","protected":false},"featured_media":21699,"comment_status":"open","ping_status":"closed","template":"","meta":[],"product_brand":[],"product_cat":[295,256],"product_tag":[],"class_list":{"0":"post-21698","1":"product","2":"type-product","3":"status-publish","4":"has-post-thumbnail","6":"product_cat-roller","7":"product_cat-serviettes","9":"first","10":"instock","11":"virtual","12":"purchasable","13":"product-type-simple"},"_links":{"self":[{"href":"https:\/\/some-store.projetsweb.net\/en\/wp-json\/wp\/v2\/product\/21698","targetHints":{"allow":["GET"]}}],"collection":[{"href":"https:\/\/some-store.projetsweb.net\/en\/wp-json\/wp\/v2\/product"}],"about":[{"href":"https:\/\/some-store.projetsweb.net\/en\/wp-json\/wp\/v2\/types\/product"}],"replies":[{"embeddable":true,"href":"https:\/\/some-store.projetsweb.net\/en\/wp-json\/wp\/v2\/comments?post=21698"}],"wp:featuredmedia":[{"embeddable":true,"href":"https:\/\/some-store.projetsweb.net\/en\/wp-json\/wp\/v2\/media\/21699"}],"wp:attachment":[{"href":"https:\/\/some-store.projetsweb.net\/en\/wp-json\/wp\/v2\/media?parent=21698"}],"wp:term":[{"taxonomy":"product_brand","embeddable":true,"href":"https:\/\/some-store.projetsweb.net\/en\/wp-json\/wp\/v2\/product_brand?post=21698"},{"taxonomy":"product_cat","embeddable":true,"href":"https:\/\/some-store.projetsweb.net\/en\/wp-json\/wp\/v2\/product_cat?post=21698"},{"taxonomy":"product_tag","embeddable":true,"href":"https:\/\/some-store.projetsweb.net\/en\/wp-json\/wp\/v2\/product_tag?post=21698"}],"curies":[{"name":"wp","href":"https:\/\/api.w.org\/{rel}","templated":true}]}}