{"id":21688,"date":"2026-03-17T15:04:04","date_gmt":"2026-03-17T15:04:04","guid":{"rendered":"https:\/\/some-store.projetsweb.net\/?post_type=product&#038;p=21688"},"modified":"2026-03-26T12:22:24","modified_gmt":"2026-03-26T12:22:24","slug":"cupcake-kit-princesse-x24-toppers","status":"publish","type":"product","link":"https:\/\/some-store.projetsweb.net\/en\/shop\/themes-occasions\/anniversaires\/par-themes\/princesse\/cupcake-kit-princesse-x24-toppers\/","title":{"rendered":"Cupcake kit princesse (x24 toppers)"},"content":{"rendered":"","protected":false},"excerpt":{"rendered":"<p>Avec ces magnifiques toppers et caissettes, vos cupcakes deviendront le point fort de toutes vos c\u00e9l\u00e9brations ! Les toppers mettent en sc\u00e8ne des licornes avec des queues \u00e0 pompons dor\u00e9s, des ch\u00e2teaux avec des tours brillantes, ainsi que des fleurs aux d\u00e9tails en dorure.<\/p>\n<ul data-start=\"70\" data-end=\"327\">\n<li data-section-id=\"fnhkd\" data-start=\"70\" data-end=\"136\">\n<p data-start=\"72\" data-end=\"136\">24 toppers r\u00e9partis en 4 designs, avec 24 caissettes assorties<\/p>\n<\/li>\n<li data-section-id=\"107anhl\" data-start=\"137\" data-end=\"239\">\n<p data-start=\"139\" data-end=\"239\">D\u00e9tails en dorure brillante et superbes pompons dor\u00e9s sur les licornes pour un effet spectaculaire<\/p>\n<\/li>\n<li data-section-id=\"12vpofn\" data-start=\"240\" data-end=\"273\">\n<p data-start=\"242\" data-end=\"273\">Lot de 24 toppers (4 designs)<\/p>\n<\/li>\n<li data-section-id=\"ol4fpf\" data-start=\"274\" data-end=\"327\">\n<p data-start=\"276\" data-end=\"327\">Dimensions des caissettes : 6,35 x 3,18 x 6,35 cm<\/p>\n<\/li>\n<\/ul>\n<p data-start=\"329\" data-end=\"354\" data-is-last-node=\"\" data-is-only-node=\"\"><strong data-start=\"329\" data-end=\"347\">Code produit :<\/strong> 215218<\/p>","protected":false},"featured_media":21689,"comment_status":"open","ping_status":"closed","template":"","meta":[],"product_brand":[],"product_cat":[326,294,267],"product_tag":[],"class_list":{"0":"post-21688","1":"product","2":"type-product","3":"status-publish","4":"has-post-thumbnail","6":"product_cat-cupcake-kit","7":"product_cat-princesse","8":"product_cat-toppers","10":"first","11":"instock","12":"virtual","13":"purchasable","14":"product-type-simple"},"_links":{"self":[{"href":"https:\/\/some-store.projetsweb.net\/en\/wp-json\/wp\/v2\/product\/21688","targetHints":{"allow":["GET"]}}],"collection":[{"href":"https:\/\/some-store.projetsweb.net\/en\/wp-json\/wp\/v2\/product"}],"about":[{"href":"https:\/\/some-store.projetsweb.net\/en\/wp-json\/wp\/v2\/types\/product"}],"replies":[{"embeddable":true,"href":"https:\/\/some-store.projetsweb.net\/en\/wp-json\/wp\/v2\/comments?post=21688"}],"wp:featuredmedia":[{"embeddable":true,"href":"https:\/\/some-store.projetsweb.net\/en\/wp-json\/wp\/v2\/media\/21689"}],"wp:attachment":[{"href":"https:\/\/some-store.projetsweb.net\/en\/wp-json\/wp\/v2\/media?parent=21688"}],"wp:term":[{"taxonomy":"product_brand","embeddable":true,"href":"https:\/\/some-store.projetsweb.net\/en\/wp-json\/wp\/v2\/product_brand?post=21688"},{"taxonomy":"product_cat","embeddable":true,"href":"https:\/\/some-store.projetsweb.net\/en\/wp-json\/wp\/v2\/product_cat?post=21688"},{"taxonomy":"product_tag","embeddable":true,"href":"https:\/\/some-store.projetsweb.net\/en\/wp-json\/wp\/v2\/product_tag?post=21688"}],"curies":[{"name":"wp","href":"https:\/\/api.w.org\/{rel}","templated":true}]}}