{"id":21685,"date":"2026-03-17T15:00:41","date_gmt":"2026-03-17T15:00:41","guid":{"rendered":"https:\/\/some-store.projetsweb.net\/?post_type=product&#038;p=21685"},"modified":"2026-03-17T15:00:41","modified_gmt":"2026-03-17T15:00:41","slug":"guirlande-princesse","status":"publish","type":"product","link":"https:\/\/some-store.projetsweb.net\/en\/shop\/themes-occasions\/anniversaires\/par-themes\/princesse\/guirlande-princesse\/","title":{"rendered":"Guirlande princesse"},"content":{"rendered":"","protected":false},"excerpt":{"rendered":"<p>Cr\u00e9ez un d\u00e9cor de conte de f\u00e9es enchant\u00e9 avec cette majestueuse guirlande ! Avec ses princesses, son ch\u00e2teau, sa licorne et son carrosse, elle apportera une touche magique \u00e0 votre f\u00eate princesse. Elle fera \u00e9galement une magnifique d\u00e9coration de chambre pour que les enfants se sentent comme de vrais petits rois et reines toute l\u2019ann\u00e9e.<\/p>\n<ul data-start=\"70\" data-end=\"513\">\n<li data-section-id=\"1pxheop\" data-start=\"70\" data-end=\"105\">\n<p data-start=\"72\" data-end=\"105\">Guirlande compos\u00e9e de 2 parties<\/p>\n<\/li>\n<li data-section-id=\"3mt7wd\" data-start=\"106\" data-end=\"166\">\n<p data-start=\"108\" data-end=\"166\">Trois princesses avec d\u00e9tails en rubans organza et satin<\/p>\n<\/li>\n<li data-section-id=\"1v80bch\" data-start=\"167\" data-end=\"212\">\n<p data-start=\"169\" data-end=\"212\">Fleurs en papier cr\u00e9pon et papier de soie<\/p>\n<\/li>\n<li data-section-id=\"185d2qb\" data-start=\"213\" data-end=\"267\">\n<p data-start=\"215\" data-end=\"267\">Fils m\u00e9tallis\u00e9s dor\u00e9s sur les fleurs et la licorne<\/p>\n<\/li>\n<li data-section-id=\"138h4rn\" data-start=\"268\" data-end=\"313\">\n<p data-start=\"270\" data-end=\"313\">Queue de licorne en papier de soie ivoire<\/p>\n<\/li>\n<li data-section-id=\"1gvqeb0\" data-start=\"314\" data-end=\"359\">\n<p data-start=\"316\" data-end=\"359\">Lianes en papier effet lierre \u00e0 suspendre<\/p>\n<\/li>\n<li data-section-id=\"1dn5c9s\" data-start=\"360\" data-end=\"391\">\n<p data-start=\"362\" data-end=\"391\">Cordon rond en satin ivoire<\/p>\n<\/li>\n<li data-section-id=\"b0dfou\" data-start=\"392\" data-end=\"433\">\n<p data-start=\"394\" data-end=\"433\">Assemblage simple \u00e0 r\u00e9aliser soi-m\u00eame<\/p>\n<\/li>\n<li data-section-id=\"fonjar\" data-start=\"434\" data-end=\"471\">\n<p data-start=\"436\" data-end=\"471\">Longueur de la guirlande : 1,83 m<\/p>\n<\/li>\n<li data-section-id=\"u35002\" data-start=\"472\" data-end=\"513\">\n<p data-start=\"474\" data-end=\"513\">Longueur totale avec ficelle : 3,05 m<\/p>\n<\/li>\n<\/ul>\n<p data-start=\"515\" data-end=\"540\" data-is-last-node=\"\" data-is-only-node=\"\"><strong data-start=\"515\" data-end=\"533\">Code produit :<\/strong> 275081<\/p>","protected":false},"featured_media":21686,"comment_status":"open","ping_status":"closed","template":"","meta":[],"product_brand":[],"product_cat":[263,294],"product_tag":[],"class_list":{"0":"post-21685","1":"product","2":"type-product","3":"status-publish","4":"has-post-thumbnail","6":"product_cat-guirlandes-la-decoration","7":"product_cat-princesse","9":"first","10":"instock","11":"virtual","12":"purchasable","13":"product-type-simple"},"_links":{"self":[{"href":"https:\/\/some-store.projetsweb.net\/en\/wp-json\/wp\/v2\/product\/21685","targetHints":{"allow":["GET"]}}],"collection":[{"href":"https:\/\/some-store.projetsweb.net\/en\/wp-json\/wp\/v2\/product"}],"about":[{"href":"https:\/\/some-store.projetsweb.net\/en\/wp-json\/wp\/v2\/types\/product"}],"replies":[{"embeddable":true,"href":"https:\/\/some-store.projetsweb.net\/en\/wp-json\/wp\/v2\/comments?post=21685"}],"wp:featuredmedia":[{"embeddable":true,"href":"https:\/\/some-store.projetsweb.net\/en\/wp-json\/wp\/v2\/media\/21686"}],"wp:attachment":[{"href":"https:\/\/some-store.projetsweb.net\/en\/wp-json\/wp\/v2\/media?parent=21685"}],"wp:term":[{"taxonomy":"product_brand","embeddable":true,"href":"https:\/\/some-store.projetsweb.net\/en\/wp-json\/wp\/v2\/product_brand?post=21685"},{"taxonomy":"product_cat","embeddable":true,"href":"https:\/\/some-store.projetsweb.net\/en\/wp-json\/wp\/v2\/product_cat?post=21685"},{"taxonomy":"product_tag","embeddable":true,"href":"https:\/\/some-store.projetsweb.net\/en\/wp-json\/wp\/v2\/product_tag?post=21685"}],"curies":[{"name":"wp","href":"https:\/\/api.w.org\/{rel}","templated":true}]}}