{"id":21670,"date":"2026-03-17T14:43:17","date_gmt":"2026-03-17T14:43:17","guid":{"rendered":"https:\/\/some-store.projetsweb.net\/?post_type=product&#038;p=21670"},"modified":"2026-03-17T14:43:17","modified_gmt":"2026-03-17T14:43:17","slug":"serviettes-papillons-x16","status":"publish","type":"product","link":"https:\/\/some-store.projetsweb.net\/en\/shop\/themes-occasions\/anniversaires\/par-themes\/papillons\/serviettes-papillons-x16\/","title":{"rendered":"Serviettes papillons x16"},"content":{"rendered":"","protected":false},"excerpt":{"rendered":"<p>Ces magnifiques serviettes Floral Butterfly apporteront une touche \u00e9l\u00e9gante \u00e0 toutes vos f\u00eates. Parfaites pour une f\u00eate princesse ou f\u00e9erique!<\/p>\n<ul data-start=\"70\" data-end=\"242\">\n<li data-section-id=\"x2aqtq\" data-start=\"70\" data-end=\"125\">\n<p data-start=\"72\" data-end=\"125\">D\u00e9coupe sp\u00e9ciale (die-cut) pour une forme originale<\/p>\n<\/li>\n<li data-section-id=\"llpwh9\" data-start=\"126\" data-end=\"176\">\n<p data-start=\"128\" data-end=\"176\">Impression n\u00e9on et d\u00e9tails en dorure brillante<\/p>\n<\/li>\n<li data-section-id=\"goxf1t\" data-start=\"177\" data-end=\"201\">\n<p data-start=\"179\" data-end=\"201\">Lot de 16 serviettes<\/p>\n<\/li>\n<li data-section-id=\"1cmnnie\" data-start=\"202\" data-end=\"242\">\n<p data-start=\"204\" data-end=\"242\">Dimensions pli\u00e9es : 16,51 x 12,38 cm<\/p>\n<\/li>\n<\/ul>\n<p data-start=\"244\" data-end=\"269\" data-is-last-node=\"\" data-is-only-node=\"\"><strong data-start=\"244\" data-end=\"262\">Code produit :<\/strong> 206038<\/p>","protected":false},"featured_media":21671,"comment_status":"open","ping_status":"closed","template":"","meta":[],"product_brand":[],"product_cat":[293,256],"product_tag":[],"class_list":{"0":"post-21670","1":"product","2":"type-product","3":"status-publish","4":"has-post-thumbnail","6":"product_cat-papillons","7":"product_cat-serviettes","9":"first","10":"instock","11":"virtual","12":"purchasable","13":"product-type-simple"},"_links":{"self":[{"href":"https:\/\/some-store.projetsweb.net\/en\/wp-json\/wp\/v2\/product\/21670","targetHints":{"allow":["GET"]}}],"collection":[{"href":"https:\/\/some-store.projetsweb.net\/en\/wp-json\/wp\/v2\/product"}],"about":[{"href":"https:\/\/some-store.projetsweb.net\/en\/wp-json\/wp\/v2\/types\/product"}],"replies":[{"embeddable":true,"href":"https:\/\/some-store.projetsweb.net\/en\/wp-json\/wp\/v2\/comments?post=21670"}],"wp:featuredmedia":[{"embeddable":true,"href":"https:\/\/some-store.projetsweb.net\/en\/wp-json\/wp\/v2\/media\/21671"}],"wp:attachment":[{"href":"https:\/\/some-store.projetsweb.net\/en\/wp-json\/wp\/v2\/media?parent=21670"}],"wp:term":[{"taxonomy":"product_brand","embeddable":true,"href":"https:\/\/some-store.projetsweb.net\/en\/wp-json\/wp\/v2\/product_brand?post=21670"},{"taxonomy":"product_cat","embeddable":true,"href":"https:\/\/some-store.projetsweb.net\/en\/wp-json\/wp\/v2\/product_cat?post=21670"},{"taxonomy":"product_tag","embeddable":true,"href":"https:\/\/some-store.projetsweb.net\/en\/wp-json\/wp\/v2\/product_tag?post=21670"}],"curies":[{"name":"wp","href":"https:\/\/api.w.org\/{rel}","templated":true}]}}