{"id":21658,"date":"2026-03-17T14:32:22","date_gmt":"2026-03-17T14:32:22","guid":{"rendered":"https:\/\/some-store.projetsweb.net\/?post_type=product&#038;p=21658"},"modified":"2026-03-17T14:32:22","modified_gmt":"2026-03-17T14:32:22","slug":"carte-fees","status":"publish","type":"product","link":"https:\/\/some-store.projetsweb.net\/en\/shop\/themes-occasions\/anniversaires\/par-themes\/fees\/carte-fees\/","title":{"rendered":"Carte f\u00e9es"},"content":{"rendered":"","protected":false},"excerpt":{"rendered":"<p>Cette magnifique carte f\u00e9erique accord\u00e9on est id\u00e9ale pour d\u00e9corer vos tables d&rsquo;anniversaire. D\u00e9pliez-la pour r\u00e9v\u00e9ler une d\u00e9coration magique qui pourra \u00eatre conserv\u00e9e longtemps.<\/p>\n<ul data-start=\"70\" data-end=\"238\">\n<li data-section-id=\"1ihyrve\" data-start=\"70\" data-end=\"124\">\n<p data-start=\"72\" data-end=\"124\">D\u00e9tails avec fils iris\u00e9s pour un effet scintillant<\/p>\n<\/li>\n<li data-section-id=\"w3kukx\" data-start=\"125\" data-end=\"156\">\n<p data-start=\"127\" data-end=\"156\">D\u00e9tails en dorure brillante<\/p>\n<\/li>\n<li data-section-id=\"1934sgn\" data-start=\"157\" data-end=\"205\">\n<p data-start=\"159\" data-end=\"205\">Message : \u00ab Happy Birthday \u00bb (\u00e0 l\u2019int\u00e9rieur)<\/p>\n<\/li>\n<li data-section-id=\"p0fvva\" data-start=\"206\" data-end=\"238\">\n<p data-start=\"208\" data-end=\"238\">Dimensions : 71,12 x 12,7 cm<\/p>\n<\/li>\n<\/ul>\n<p data-start=\"240\" data-end=\"265\" data-is-last-node=\"\" data-is-only-node=\"\"><strong data-start=\"240\" data-end=\"258\">Code produit :<\/strong> 223317<\/p>","protected":false},"featured_media":21659,"comment_status":"open","ping_status":"closed","template":"","meta":[],"product_brand":[],"product_cat":[259,289],"product_tag":[],"class_list":{"0":"post-21658","1":"product","2":"type-product","3":"status-publish","4":"has-post-thumbnail","6":"product_cat-centres-de-table","7":"product_cat-fees","9":"first","10":"instock","11":"virtual","12":"purchasable","13":"product-type-simple"},"_links":{"self":[{"href":"https:\/\/some-store.projetsweb.net\/en\/wp-json\/wp\/v2\/product\/21658","targetHints":{"allow":["GET"]}}],"collection":[{"href":"https:\/\/some-store.projetsweb.net\/en\/wp-json\/wp\/v2\/product"}],"about":[{"href":"https:\/\/some-store.projetsweb.net\/en\/wp-json\/wp\/v2\/types\/product"}],"replies":[{"embeddable":true,"href":"https:\/\/some-store.projetsweb.net\/en\/wp-json\/wp\/v2\/comments?post=21658"}],"wp:featuredmedia":[{"embeddable":true,"href":"https:\/\/some-store.projetsweb.net\/en\/wp-json\/wp\/v2\/media\/21659"}],"wp:attachment":[{"href":"https:\/\/some-store.projetsweb.net\/en\/wp-json\/wp\/v2\/media?parent=21658"}],"wp:term":[{"taxonomy":"product_brand","embeddable":true,"href":"https:\/\/some-store.projetsweb.net\/en\/wp-json\/wp\/v2\/product_brand?post=21658"},{"taxonomy":"product_cat","embeddable":true,"href":"https:\/\/some-store.projetsweb.net\/en\/wp-json\/wp\/v2\/product_cat?post=21658"},{"taxonomy":"product_tag","embeddable":true,"href":"https:\/\/some-store.projetsweb.net\/en\/wp-json\/wp\/v2\/product_tag?post=21658"}],"curies":[{"name":"wp","href":"https:\/\/api.w.org\/{rel}","templated":true}]}}