{"id":21651,"date":"2026-03-17T14:25:41","date_gmt":"2026-03-17T14:25:41","guid":{"rendered":"https:\/\/some-store.projetsweb.net\/?post_type=product&#038;p=21651"},"modified":"2026-03-17T14:25:41","modified_gmt":"2026-03-17T14:25:41","slug":"toppers-fees-x7","status":"publish","type":"product","link":"https:\/\/some-store.projetsweb.net\/en\/shop\/themes-occasions\/anniversaires\/par-themes\/fees\/toppers-fees-x7\/","title":{"rendered":"Toppers f\u00e9es x7"},"content":{"rendered":"","protected":false},"excerpt":{"rendered":"<p>Transformez un g\u00e2teau de f\u00eate ou des cupcakes en v\u00e9ritable univers f\u00e9erique gr\u00e2ce \u00e0 ces magnifiques toppers ! Ce set comprend 7 toppers aux designs vari\u00e9s, avec des f\u00e9es, un champignon et des fleurs pour une d\u00e9coration magique.<\/p>\n<ul data-start=\"70\" data-end=\"346\">\n<li data-section-id=\"1v35zki\" data-start=\"70\" data-end=\"137\">\n<p data-start=\"72\" data-end=\"137\">Fleurs en papier de soie, f\u00e9es et champignon en papier cartonn\u00e9<\/p>\n<\/li>\n<li data-section-id=\"1grbgog\" data-start=\"138\" data-end=\"197\">\n<p data-start=\"140\" data-end=\"197\">Pics en bambou pour une insertion facile dans le g\u00e2teau<\/p>\n<\/li>\n<li data-section-id=\"3qhspu\" data-start=\"198\" data-end=\"254\">\n<p data-start=\"200\" data-end=\"254\">D\u00e9tails en dorure brillante pour une touche \u00e9l\u00e9gante<\/p>\n<\/li>\n<li data-section-id=\"rpaihn\" data-start=\"255\" data-end=\"298\">\n<p data-start=\"257\" data-end=\"298\">Lot de 7 toppers (7 designs diff\u00e9rents)<\/p>\n<\/li>\n<li data-section-id=\"1spssmt\" data-start=\"299\" data-end=\"346\">\n<p data-start=\"301\" data-end=\"346\">Dimensions du pack : 17,78 x 25,4 x 1,27 cm<\/p>\n<\/li>\n<\/ul>\n<p data-start=\"348\" data-end=\"373\" data-is-last-node=\"\" data-is-only-node=\"\"><strong data-start=\"348\" data-end=\"366\">Code produit :<\/strong> 215281<\/p>","protected":false},"featured_media":21652,"comment_status":"open","ping_status":"closed","template":"","meta":[],"product_brand":[],"product_cat":[289,267],"product_tag":[],"class_list":{"0":"post-21651","1":"product","2":"type-product","3":"status-publish","4":"has-post-thumbnail","6":"product_cat-fees","7":"product_cat-toppers","9":"first","10":"instock","11":"virtual","12":"purchasable","13":"product-type-simple"},"_links":{"self":[{"href":"https:\/\/some-store.projetsweb.net\/en\/wp-json\/wp\/v2\/product\/21651","targetHints":{"allow":["GET"]}}],"collection":[{"href":"https:\/\/some-store.projetsweb.net\/en\/wp-json\/wp\/v2\/product"}],"about":[{"href":"https:\/\/some-store.projetsweb.net\/en\/wp-json\/wp\/v2\/types\/product"}],"replies":[{"embeddable":true,"href":"https:\/\/some-store.projetsweb.net\/en\/wp-json\/wp\/v2\/comments?post=21651"}],"wp:featuredmedia":[{"embeddable":true,"href":"https:\/\/some-store.projetsweb.net\/en\/wp-json\/wp\/v2\/media\/21652"}],"wp:attachment":[{"href":"https:\/\/some-store.projetsweb.net\/en\/wp-json\/wp\/v2\/media?parent=21651"}],"wp:term":[{"taxonomy":"product_brand","embeddable":true,"href":"https:\/\/some-store.projetsweb.net\/en\/wp-json\/wp\/v2\/product_brand?post=21651"},{"taxonomy":"product_cat","embeddable":true,"href":"https:\/\/some-store.projetsweb.net\/en\/wp-json\/wp\/v2\/product_cat?post=21651"},{"taxonomy":"product_tag","embeddable":true,"href":"https:\/\/some-store.projetsweb.net\/en\/wp-json\/wp\/v2\/product_tag?post=21651"}],"curies":[{"name":"wp","href":"https:\/\/api.w.org\/{rel}","templated":true}]}}