{"id":21638,"date":"2026-03-17T14:13:52","date_gmt":"2026-03-17T14:13:52","guid":{"rendered":"https:\/\/some-store.projetsweb.net\/?post_type=product&#038;p=21638"},"modified":"2026-03-17T14:13:52","modified_gmt":"2026-03-17T14:13:52","slug":"gobelets-fees-x8","status":"publish","type":"product","link":"https:\/\/some-store.projetsweb.net\/en\/shop\/themes-occasions\/anniversaires\/par-themes\/fees\/gobelets-fees-x8\/","title":{"rendered":"Gobelets f\u00e9es x8"},"content":{"rendered":"","protected":false},"excerpt":{"rendered":"<p>Rendez votre f\u00eate f\u00e9erique encore plus sp\u00e9ciale avec ces gobelets parfaits pour servir de d\u00e9licieuses boissons ! Ils sont d\u00e9cor\u00e9s de magnifiques illustrations de f\u00e9es et de fleurs, avec des \u00e9toiles scintillantes en dorure et une \u00e9l\u00e9gante bordure dor\u00e9e.<\/p>\n<ul data-start=\"70\" data-end=\"328\">\n<li data-section-id=\"1vhvd2v\" data-start=\"70\" data-end=\"165\">\n<p data-start=\"72\" data-end=\"165\">Gobelets \u00e0 la fois pratiques et \u00e9l\u00e9gants, avec de jolies illustrations de f\u00e9es et de fleurs<\/p>\n<\/li>\n<li data-section-id=\"17hg1mr\" data-start=\"166\" data-end=\"213\">\n<p data-start=\"168\" data-end=\"213\">Id\u00e9als pour une f\u00eate th\u00e8me f\u00e9e ou princesse<\/p>\n<\/li>\n<li data-section-id=\"qu8bbf\" data-start=\"214\" data-end=\"282\">\n<p data-start=\"216\" data-end=\"282\">D\u00e9tails scintillants avec \u00e9toiles et bordure en dorure brillante<\/p>\n<\/li>\n<li data-section-id=\"e9p3bb\" data-start=\"283\" data-end=\"304\">\n<p data-start=\"285\" data-end=\"304\">Lot de 8 gobelets<\/p>\n<\/li>\n<li data-section-id=\"ry7sk5\" data-start=\"305\" data-end=\"328\">\n<p data-start=\"307\" data-end=\"328\">Contenance : 266 ml<\/p>\n<\/li>\n<\/ul>\n<p data-start=\"330\" data-end=\"355\" data-is-last-node=\"\" data-is-only-node=\"\"><strong data-start=\"330\" data-end=\"348\">Code produit :<\/strong> 210610<\/p>","protected":false},"featured_media":21639,"comment_status":"open","ping_status":"closed","template":"","meta":[],"product_brand":[],"product_cat":[289,252],"product_tag":[],"class_list":{"0":"post-21638","1":"product","2":"type-product","3":"status-publish","4":"has-post-thumbnail","6":"product_cat-fees","7":"product_cat-gobelets","9":"first","10":"instock","11":"virtual","12":"purchasable","13":"product-type-simple"},"_links":{"self":[{"href":"https:\/\/some-store.projetsweb.net\/en\/wp-json\/wp\/v2\/product\/21638","targetHints":{"allow":["GET"]}}],"collection":[{"href":"https:\/\/some-store.projetsweb.net\/en\/wp-json\/wp\/v2\/product"}],"about":[{"href":"https:\/\/some-store.projetsweb.net\/en\/wp-json\/wp\/v2\/types\/product"}],"replies":[{"embeddable":true,"href":"https:\/\/some-store.projetsweb.net\/en\/wp-json\/wp\/v2\/comments?post=21638"}],"wp:featuredmedia":[{"embeddable":true,"href":"https:\/\/some-store.projetsweb.net\/en\/wp-json\/wp\/v2\/media\/21639"}],"wp:attachment":[{"href":"https:\/\/some-store.projetsweb.net\/en\/wp-json\/wp\/v2\/media?parent=21638"}],"wp:term":[{"taxonomy":"product_brand","embeddable":true,"href":"https:\/\/some-store.projetsweb.net\/en\/wp-json\/wp\/v2\/product_brand?post=21638"},{"taxonomy":"product_cat","embeddable":true,"href":"https:\/\/some-store.projetsweb.net\/en\/wp-json\/wp\/v2\/product_cat?post=21638"},{"taxonomy":"product_tag","embeddable":true,"href":"https:\/\/some-store.projetsweb.net\/en\/wp-json\/wp\/v2\/product_tag?post=21638"}],"curies":[{"name":"wp","href":"https:\/\/api.w.org\/{rel}","templated":true}]}}